{"id":7372,"date":"2024-06-18T15:06:15","date_gmt":"2024-06-18T13:06:15","guid":{"rendered":"https:\/\/intercommerce.si\/izdelek\/kartontuellen\/"},"modified":"2024-06-18T15:06:15","modified_gmt":"2024-06-18T13:06:15","slug":"kartontuellen","status":"publish","type":"product","link":"https:\/\/intercommerce.si\/de\/produkt\/kartontuellen\/","title":{"rendered":"Kartont\u00fcllen"},"content":{"rendered":"<p><strong>Eigenschaften von Kartonr\u00f6hren (T\u00fcllen)<\/strong><\/p>\n<ul>\n<li><strong>Anpassbarkeit:<\/strong> Sonderanfertigung hinsichtlich L\u00e4nge, Durchmesser und Wandst\u00e4rke sowie mechanischer und anderer Eigenschaften.<\/li>\n<li><strong>Material:<\/strong> \u00dcblicherweise aus Graukarton gefertigt.<\/li>\n<li><strong>Sonderausf\u00fchrungen:<\/strong> F\u00fcr spezielle technische oder visuelle Anforderungen werden Kraftpapier oder andere spezielle Papier- und Foliensorten verwendet.<\/li>\n<li><strong>Farbanpassung:<\/strong> Standardm\u00e4\u00dfig braun, mit der M\u00f6glichkeit einer wei\u00dfen Au\u00dfenschicht, die mit einem Logo bedruckt werden kann.<\/li>\n<\/ul>\n","protected":false},"excerpt":{"rendered":"Kartonr\u00f6hren (T\u00fcllen) werden an die Anforderungen der Benutzer angepasst, sowohl hinsichtlich L\u00e4nge, Durchmesser und Wandst\u00e4rke als auch hinsichtlich mechanischer und anderer Eigenschaften. Sie werden \u00fcblicherweise aus Graukarton hergestellt, f\u00fcr Produkte mit speziellen technischen oder visuellen Anforderungen werden jedoch auch Kraftpapier oder andere spezielle Papier- und Foliensorten verwendet. Sie sind braun, auf Wunsch kann die Au\u00dfenschicht aber auch wei\u00df und mit einem Logo bedruckt sein.  ","protected":false},"featured_media":5002,"template":"","meta":{"_acf_changed":false,"inline_featured_image":false},"product_cat":[1813,1823,1841,1916,1940,1836,1842],"product_tag":[],"class_list":{"0":"post-7372","1":"product","2":"type-product","3":"status-publish","4":"has-post-thumbnail","6":"product_cat-artikel","7":"product_cat-verpackungsmaterialien","8":"product_cat-papier-und-kartonprodukte","9":"product_cat-kartonwinkel-und-hulsen","10":"product_cat-kartontuellen","11":"product_cat-nachhaltige-verpackung","12":"product_cat-papier-und-kartonprodukte-de","14":"first","15":"instock","16":"product-type-simple"},"acf":[],"gallery_images":[],"_links":{"self":[{"href":"https:\/\/intercommerce.si\/de\/wp-json\/wp\/v2\/product\/7372","targetHints":{"allow":["GET"]}}],"collection":[{"href":"https:\/\/intercommerce.si\/de\/wp-json\/wp\/v2\/product"}],"about":[{"href":"https:\/\/intercommerce.si\/de\/wp-json\/wp\/v2\/types\/product"}],"wp:featuredmedia":[{"embeddable":true,"href":"https:\/\/intercommerce.si\/de\/wp-json\/wp\/v2\/media\/5002"}],"wp:attachment":[{"href":"https:\/\/intercommerce.si\/de\/wp-json\/wp\/v2\/media?parent=7372"}],"wp:term":[{"taxonomy":"product_cat","embeddable":true,"href":"https:\/\/intercommerce.si\/de\/wp-json\/wp\/v2\/product_cat?post=7372"},{"taxonomy":"product_tag","embeddable":true,"href":"https:\/\/intercommerce.si\/de\/wp-json\/wp\/v2\/product_tag?post=7372"}],"curies":[{"name":"wp","href":"https:\/\/api.w.org\/{rel}","templated":true}]}}