{"id":7369,"date":"2024-06-18T15:05:55","date_gmt":"2024-06-18T13:05:55","guid":{"rendered":"https:\/\/intercommerce.si\/izdelek\/tesa-4965-original-doppelseitiges-hochtransparentes-pet-folienband\/"},"modified":"2024-06-18T15:05:55","modified_gmt":"2024-06-18T13:05:55","slug":"tesa-4965-original-doppelseitiges-hochtransparentes-pet-folienband","status":"publish","type":"product","link":"https:\/\/intercommerce.si\/de\/produkt\/tesa-4965-original-doppelseitiges-hochtransparentes-pet-folienband\/","title":{"rendered":"tesa\u00ae 4965 Original \u2013 doppelseitiges hochtransparentes PET-Folienband"},"content":{"rendered":"<p>Eigenschaften des tesa\u00ae 4965 Original Klebebands:<\/p>\n<p>Das doppelseitige hochtransparente PET-Folienband tesa\u00ae 4965 Original wird in verschiedenen Branchen eingesetzt, darunter: die Montage von ABS-Kunststoffteilen f\u00fcr die Automobilindustrie, die selbstklebende Montage von Gummiprofilen bzw. EPDM-Profilen, f\u00fcr die dekorative Gestaltung und Montage von Profilen in der M\u00f6belindustrie sowie die Verwendung als Befestigung f\u00fcr Batterien, Linsen und Touchscreens in elektronischen Ger\u00e4ten. <\/p>\n","protected":false},"excerpt":{"rendered":"TESA \u00ae 4965 Original Next Gen ist ein transparentes, doppelseitiges industrielles Montageband. Dieses innovative Klebeband wird dank der Verwendung von biomassebilanzierten Acrylmonomeren und 90 % PCR-PET auf seiner Basis jetzt mit 40 % weniger CO\u2082-Emissionen hergestellt.\nEs basiert auf der patentierten und gesch\u00fctzten tesa\u00ae 4965 Technologie, und seine einzigartige Leistungsf\u00e4higkeit zeigt sich in herausragenden Eigenschaften wie Vielseitigkeit, Langlebigkeit und Sicherheit. Das doppelseitige industrielle Montageband ist in der Lage, zahlreichen Umwelteinfl\u00fcssen wie Feuchtigkeit, UV-Licht und Temperaturen von bis zu 200 \u00b0C f\u00fcr begrenzte Zeitr\u00e4ume standzuhalten. Der biomassebilanzierte haftende Acrylklebstoff bietet eine hervorragende Haftung auf verschiedenen Oberfl\u00e4chen, eine hohe Klebkraft und eine gute Scherfestigkeit.   ","protected":false},"featured_media":1892,"template":"","meta":{"_acf_changed":false,"inline_featured_image":false},"product_cat":[1813,1823,1846,1847,1848,1836,1858,1821,1822],"product_tag":[],"class_list":{"0":"post-7369","1":"product","2":"type-product","3":"status-publish","4":"has-post-thumbnail","6":"product_cat-artikel","7":"product_cat-verpackungsmaterialien","8":"product_cat-klebebander","9":"product_cat-tesa-de","10":"product_cat-tesa-klebebander","11":"product_cat-nachhaltige-verpackung","12":"product_cat-nachhaltige-klebebander","13":"product_cat-nachhaltige-klebebander-von-tesa","14":"product_cat-montagebander","15":"pa_aplikacija-handbuch","16":"pa_barva-transparent-futterfarbe-rot","17":"pa_navitje-na-roli-m-50-de","18":"pa_nosilec-pet-polyethylen-90-recycelt-des-substrats","19":"pa_sirina-mm-6-de","20":"pa_sirina-mm-9-de","21":"pa_sirina-mm-12-de","22":"pa_sirina-mm-15-de","23":"pa_sirina-mm-19-de","24":"pa_sirina-mm-25-de","25":"pa_sirina-mm-50-de","26":"pa_st-izdelkov-v-skatli-144-de","27":"pa_st-izdelkov-v-skatli-196-de","28":"pa_st-izdelkov-v-skatli-36-de","29":"pa_st-izdelkov-v-skatli-72-de","30":"pa_st-izdelkov-v-skatli-96-de","31":"pa_vrsta-lepila-acryl","33":"first","34":"instock","35":"product-type-simple"},"acf":[],"gallery_images":[1893,1894],"_links":{"self":[{"href":"https:\/\/intercommerce.si\/de\/wp-json\/wp\/v2\/product\/7369","targetHints":{"allow":["GET"]}}],"collection":[{"href":"https:\/\/intercommerce.si\/de\/wp-json\/wp\/v2\/product"}],"about":[{"href":"https:\/\/intercommerce.si\/de\/wp-json\/wp\/v2\/types\/product"}],"wp:featuredmedia":[{"embeddable":true,"href":"https:\/\/intercommerce.si\/de\/wp-json\/wp\/v2\/media\/1892"}],"wp:attachment":[{"href":"https:\/\/intercommerce.si\/de\/wp-json\/wp\/v2\/media?parent=7369"}],"wp:term":[{"taxonomy":"product_cat","embeddable":true,"href":"https:\/\/intercommerce.si\/de\/wp-json\/wp\/v2\/product_cat?post=7369"},{"taxonomy":"product_tag","embeddable":true,"href":"https:\/\/intercommerce.si\/de\/wp-json\/wp\/v2\/product_tag?post=7369"}],"curies":[{"name":"wp","href":"https:\/\/api.w.org\/{rel}","templated":true}]}}