{"id":7367,"date":"2024-06-18T15:05:55","date_gmt":"2024-06-18T13:05:55","guid":{"rendered":"https:\/\/intercommerce.si\/izdelek\/tesa-60400-verpackungsband-auf-biologischer-basis\/"},"modified":"2024-06-18T15:05:55","modified_gmt":"2024-06-18T13:05:55","slug":"tesa-60400-verpackungsband-auf-biologischer-basis","status":"publish","type":"product","link":"https:\/\/intercommerce.si\/de\/produkt\/tesa-60400-verpackungsband-auf-biologischer-basis\/","title":{"rendered":"tesa\u00ae 60400 \u2013 Verpackungsband auf biologischer Basis"},"content":{"rendered":"<p>Eigenschaften des tesa\u00ae 60400 Klebebands:<\/p>\n<ul>\n<li>L\u00f6sungsmittelfreier Produktionsprozess<\/li>\n<li>starke Haftung<\/li>\n<li>Hergestellt mit einem Bio-Kohlenstoffgehalt von 98 % und einem entsprechend reduzierten CO2-Fu\u00dfabdruck.<\/li>\n<\/ul>\n","protected":false},"excerpt":{"rendered":"tesa\u00ae 60400 ist ein Verpackungsband auf biologischer Basis, das sich f\u00fcr das Verpacken von mittelschweren G\u00fctern (15\u201330 kg) eignet.\nDas f\u00fcr dieses Band ausgew\u00e4hlte Tr\u00e4germaterial ist Polymilchs\u00e4ure, auch bekannt als PLA. PLA wird zu 100 % aus nachwachsenden Rohstoffen wie Maisst\u00e4rke, Tapiokawurzeln und Zuckerrohr hergestellt. Das f\u00fcr dieses Band verwendete Klebesystem ist Naturkautschuk mit Naturharz. Dank der intelligenten Rohstoffauswahl und des au\u00dfergew\u00f6hnlichen Designs wird tesa\u00ae 60400 mit einem Bio-Kohlenstoffgehalt von 98 % und einem entsprechend reduzierten CO2-Fu\u00dfabdruck hergestellt.   ","protected":false},"featured_media":1903,"template":"","meta":{"_acf_changed":false,"inline_featured_image":false},"product_cat":[1813,1823,1846,1847,1848,1836,1858,1859],"product_tag":[],"class_list":{"0":"post-7367","1":"product","2":"type-product","3":"status-publish","4":"has-post-thumbnail","6":"product_cat-artikel","7":"product_cat-verpackungsmaterialien","8":"product_cat-klebebander","9":"product_cat-tesa-de","10":"product_cat-tesa-klebebander","11":"product_cat-nachhaltige-verpackung","12":"product_cat-nachhaltige-klebebander","13":"product_cat-verpackungsklebebander","14":"pa_aplikacija-handbuch","15":"pa_barva-braun","16":"pa_navitje-na-roli-m-66-de","17":"pa_nosilec-pla-umweltfreundlicher-kunststoff","18":"pa_sirina-mm-50-de","19":"pa_st-izdelkov-v-skatli-36-de","20":"pa_vrsta-lepila-synthetischer-kautschuk","22":"first","23":"instock","24":"product-type-simple"},"acf":[],"gallery_images":[1904,1905],"_links":{"self":[{"href":"https:\/\/intercommerce.si\/de\/wp-json\/wp\/v2\/product\/7367","targetHints":{"allow":["GET"]}}],"collection":[{"href":"https:\/\/intercommerce.si\/de\/wp-json\/wp\/v2\/product"}],"about":[{"href":"https:\/\/intercommerce.si\/de\/wp-json\/wp\/v2\/types\/product"}],"wp:featuredmedia":[{"embeddable":true,"href":"https:\/\/intercommerce.si\/de\/wp-json\/wp\/v2\/media\/1903"}],"wp:attachment":[{"href":"https:\/\/intercommerce.si\/de\/wp-json\/wp\/v2\/media?parent=7367"}],"wp:term":[{"taxonomy":"product_cat","embeddable":true,"href":"https:\/\/intercommerce.si\/de\/wp-json\/wp\/v2\/product_cat?post=7367"},{"taxonomy":"product_tag","embeddable":true,"href":"https:\/\/intercommerce.si\/de\/wp-json\/wp\/v2\/product_tag?post=7367"}],"curies":[{"name":"wp","href":"https:\/\/api.w.org\/{rel}","templated":true}]}}