{"id":7365,"date":"2024-06-18T15:06:00","date_gmt":"2024-06-18T13:06:00","guid":{"rendered":"https:\/\/intercommerce.si\/izdelek\/tesa-6056-automatischer-abroller-fuer-klebeband\/"},"modified":"2024-06-18T15:06:00","modified_gmt":"2024-06-18T13:06:00","slug":"tesa-6056-automatischer-abroller-fuer-klebeband","status":"publish","type":"product","link":"https:\/\/intercommerce.si\/de\/produkt\/tesa-6056-automatischer-abroller-fuer-klebeband\/","title":{"rendered":"tesa\u00ae 6056 \u2013 Automatischer Abroller f\u00fcr Klebeband"},"content":{"rendered":"<p>Eigenschaften des automatischen Klebebandabrollers tesa\u00ae 6056:<\/p>\n<ul>\n<li>schneidet problemlos auch schwer zu schneidende Materialien,<\/li>\n<li>garantiert einen glatten und sauberen Schnitt.<\/li>\n<\/ul>\n","protected":false},"excerpt":{"rendered":"Tisch-Automatikabroller tesa\u00ae 6056 mit Steuerung der voreingestellten L\u00e4nge und elektromagnetischem Quermesser.\nErm\u00f6glicht den vielseitigen Einsatz f\u00fcr nahezu alle Arten von Selbstklebeb\u00e4ndern bis zu einer Breite von 50 mm, insbesondere Papier- und Textilb\u00e4nder.","protected":false},"featured_media":4852,"template":"","meta":{"_acf_changed":false,"inline_featured_image":false},"product_cat":[1813,1823,1846,1847,1883,1884],"product_tag":[],"class_list":{"0":"post-7365","1":"product","2":"type-product","3":"status-publish","4":"has-post-thumbnail","6":"product_cat-artikel","7":"product_cat-verpackungsmaterialien","8":"product_cat-klebebander","9":"product_cat-tesa-de","10":"product_cat-klebebandabroller","11":"product_cat-klebebandabroller-de","12":"pa_aplikacija-handbuch","14":"first","15":"instock","16":"product-type-simple"},"acf":[],"gallery_images":[],"_links":{"self":[{"href":"https:\/\/intercommerce.si\/de\/wp-json\/wp\/v2\/product\/7365","targetHints":{"allow":["GET"]}}],"collection":[{"href":"https:\/\/intercommerce.si\/de\/wp-json\/wp\/v2\/product"}],"about":[{"href":"https:\/\/intercommerce.si\/de\/wp-json\/wp\/v2\/types\/product"}],"wp:featuredmedia":[{"embeddable":true,"href":"https:\/\/intercommerce.si\/de\/wp-json\/wp\/v2\/media\/4852"}],"wp:attachment":[{"href":"https:\/\/intercommerce.si\/de\/wp-json\/wp\/v2\/media?parent=7365"}],"wp:term":[{"taxonomy":"product_cat","embeddable":true,"href":"https:\/\/intercommerce.si\/de\/wp-json\/wp\/v2\/product_cat?post=7365"},{"taxonomy":"product_tag","embeddable":true,"href":"https:\/\/intercommerce.si\/de\/wp-json\/wp\/v2\/product_tag?post=7365"}],"curies":[{"name":"wp","href":"https:\/\/api.w.org\/{rel}","templated":true}]}}