{"id":7364,"date":"2024-06-18T15:06:00","date_gmt":"2024-06-18T13:06:00","guid":{"rendered":"https:\/\/intercommerce.si\/izdelek\/verbindungsbaender-aus-metall-bzw-stahl\/"},"modified":"2024-06-18T15:06:00","modified_gmt":"2024-06-18T13:06:00","slug":"verbindungsbaender-aus-metall-bzw-stahl","status":"publish","type":"product","link":"https:\/\/intercommerce.si\/de\/produkt\/verbindungsbaender-aus-metall-bzw-stahl\/","title":{"rendered":"Verbindungsb\u00e4nder aus Metall bzw. Stahl"},"content":{"rendered":"<p><strong>Eigenschaften von Metallverbindungsb\u00e4ndern<\/strong><\/p>\n<ul>\n<li><strong>Geflutet und gesch\u00fctzt<\/strong>: Metallb\u00e4nder sind geflutet und k\u00f6nnen schwarz oder verzinkt pulverbeschichtet sein, was einen hervorragenden Korrosionsschutz gew\u00e4hrleistet und ihre Haltbarkeit erh\u00f6ht.<\/li>\n<li><strong>Einfache Wicklung<\/strong>: Bei der einfachen Wicklung entspricht die Breite der Spule der Breite des Bandes, der Innendurchmesser betr\u00e4gt 300 mm und der Au\u00dfendurchmesser 600 mm.<\/li>\n<li><strong>Kreuzwicklung<\/strong>: Bei der Kreuzwicklung betr\u00e4gt die Breite der Spule 63,5 mm, der Innendurchmesser 406 mm und der Au\u00dfendurchmesser 600 mm.<\/li>\n<li><strong>M\u00f6glichkeit zum Verbinden schwerer Gegenst\u00e4nde<\/strong>: Metallb\u00e4nder sind ideal zum Verbinden schwerer Gegenst\u00e4nde wie Metallprodukte, Betonprodukte und Materialien in der Holzindustrie.<\/li>\n<li><strong>Hohe Rei\u00dffestigkeit<\/strong>: Die B\u00e4nder bieten eine au\u00dfergew\u00f6hnliche Rei\u00dffestigkeit, die ein sicheres und zuverl\u00e4ssiges Verbinden schwerer und belasteter Gegenst\u00e4nde erm\u00f6glicht.<\/li>\n<li><strong>Verschiedene Breiten<\/strong>: Metallverbindungsb\u00e4nder sind in verschiedenen Breiten erh\u00e4ltlich, was eine Anpassung an die Bed\u00fcrfnisse des Benutzers und die Aufgabe erm\u00f6glicht.<\/li>\n<\/ul>\n","protected":false},"excerpt":{"rendered":"Speziell behandelte Verbindungsb\u00e4nder sind mit hervorragenden physikalischen und geometrischen Eigenschaften ausgestattet, die durch die W\u00e4rmebehandlung gew\u00e4hrleistet werden. Eine zus\u00e4tzliche d\u00fcnne Schicht aus blauem Oxid und hei\u00dfem Wachs sch\u00fctzt die B\u00e4nder vor Rost und reduziert die Reibung zwischen zwei B\u00e4ndern. \n\nDiese B\u00e4nder zeichnen sich durch Sicherheit aus, da sie keine scharfen Kanten haben, was das Verletzungsrisiko bei der Arbeit reduziert. Aufgrund der hohen Verarbeitung und der speziellen Oberfl\u00e4chenbehandlung sind sie best\u00e4ndig gegen Druck, der bis zu 5 Tonnen\/cm\u00b2 erreichen kann, was ein Verrutschen oder Rei\u00dfen der Transportrolle verhindert. Dies erm\u00f6glicht das Spannen des Bandes mit bis zu 30 % mehr Kraft, was die Effizienz und Sicherheit bei der Anwendung erh\u00f6ht.  \n\nDar\u00fcber hinaus haben diese B\u00e4nder eine h\u00f6here Zugfestigkeit bei geringerer Dicke und Breite im Vergleich zu normalen Stahlb\u00e4ndern, was eine Optimierung f\u00fcr schwierigere Aufgaben beim Transport und der Verpackung erm\u00f6glicht.","protected":false},"featured_media":1927,"template":"","meta":{"_acf_changed":false,"inline_featured_image":false},"product_cat":[1813,1823,1831,1939,1836,1934],"product_tag":[],"class_list":{"0":"post-7364","1":"product","2":"type-product","3":"status-publish","4":"has-post-thumbnail","6":"product_cat-artikel","7":"product_cat-verpackungsmaterialien","8":"product_cat-umreifungsbander","9":"product_cat-verbindungsbander-aus-metall-bzw-stahl","10":"product_cat-nachhaltige-verpackung","11":"product_cat-nachhaltige-umreifungsbander","12":"pa_aplikacija-handbuch","13":"pa_aplikacija-hardware","14":"pa_debelina-mm-5-de","15":"pa_debelina-mm-6-de","16":"pa_debelina-mm-8-de","17":"pa_debelina-mm-auf-bestellung","18":"pa_navitje-einzeln","19":"pa_navitje-querverweis","20":"pa_sirina-mm-16-de","21":"pa_sirina-mm-19-de","22":"pa_sirina-mm-32-de","23":"pa_specificne-lastnosti-geflutet","24":"pa_specificne-lastnosti-schwarz-lackiert","25":"pa_teza-kg-252-de","26":"pa_teza-kg-40-de","27":"pa_teza-kg-42-de","29":"first","30":"instock","31":"product-type-simple"},"acf":[],"gallery_images":[1928,1929],"_links":{"self":[{"href":"https:\/\/intercommerce.si\/de\/wp-json\/wp\/v2\/product\/7364","targetHints":{"allow":["GET"]}}],"collection":[{"href":"https:\/\/intercommerce.si\/de\/wp-json\/wp\/v2\/product"}],"about":[{"href":"https:\/\/intercommerce.si\/de\/wp-json\/wp\/v2\/types\/product"}],"wp:featuredmedia":[{"embeddable":true,"href":"https:\/\/intercommerce.si\/de\/wp-json\/wp\/v2\/media\/1927"}],"wp:attachment":[{"href":"https:\/\/intercommerce.si\/de\/wp-json\/wp\/v2\/media?parent=7364"}],"wp:term":[{"taxonomy":"product_cat","embeddable":true,"href":"https:\/\/intercommerce.si\/de\/wp-json\/wp\/v2\/product_cat?post=7364"},{"taxonomy":"product_tag","embeddable":true,"href":"https:\/\/intercommerce.si\/de\/wp-json\/wp\/v2\/product_tag?post=7364"}],"curies":[{"name":"wp","href":"https:\/\/api.w.org\/{rel}","templated":true}]}}