{"id":7363,"date":"2024-06-18T15:06:29","date_gmt":"2024-06-18T13:06:29","guid":{"rendered":"https:\/\/intercommerce.si\/izdelek\/vakuummaschinen-der-fp-serie\/"},"modified":"2024-06-18T15:06:29","modified_gmt":"2024-06-18T13:06:29","slug":"vakuummaschinen-der-fp-serie","status":"publish","type":"product","link":"https:\/\/intercommerce.si\/de\/produkt\/vakuummaschinen-der-fp-serie\/","title":{"rendered":"Vakuummaschinen der FP-Serie"},"content":{"rendered":"<p>Eigenschaften des St\u00e4nders:<br \/>\n\u2022 Kontinuierlicher Schwei\u00dfzyklus<br \/>\n\u2022 Vorrichtung zum Abziehen der Packung<br \/>\n\u2022 Vorrichtung zum Aufwickeln von Abfallfolie als Standardausstattung<br \/>\n\u2022 Schwei\u00dfmesser mit PTFE-Beschichtung<br \/>\n\u2022 Geschlossene K\u00fchlmittelk\u00fchlung der Schwei\u00dfbalken<br \/>\n\u2022 Sichtpr\u00fcfung der Fl\u00fcssigkeit im K\u00fchlsystem<br \/>\n\u2022 Arbeitsh\u00f6he von Schwei\u00dfer und Tunnel, einstellbar mit Hilfe eines externen Griffs<br \/>\n\u2022 Bewegliche Platte zur Produkthaltung, die von der Filmrollenhalterung getrennt ist, was eine bessere Anpassung des Films an die Packungsgr\u00f6\u00dfe erm\u00f6glicht<br \/>\n\u2022 Not-Aus-Taste<br \/>\n\u2022 Automatische Packungsausgabe mit Hilfe eines motorisierten F\u00f6rderers<br \/>\n\u2022 Flextron\u00ae-Steuerungssystem, ausgestattet mit:<br \/>\n\u2013 Alphanumerische LCD-Bedienfeld, ausgestattet mit einer 16-Bit-Mikroprozessorkarte und Solid-State-Relais<br \/>\n\u2013 Modulares Netzteil, getrennt vom Bedienfeld und gekennzeichnet durch:<br \/>\n\u2013 langlebigere Solid-State-Relais, die die Wartung erleichtern<br \/>\n\u2013 Im Falle eines Ausfalls die M\u00f6glichkeit, nur das besch\u00e4digte Modul auszutauschen, ohne Datenverlust, die im Speicher gespeichert sind<br \/>\n\u2013 Dieses System erm\u00f6glicht eine einfache und pr\u00e4zise Steuerung aller Maschinenoperationen, wie z. B.:<br \/>\n\u2013 Maschinenzustand<br \/>\n\u2013 Anzahl der mit Hilfe eines elektronischen Packungsz\u00e4hlers produzierten Packungen<br \/>\n\u2013 Produktion in Echtzeit<br \/>\n\u2013 Einstellung der Schwei\u00dftemperatur<br \/>\n\u2013 Geschwindigkeit der Packungsausgabe<br \/>\n\u2013 automatisches \u00d6ffnen und Wiederverschlie\u00dfen des Deckels, motorisiert und mit Inverter gesteuert<br \/>\n\u2013 Verz\u00f6gerung beim \u00d6ffnen des Schwei\u00dfarms<br \/>\n\u2013 Sicherheitsvorrichtung f\u00fcr den Schwei\u00dfarm<br \/>\n\u2013 M\u00f6glichkeit, bis zu 10 verschiedene Arbeitszyklen zu planen, was die Produktivit\u00e4t erh\u00f6ht und die Bedienung vereinfacht<br \/>\n\u2013 Fehlerbehebung<br \/>\n\u2013 Reduzierter Energieverbrauch<br \/>\n\u2013 CE-Konformit\u00e4t<\/p>\n","protected":false},"excerpt":{"rendered":"Die halbautomatische und automatische Verpackung \u00bbFull Electric\u00ab mit L-Schwei\u00dfsystem der FP-Serie zeichnet sich durch ein ausgezeichnetes Verh\u00e4ltnis zwischen Qualit\u00e4t und Preis sowie durch Modularit\u00e4t aus. Alle Modelle dieser Baureihe k\u00f6nnen mit oder ohne Thermotunnel geliefert werden.\nDie Inox-Version dieser Maschinen ist ideal f\u00fcr die Bed\u00fcrfnisse der Lebensmittelindustrie. Sie verf\u00fcgt \u00fcber einen Rahmen aus Edelstahl (AISI 304) und ist mit einem F\u00f6rderband ausgestattet, das den FDA-, EU- und USDA-Vorschriften f\u00fcr den Kontakt mit Lebensmitteln entspricht.\nIm Vergleich zu herk\u00f6mmlichen L-Schwei\u00dfsystemen bietet die FP-Serie h\u00f6here Leistungen. Neben der Verwendung herk\u00f6mmlicher Schrumpffolien erm\u00f6glicht sie die Verwendung von Polyethylenfolie und umfasst verschiedene Modelle mit einer Kapazit\u00e4t von bis zu 3600 Packungen\/Stunde.   ","protected":false},"featured_media":6760,"template":"","meta":{"_acf_changed":false,"inline_featured_image":false},"product_cat":[1813,1818,1829,1871],"product_tag":[],"class_list":{"0":"post-7363","1":"product","2":"type-product","3":"status-publish","4":"has-post-thumbnail","6":"product_cat-artikel","7":"product_cat-verpackungsmaschinen-und-gerate","8":"product_cat-maschinen","9":"product_cat-maschinen-fur-die-vakuumverpackung","11":"first","12":"instock","13":"product-type-simple"},"acf":[],"gallery_images":[],"_links":{"self":[{"href":"https:\/\/intercommerce.si\/de\/wp-json\/wp\/v2\/product\/7363","targetHints":{"allow":["GET"]}}],"collection":[{"href":"https:\/\/intercommerce.si\/de\/wp-json\/wp\/v2\/product"}],"about":[{"href":"https:\/\/intercommerce.si\/de\/wp-json\/wp\/v2\/types\/product"}],"wp:featuredmedia":[{"embeddable":true,"href":"https:\/\/intercommerce.si\/de\/wp-json\/wp\/v2\/media\/6760"}],"wp:attachment":[{"href":"https:\/\/intercommerce.si\/de\/wp-json\/wp\/v2\/media?parent=7363"}],"wp:term":[{"taxonomy":"product_cat","embeddable":true,"href":"https:\/\/intercommerce.si\/de\/wp-json\/wp\/v2\/product_cat?post=7363"},{"taxonomy":"product_tag","embeddable":true,"href":"https:\/\/intercommerce.si\/de\/wp-json\/wp\/v2\/product_tag?post=7363"}],"curies":[{"name":"wp","href":"https:\/\/api.w.org\/{rel}","templated":true}]}}