{"id":7362,"date":"2024-06-18T15:06:05","date_gmt":"2024-06-18T13:06:05","guid":{"rendered":"https:\/\/intercommerce.si\/izdelek\/sicherheitsmesser-klever-koncept\/"},"modified":"2024-06-18T15:06:05","modified_gmt":"2024-06-18T13:06:05","slug":"sicherheitsmesser-klever-koncept","status":"publish","type":"product","link":"https:\/\/intercommerce.si\/de\/produkt\/sicherheitsmesser-klever-koncept\/","title":{"rendered":"Sicherheitsmesser \u2013 Klever\u00ae Koncept"},"content":{"rendered":"<p><strong>Eigenschaften des Klever\u00ae Koncept Sicherheitsmessers<\/strong><\/p>\n<ul>\n<li>Einweg-Sicherheitsmesser mit beiliegender Klinge aus Kohlenstoffstahl.<\/li>\n<li>Ergonomische Form.<\/li>\n<li>Sch\u00fctzt vor besch\u00e4digten Produkten.<\/li>\n<li>Reduziert Schnittverletzungen.<\/li>\n<li>Gr\u00f6\u00dferer Mehrfachpositionsgriff f\u00fcr ergonomische Benutzerfreundlichkeit.<\/li>\n<li>Schmalere \u00d6ffnungen f\u00fcr vielseitige Schneidanwendungen.<\/li>\n<li>Erh\u00e4ltlich in Orange, Gelb, Blau und Rot.<\/li>\n<\/ul>\n<p><strong>Geeignet f\u00fcr Materialien<\/strong><\/p>\n<ul>\n<li>doppellagiger Karton,<\/li>\n<li>Klebeband,<\/li>\n<li>Verpackungsband,<\/li>\n<li>Plastik- und Papiert\u00fcten,<\/li>\n<li>LDPE-Folie.<\/li>\n<\/ul>\n","protected":false},"excerpt":{"rendered":"Das Klever\u00ae Koncept Sicherheitsmesser verf\u00fcgt \u00fcber einen ergonomischen Griff und bietet mehr Komfort im Vergleich zum Modell Kutter.","protected":false},"featured_media":6478,"template":"","meta":{"_acf_changed":false,"inline_featured_image":false},"product_cat":[1813,1823,1851,1852,1853],"product_tag":[],"class_list":{"0":"post-7362","1":"product","2":"type-product","3":"status-publish","4":"has-post-thumbnail","6":"product_cat-artikel","7":"product_cat-verpackungsmaterialien","8":"product_cat-sicherheitsmesser","9":"product_cat-stahlklinge","10":"product_cat-sicherheitsmesser-de","12":"first","13":"instock","14":"product-type-simple"},"acf":[],"gallery_images":[],"_links":{"self":[{"href":"https:\/\/intercommerce.si\/de\/wp-json\/wp\/v2\/product\/7362","targetHints":{"allow":["GET"]}}],"collection":[{"href":"https:\/\/intercommerce.si\/de\/wp-json\/wp\/v2\/product"}],"about":[{"href":"https:\/\/intercommerce.si\/de\/wp-json\/wp\/v2\/types\/product"}],"wp:featuredmedia":[{"embeddable":true,"href":"https:\/\/intercommerce.si\/de\/wp-json\/wp\/v2\/media\/6478"}],"wp:attachment":[{"href":"https:\/\/intercommerce.si\/de\/wp-json\/wp\/v2\/media?parent=7362"}],"wp:term":[{"taxonomy":"product_cat","embeddable":true,"href":"https:\/\/intercommerce.si\/de\/wp-json\/wp\/v2\/product_cat?post=7362"},{"taxonomy":"product_tag","embeddable":true,"href":"https:\/\/intercommerce.si\/de\/wp-json\/wp\/v2\/product_tag?post=7362"}],"curies":[{"name":"wp","href":"https:\/\/api.w.org\/{rel}","templated":true}]}}