{"id":7361,"date":"2024-06-18T15:06:00","date_gmt":"2024-06-18T13:06:00","guid":{"rendered":"https:\/\/intercommerce.si\/izdelek\/pp-umreifungsbaender\/"},"modified":"2024-06-18T15:06:00","modified_gmt":"2024-06-18T13:06:00","slug":"pp-umreifungsbaender","status":"publish","type":"product","link":"https:\/\/intercommerce.si\/de\/produkt\/pp-umreifungsbaender\/","title":{"rendered":"PP-Umreifungsb\u00e4nder"},"content":{"rendered":"<p><strong>Eigenschaften von PP-Umreifungsb\u00e4ndern<\/strong><\/p>\n<ul>\n<li><strong>G\u00fcnstiger Preis<\/strong>: PP-Umreifungsb\u00e4nder sind kosteng\u00fcnstig, was sie zu einer beliebten Wahl f\u00fcr ein breites Anwendungsspektrum macht.<\/li>\n<li><strong>Verschiedene Anwendungsm\u00f6glichkeiten<\/strong>: Die B\u00e4nder k\u00f6nnen mit manuellen Spannverschl\u00fcssen, Akku-Spannverschl\u00fcssen oder (halb-)automatischen Umreifungsmaschinen verwendet werden. Bei manuellen Spannverschl\u00fcssen werden Klammern zur Fixierung des Bandes verwendet, w\u00e4hrend Akku- oder (halb-)automatische Maschinen eine Schwei\u00dfnaht erzeugen, die eine hochwertigere und zuverl\u00e4ssigere L\u00f6sung darstellt. <\/li>\n<li><strong>Farben<\/strong>: Die Standardfarben sind Wei\u00df und Schwarz, aber auf Bestellung sind auch andere Farben erh\u00e4ltlich.<\/li>\n<li><strong>Druckm\u00f6glichkeit<\/strong>: Es ist m\u00f6glich, Logos oder Texte auf die B\u00e4nder zu drucken, was eine Personalisierung und Steigerung des Markenwiedererkennungswerts erm\u00f6glicht.<\/li>\n<li><strong>Recycling<\/strong>: PP-Umreifungsb\u00e4nder sind zu 100 % recycelbar, was eine umweltfreundliche Verwendung und Abfallreduzierung erm\u00f6glicht.<\/li>\n<\/ul>\n","protected":false},"excerpt":{"rendered":"Polypropylen (PP)-Umreifungsb\u00e4nder werden aus recyceltem Polypropylen oder reinem Polypropylengranulat hergestellt. Aufgrund ihrer einfachen Anwendung sind sie in verschiedenen Industriezweigen sehr beliebt. PP-B\u00e4nder sind eine ausgezeichnete L\u00f6sung zum Verbinden von leichteren Produkten und Paletten, da sie Zuverl\u00e4ssigkeit, Festigkeit und Wirtschaftlichkeit bieten. Sie sind ideal f\u00fcr Aufgaben, bei denen eine schnelle und effiziente Fixierung der Ladung erforderlich ist.   ","protected":false},"featured_media":1931,"template":"","meta":{"_acf_changed":false,"inline_featured_image":false},"product_cat":[1813,1894,1831,1823],"product_tag":[],"class_list":{"0":"post-7361","1":"product","2":"type-product","3":"status-publish","4":"has-post-thumbnail","6":"product_cat-artikel","7":"product_cat-pp-umreifungsbander","8":"product_cat-umreifungsbander","9":"product_cat-verpackungsmaterialien","10":"pa_aplikacija-handbuch","11":"pa_aplikacija-hardware","12":"pa_debelina-mm-045-de","13":"pa_debelina-mm-047-de","14":"pa_debelina-mm-055-de","15":"pa_debelina-mm-06-de","16":"pa_debelina-mm-063-de","17":"pa_debelina-mm-07-de","18":"pa_debelina-mm-08-de","19":"pa_debelina-mm-auf-bestellung","20":"pa_navitje-na-roli-m-1800-de","21":"pa_navitje-na-roli-m-2000-de","22":"pa_navitje-na-roli-m-3000-de","23":"pa_navitje-na-roli-m-4000-de","24":"pa_navitje-na-roli-m-7000-de","25":"pa_premer-tulca-mm-200-de","26":"pa_premer-tulca-mm-406-de","27":"pa_sirina-mm-12-de","28":"pa_sirina-mm-15-de","29":"pa_sirina-mm-5-de","30":"pa_sirina-mm-9-de","31":"pa_sirina-mm-auf-bestellung","32":"pa_st-izdelkov-v-skatli-1-de","33":"pa_st-izdelkov-v-skatli-2-de","35":"first","36":"instock","37":"product-type-simple"},"acf":[],"gallery_images":[1932,1933],"_links":{"self":[{"href":"https:\/\/intercommerce.si\/de\/wp-json\/wp\/v2\/product\/7361","targetHints":{"allow":["GET"]}}],"collection":[{"href":"https:\/\/intercommerce.si\/de\/wp-json\/wp\/v2\/product"}],"about":[{"href":"https:\/\/intercommerce.si\/de\/wp-json\/wp\/v2\/types\/product"}],"wp:featuredmedia":[{"embeddable":true,"href":"https:\/\/intercommerce.si\/de\/wp-json\/wp\/v2\/media\/1931"}],"wp:attachment":[{"href":"https:\/\/intercommerce.si\/de\/wp-json\/wp\/v2\/media?parent=7361"}],"wp:term":[{"taxonomy":"product_cat","embeddable":true,"href":"https:\/\/intercommerce.si\/de\/wp-json\/wp\/v2\/product_cat?post=7361"},{"taxonomy":"product_tag","embeddable":true,"href":"https:\/\/intercommerce.si\/de\/wp-json\/wp\/v2\/product_tag?post=7361"}],"curies":[{"name":"wp","href":"https:\/\/api.w.org\/{rel}","templated":true}]}}