{"id":7360,"date":"2024-06-18T15:05:47","date_gmt":"2024-06-18T13:05:47","guid":{"rendered":"https:\/\/intercommerce.si\/izdelek\/starre-handstretchfolie\/"},"modified":"2024-06-18T15:05:47","modified_gmt":"2024-06-18T13:05:47","slug":"starre-handstretchfolie","status":"publish","type":"product","link":"https:\/\/intercommerce.si\/de\/produkt\/starre-handstretchfolie\/","title":{"rendered":"Starre Handstretchfolie"},"content":{"rendered":"<p><strong>Eigenschaften von starren Handstretchfolien<\/strong><\/p>\n<ul>\n<li>Sie eignen sich zum manuellen Umwickeln von Paletten und Gegenst\u00e4nden.<\/li>\n<li>Sie sind f\u00fcr schwere Gegenst\u00e4nde geeignet.<\/li>\n<li>Sie gew\u00e4hrleisten eine h\u00f6here Palettenstabilit\u00e4t.<\/li>\n<li>Sie haben eine h\u00f6here Durchsto\u00dffestigkeit.<\/li>\n<li>Eine d\u00fcnnere starre Folie ersetzt erfolgreich eine dickere Standardfolie.<\/li>\n<li>Sie reduzieren den Folienverbrauch.<\/li>\n<\/ul>\n","protected":false},"excerpt":{"rendered":"Starre Handstretchfolien sind darauf ausgelegt, eine h\u00f6here Palettenstabilit\u00e4t zu gew\u00e4hrleisten, insbesondere bei anspruchsvollen Transporten. Aufgrund ihrer Steifigkeit schrumpfen sie nicht und besch\u00e4digen die Kanten von Kartons nicht. D\u00fcnnere starre Folien k\u00f6nnen Standardfolien der St\u00e4rken 17, 23 und 30 \u03bcm effektiv ersetzen.  ","protected":false},"featured_media":1776,"template":"","meta":{"_acf_changed":false,"inline_featured_image":false},"product_cat":[1813,1823,1814,1825,1826],"product_tag":[],"class_list":{"0":"post-7360","1":"product","2":"type-product","3":"status-publish","4":"has-post-thumbnail","6":"product_cat-artikel","7":"product_cat-verpackungsmaterialien","8":"product_cat-folien","9":"product_cat-dehnfahige-stretch-folien","10":"product_cat-handfolien","11":"pa_aplikacija-handbuch","12":"pa_barva-trasparent-de","13":"pa_debelina-mm-12-de","14":"pa_debelina-mm-15-de","15":"pa_navitje-na-roli-m-300m-de","16":"pa_navitje-na-roli-m-359m-de","17":"pa_navitje-na-roli-m-450m-de","18":"pa_premer-tulca-mm-50-de","19":"pa_raztezek-100-de-2","20":"pa_sirina-mm-500-de","21":"pa_specificne-lastnosti-in-einer-schachtel","22":"pa_specificne-lastnosti-ohne-hulse","23":"pa_st-izdelkov-v-skatli-6-de","24":"pa_st-rol-na-paleti-198-de","25":"pa_st-rol-na-paleti-240-de","26":"pa_st-rol-na-paleti-360-de","27":"pa_teza-kg-196-de","28":"pa_teza-kg-237-de","29":"pa_teza-kg-3-de","30":"pa_teza-kg-5-de","31":"pa_teza-tulca-kg-leichtere-hulle","32":"pa_teza-tulca-kg-schwerer-armel","34":"first","35":"instock","36":"product-type-simple"},"acf":[],"gallery_images":[],"_links":{"self":[{"href":"https:\/\/intercommerce.si\/de\/wp-json\/wp\/v2\/product\/7360","targetHints":{"allow":["GET"]}}],"collection":[{"href":"https:\/\/intercommerce.si\/de\/wp-json\/wp\/v2\/product"}],"about":[{"href":"https:\/\/intercommerce.si\/de\/wp-json\/wp\/v2\/types\/product"}],"wp:featuredmedia":[{"embeddable":true,"href":"https:\/\/intercommerce.si\/de\/wp-json\/wp\/v2\/media\/1776"}],"wp:attachment":[{"href":"https:\/\/intercommerce.si\/de\/wp-json\/wp\/v2\/media?parent=7360"}],"wp:term":[{"taxonomy":"product_cat","embeddable":true,"href":"https:\/\/intercommerce.si\/de\/wp-json\/wp\/v2\/product_cat?post=7360"},{"taxonomy":"product_tag","embeddable":true,"href":"https:\/\/intercommerce.si\/de\/wp-json\/wp\/v2\/product_tag?post=7360"}],"curies":[{"name":"wp","href":"https:\/\/api.w.org\/{rel}","templated":true}]}}