{"id":7357,"date":"2024-09-12T10:32:24","date_gmt":"2024-09-12T08:32:24","guid":{"rendered":"https:\/\/intercommerce.si\/izdelek\/pcr-luftpolsterfolie\/"},"modified":"2024-09-12T10:32:24","modified_gmt":"2024-09-12T08:32:24","slug":"pcr-luftpolsterfolie","status":"publish","type":"product","link":"https:\/\/intercommerce.si\/de\/produkt\/pcr-luftpolsterfolie\/","title":{"rendered":"PCR-Luftpolsterfolie"},"content":{"rendered":"<div class=\"flex-shrink-0 flex flex-col relative items-end\">\n<div>\n<div class=\"pt-0\">\n<div class=\"gizmo-bot-avatar flex h-8 w-8 items-center justify-center overflow-hidden rounded-full\"><\/div>\n<\/div>\n<\/div>\n<\/div>\n<div class=\"group\/conversation-turn relative flex w-full min-w-0 flex-col agent-turn\">\n<div class=\"flex-col gap-1 md:gap-3\">\n<div class=\"flex max-w-full flex-col flex-grow\">\n<div class=\"min-h-8 text-message flex w-full flex-col items-end gap-2 whitespace-normal break-words text-start [.text-message+&amp;]:mt-5\" dir=\"auto\" data-message-author-role=\"assistant\" data-message-id=\"392abd8c-f90f-4120-b092-3da0ce86b647\" data-message-model-slug=\"gpt-4o-mini\">\n<div class=\"flex w-full flex-col gap-1 empty:hidden first:pt-[3px]\">\n<div class=\"markdown prose w-full break-words dark:prose-invert light\">\n<p><strong>Eigenschaften der Luftpolsterfolie:<\/strong><\/p>\n<ul>\n<li><strong>Recyceltes Material<\/strong> \u2013 mit 30 % PCR-Material erh\u00e4ltlich.<\/li>\n<li><strong>Verschiedene Abmessungen<\/strong> \u2013 in mehreren Abmessungen f\u00fcr unterschiedliche Bed\u00fcrfnisse erh\u00e4ltlich.<\/li>\n<li><strong>Breite Anwendung<\/strong> \u2013 geeignet f\u00fcr die Verpackung empfindlicher Produkte wie Glas, M\u00f6bel, Elektroger\u00e4te und andere Gegenst\u00e4nde.<\/li>\n<li><strong>Schutz von Sendungen<\/strong> \u2013 ideal zum Schutz von Postsendungen und Paketen.<\/li>\n<li><strong>Schadensverh\u00fctung<\/strong> \u2013 sch\u00fctzt vor Besch\u00e4digung oder Bruch von Gegenst\u00e4nden w\u00e4hrend des Transports.<\/li>\n<li><strong>Schutz vor Witterungseinfl\u00fcssen<\/strong> \u2013 sch\u00fctzt vor Feuchtigkeit, Staub, Wasser, Regen und Schmutz.<\/li>\n<li><strong>Verpackung<\/strong> \u2013 Lieferung auf Rolle (200 Meter Folie mit Luftpolstern auf einer Rolle).<\/li>\n<li><strong>Verschiedene Formen<\/strong> \u2013 auch geschwei\u00dfte und gen\u00e4hte S\u00e4cke, Formate, Schl\u00e4uche und Halbschl\u00e4uche aus Luftpolsterfolie erh\u00e4ltlich.<\/li>\n<li><strong>Zus\u00e4tzliche Option<\/strong> \u2013 antistatische Luftpolsterfolie bei Bedarf erh\u00e4ltlich.<\/li>\n<\/ul>\n<\/div>\n<\/div>\n<\/div>\n<\/div>\n<\/div>\n<\/div>\n","protected":false},"excerpt":{"rendered":"Luftpolsterfolie ist auch mit 30 % PCR-Material (Post Consumer Recyclable) erh\u00e4ltlich, was bedeutet, dass sie 30 % recyceltes LDPE-Material enth\u00e4lt, das bereits auf dem Markt verwendet wurde und nach dem Recycling in den Produktionsprozess zur\u00fcckgef\u00fchrt wurde.\n\nSie besteht aus zwei Schichten Polyethylenfolie niedriger Dichte, mit der M\u00f6glichkeit, eine Schicht Folie hoher Dichte (HD) oder Verpackungsfolie mit einer Dicke von 1 mm hinzuzuf\u00fcgen. Aufgrund ihrer Elastizit\u00e4t, Leichtigkeit und Anpassungsf\u00e4higkeit an die Form der Produkte erm\u00f6glicht sie eine einfache Verpackung aller Arten von Gegenst\u00e4nden. Sie eignet sich hervorragend zum Schutz empfindlicher Produkte bei der Lagerung oder dem Transport, da die Blasen wirksam vor Besch\u00e4digungen und anderen \u00e4u\u00dferen Einfl\u00fcssen sch\u00fctzen.  ","protected":false},"featured_media":4706,"template":"","meta":{"_acf_changed":false,"inline_featured_image":false},"product_cat":[1813,1814,1815,1938],"product_tag":[],"class_list":{"0":"post-7357","1":"product","2":"type-product","3":"status-publish","4":"has-post-thumbnail","6":"product_cat-artikel","7":"product_cat-folien","8":"product_cat-luftpolsterfolien","9":"product_cat-pcr-luftpolsterfolie","11":"first","12":"instock","13":"taxable","14":"shipping-taxable","15":"product-type-simple"},"acf":[],"gallery_images":[],"_links":{"self":[{"href":"https:\/\/intercommerce.si\/de\/wp-json\/wp\/v2\/product\/7357","targetHints":{"allow":["GET"]}}],"collection":[{"href":"https:\/\/intercommerce.si\/de\/wp-json\/wp\/v2\/product"}],"about":[{"href":"https:\/\/intercommerce.si\/de\/wp-json\/wp\/v2\/types\/product"}],"wp:featuredmedia":[{"embeddable":true,"href":"https:\/\/intercommerce.si\/de\/wp-json\/wp\/v2\/media\/4706"}],"wp:attachment":[{"href":"https:\/\/intercommerce.si\/de\/wp-json\/wp\/v2\/media?parent=7357"}],"wp:term":[{"taxonomy":"product_cat","embeddable":true,"href":"https:\/\/intercommerce.si\/de\/wp-json\/wp\/v2\/product_cat?post=7357"},{"taxonomy":"product_tag","embeddable":true,"href":"https:\/\/intercommerce.si\/de\/wp-json\/wp\/v2\/product_tag?post=7357"}],"curies":[{"name":"wp","href":"https:\/\/api.w.org\/{rel}","templated":true}]}}