{"id":7356,"date":"2024-09-10T11:53:57","date_gmt":"2024-09-10T09:53:57","guid":{"rendered":"https:\/\/intercommerce.si\/izdelek\/aluminiumpaletten\/"},"modified":"2024-09-10T11:53:57","modified_gmt":"2024-09-10T09:53:57","slug":"aluminiumpaletten","status":"publish","type":"product","link":"https:\/\/intercommerce.si\/de\/produkt\/aluminiumpaletten\/","title":{"rendered":"ALUMINIUMPALETTEN"},"content":{"rendered":"<div class=\"flex-shrink-0 flex flex-col relative items-end\">\n<div>\n<div class=\"pt-0\">\n<div class=\"gizmo-bot-avatar flex h-8 w-8 items-center justify-center overflow-hidden rounded-full\">\n<div class=\"relative p-1 rounded-sm flex items-center justify-center bg-token-main-surface-primary text-token-text-primary h-8 w-8\">Aluminiumpaletten sind ideal f\u00fcr den Umschlag von G\u00fctern mit hohem Gewicht, da Aluminium eine hohe Tragf\u00e4higkeit aufweist. Das Material rostet nicht, ist chemikalienbest\u00e4ndig und erm\u00f6glicht eine einfache Reinigung. <\/div>\n<\/div>\n<\/div>\n<\/div>\n<\/div>\n<div class=\"group\/conversation-turn relative flex w-full min-w-0 flex-col agent-turn\">\n<div class=\"flex-col gap-1 md:gap-3\">\n<div class=\"flex max-w-full flex-col flex-grow\">\n<div class=\"min-h-8 text-message flex w-full flex-col items-end gap-2 whitespace-normal break-words text-start [.text-message+&amp;]:mt-5\" dir=\"auto\" data-message-author-role=\"assistant\" data-message-id=\"db0a7dea-2f27-4fa4-8b0e-af2520068a29\" data-message-model-slug=\"gpt-4o-mini\">\n<div class=\"flex w-full flex-col gap-1 empty:hidden first:pt-[3px]\">\n<div class=\"markdown prose w-full break-words dark:prose-invert light\">\n<p>Sie sind in verschiedenen Abmessungen erh\u00e4ltlich, was eine Anpassung an die Bed\u00fcrfnisse der Benutzer erm\u00f6glicht.<\/p>\n<\/div>\n<\/div>\n<\/div>\n<\/div>\n<\/div>\n<\/div>\n","protected":false},"excerpt":{"rendered":"Aluminiumpaletten sind ideal f\u00fcr den Umschlag von G\u00fctern mit hohem Gewicht, da Aluminium eine hohe Tragf\u00e4higkeit aufweist. Das Material rostet nicht, ist chemikalienbest\u00e4ndig und erm\u00f6glicht eine einfache Reinigung. Sie sind in verschiedenen Abmessungen erh\u00e4ltlich, was eine Anpassung an die Bed\u00fcrfnisse der Benutzer erm\u00f6glicht.","protected":false},"featured_media":3358,"template":"","meta":{"_acf_changed":false,"inline_featured_image":false},"product_cat":[1813,1903,1937],"product_tag":[],"class_list":{"0":"post-7356","1":"product","2":"type-product","3":"status-publish","4":"has-post-thumbnail","6":"product_cat-artikel","7":"product_cat-paletten-und-rahmen","8":"product_cat-aluminiumpaletten","10":"first","11":"instock","12":"taxable","13":"shipping-taxable","14":"product-type-simple"},"acf":[],"gallery_images":[],"_links":{"self":[{"href":"https:\/\/intercommerce.si\/de\/wp-json\/wp\/v2\/product\/7356","targetHints":{"allow":["GET"]}}],"collection":[{"href":"https:\/\/intercommerce.si\/de\/wp-json\/wp\/v2\/product"}],"about":[{"href":"https:\/\/intercommerce.si\/de\/wp-json\/wp\/v2\/types\/product"}],"wp:featuredmedia":[{"embeddable":true,"href":"https:\/\/intercommerce.si\/de\/wp-json\/wp\/v2\/media\/3358"}],"wp:attachment":[{"href":"https:\/\/intercommerce.si\/de\/wp-json\/wp\/v2\/media?parent=7356"}],"wp:term":[{"taxonomy":"product_cat","embeddable":true,"href":"https:\/\/intercommerce.si\/de\/wp-json\/wp\/v2\/product_cat?post=7356"},{"taxonomy":"product_tag","embeddable":true,"href":"https:\/\/intercommerce.si\/de\/wp-json\/wp\/v2\/product_tag?post=7356"}],"curies":[{"name":"wp","href":"https:\/\/api.w.org\/{rel}","templated":true}]}}