{"id":7355,"date":"2024-06-18T15:05:55","date_gmt":"2024-06-18T13:05:55","guid":{"rendered":"https:\/\/intercommerce.si\/izdelek\/tesa-4416-selbstklebefolie-entwickelt-zum-schutz-von-boeden-und-anderen-oberflaechen\/"},"modified":"2024-06-18T15:05:55","modified_gmt":"2024-06-18T13:05:55","slug":"tesa-4416-selbstklebefolie-entwickelt-zum-schutz-von-boeden-und-anderen-oberflaechen","status":"publish","type":"product","link":"https:\/\/intercommerce.si\/de\/produkt\/tesa-4416-selbstklebefolie-entwickelt-zum-schutz-von-boeden-und-anderen-oberflaechen\/","title":{"rendered":"tesa\u00ae 4416 \u2013 Selbstklebefolie, entwickelt zum Schutz von B\u00f6den und anderen Oberfl\u00e4chen"},"content":{"rendered":"<p>Eigenschaften des tesa\u00ae 4416 Klebebands:<\/p>\n<ul>\n<li>zum Schutz von B\u00f6den und anderen Oberfl\u00e4chen,<\/li>\n<li>Schutz vor Besch\u00e4digungen, Abrieb und Verschmutzung,<\/li>\n<li>reduziert das Rutschrisiko.<\/li>\n<\/ul>\n","protected":false},"excerpt":{"rendered":"tesa\u00ae 4416 ist eine selbstklebende Folie, die speziell zum Schutz von B\u00f6den und anderen Oberfl\u00e4chen entwickelt wurde. Sie bietet zuverl\u00e4ssigen Schutz vor Besch\u00e4digungen, Abrieb und Verschmutzung. In der Werkstatt, im Bus oder LKW sorgt die Reliefunterlage f\u00fcr guten Halt und reduziert die Rutschgefahr, insbesondere in Bereichen mit Sicherheitsbedenken.  ","protected":false},"featured_media":1855,"template":"","meta":{"_acf_changed":false,"inline_featured_image":false},"product_cat":[1813,1823,1846,1847,1848],"product_tag":[],"class_list":{"0":"post-7355","1":"product","2":"type-product","3":"status-publish","4":"has-post-thumbnail","6":"product_cat-artikel","7":"product_cat-verpackungsmaterialien","8":"product_cat-klebebander","9":"product_cat-tesa-de","10":"product_cat-tesa-klebebander","11":"pa_aplikacija-handbuch","12":"pa_barva-weis","13":"pa_navitje-na-roli-m-66-de","14":"pa_nosilec-pp-polypropylen","15":"pa_sirina-mm-1470-de","16":"pa_st-izdelkov-v-skatli-1-de","17":"pa_vrsta-lepila-acryl","19":"first","20":"instock","21":"product-type-simple"},"acf":[],"gallery_images":[1856,1857],"_links":{"self":[{"href":"https:\/\/intercommerce.si\/de\/wp-json\/wp\/v2\/product\/7355","targetHints":{"allow":["GET"]}}],"collection":[{"href":"https:\/\/intercommerce.si\/de\/wp-json\/wp\/v2\/product"}],"about":[{"href":"https:\/\/intercommerce.si\/de\/wp-json\/wp\/v2\/types\/product"}],"wp:featuredmedia":[{"embeddable":true,"href":"https:\/\/intercommerce.si\/de\/wp-json\/wp\/v2\/media\/1855"}],"wp:attachment":[{"href":"https:\/\/intercommerce.si\/de\/wp-json\/wp\/v2\/media?parent=7355"}],"wp:term":[{"taxonomy":"product_cat","embeddable":true,"href":"https:\/\/intercommerce.si\/de\/wp-json\/wp\/v2\/product_cat?post=7355"},{"taxonomy":"product_tag","embeddable":true,"href":"https:\/\/intercommerce.si\/de\/wp-json\/wp\/v2\/product_tag?post=7355"}],"curies":[{"name":"wp","href":"https:\/\/api.w.org\/{rel}","templated":true}]}}