{"id":7354,"date":"2024-10-15T08:28:12","date_gmt":"2024-10-15T06:28:12","guid":{"rendered":"https:\/\/intercommerce.si\/izdelek\/spanner-fuer-metallklammern-fuer-metallband-2\/"},"modified":"2024-10-15T08:28:12","modified_gmt":"2024-10-15T06:28:12","slug":"spanner-fuer-metallklammern-fuer-metallband-2","status":"publish","type":"product","link":"https:\/\/intercommerce.si\/de\/produkt\/spanner-fuer-metallklammern-fuer-metallband-2\/","title":{"rendered":"Spanner f\u00fcr Metallklammern f\u00fcr Metallband"},"content":{"rendered":"<p>Eigenschaften des Spanners:<\/p>\n<ul>\n<li>F\u00fcr die manuelle Verbindung mit Stahlband sind erforderlich: Spanner, Klammerger\u00e4t, Schere und Klammern f\u00fcr Stahlband.<\/li>\n<li>Im Vergleich zu anderen Methoden ist dies zeitaufwendiger und eignet sich f\u00fcr diejenigen, die nur wenige Pakete pro Tag bzw. Woche verbinden.<\/li>\n<\/ul>\n","protected":false},"excerpt":{"rendered":"Die Zange ist zum Verbinden von Metallband mit Metallklammern vorgesehen. Sie muss je nach Bandbreite ausgew\u00e4hlt werden. Lieferbar f\u00fcr Breiten von 16, 19 und 32 mm.  ","protected":false},"featured_media":6353,"template":"","meta":{"_acf_changed":false,"inline_featured_image":false},"product_cat":[1813,1818,1820,1819],"product_tag":[],"class_list":{"0":"post-7354","1":"product","2":"type-product","3":"status-publish","4":"has-post-thumbnail","6":"product_cat-artikel","7":"product_cat-verpackungsmaschinen-und-gerate","8":"product_cat-handgerate-und-zubehor-fur-die-verpackung","9":"product_cat-spanner-und-umreifungsgerate-fur-umreifungsbander","11":"first","12":"instock","13":"taxable","14":"shipping-taxable","15":"product-type-simple"},"acf":[],"gallery_images":[],"_links":{"self":[{"href":"https:\/\/intercommerce.si\/de\/wp-json\/wp\/v2\/product\/7354","targetHints":{"allow":["GET"]}}],"collection":[{"href":"https:\/\/intercommerce.si\/de\/wp-json\/wp\/v2\/product"}],"about":[{"href":"https:\/\/intercommerce.si\/de\/wp-json\/wp\/v2\/types\/product"}],"wp:featuredmedia":[{"embeddable":true,"href":"https:\/\/intercommerce.si\/de\/wp-json\/wp\/v2\/media\/6353"}],"wp:attachment":[{"href":"https:\/\/intercommerce.si\/de\/wp-json\/wp\/v2\/media?parent=7354"}],"wp:term":[{"taxonomy":"product_cat","embeddable":true,"href":"https:\/\/intercommerce.si\/de\/wp-json\/wp\/v2\/product_cat?post=7354"},{"taxonomy":"product_tag","embeddable":true,"href":"https:\/\/intercommerce.si\/de\/wp-json\/wp\/v2\/product_tag?post=7354"}],"curies":[{"name":"wp","href":"https:\/\/api.w.org\/{rel}","templated":true}]}}