{"id":7349,"date":"2025-03-25T10:07:28","date_gmt":"2025-03-25T09:07:28","guid":{"rendered":"https:\/\/intercommerce.si\/izdelek\/tesa-4309\/"},"modified":"2025-03-25T10:07:28","modified_gmt":"2025-03-25T09:07:28","slug":"tesa-4309","status":"publish","type":"product","link":"https:\/\/intercommerce.si\/de\/produkt\/tesa-4309\/","title":{"rendered":"tesa\u00ae 4309"},"content":{"rendered":"<p><strong>Eigenschaften:<\/strong><\/p>\n<ul>\n<li><strong>Hitzebest\u00e4ndig<\/strong> \u2013 Geeignet f\u00fcr Ofentrocknung bis 120 \u00b0C.<\/li>\n<li><strong>Verhindert Farbabsplitterungen<\/strong><\/li>\n<li><strong>Einfaches Entfernen<\/strong> \u2013 Ohne Rei\u00dfen und ohne Klebstoffr\u00fcckst\u00e4nde.<\/li>\n<li><strong>Nassschleiffest<\/strong> \u2013 Ideal f\u00fcr Autoreparaturen und anspruchsvolle Anwendungen.<\/li>\n<li><strong>Flexibel und von Hand rei\u00dfbar<\/strong> \u2013 Passt sich gut an verschiedene Oberfl\u00e4chen an (Metall, Gummi, Glas, Kunststoff).<\/li>\n<li><strong>Nachhaltige L\u00f6sung<\/strong> \u2013 53 % Bio-Inhaltsstoffe.<\/li>\n<\/ul>\n","protected":false},"excerpt":{"rendered":"Das tesa\u00ae 4309 Band besteht aus einem feinen Krepppapierr\u00fccken und einem Naturkautschuk-Klebesystem. tesa\u00ae 4309 ist ein flexibles und dehnbares Papier-Abdeckband, das sich f\u00fcr das Lackieren mit Spr\u00fchfarbe und die anschlie\u00dfende Ofentrocknung bei Temperaturen bis zu 120 \u00b0C eignet. Es ist best\u00e4ndig auf Oberfl\u00e4chen wie Metall, Gummi, Glas und Kunststoff. Das Band ist ideal zum Abdecken bei Karosseriereparaturen.   ","protected":false},"featured_media":4165,"template":"","meta":{"_acf_changed":false,"inline_featured_image":false},"product_cat":[1821,1893],"product_tag":[],"class_list":{"0":"post-7349","1":"product","2":"type-product","3":"status-publish","4":"has-post-thumbnail","6":"product_cat-nachhaltige-klebebander-von-tesa","7":"product_cat-abdeckbander","9":"first","10":"instock","11":"taxable","12":"shipping-taxable","13":"product-type-simple"},"acf":[],"gallery_images":[],"_links":{"self":[{"href":"https:\/\/intercommerce.si\/de\/wp-json\/wp\/v2\/product\/7349","targetHints":{"allow":["GET"]}}],"collection":[{"href":"https:\/\/intercommerce.si\/de\/wp-json\/wp\/v2\/product"}],"about":[{"href":"https:\/\/intercommerce.si\/de\/wp-json\/wp\/v2\/types\/product"}],"wp:featuredmedia":[{"embeddable":true,"href":"https:\/\/intercommerce.si\/de\/wp-json\/wp\/v2\/media\/4165"}],"wp:attachment":[{"href":"https:\/\/intercommerce.si\/de\/wp-json\/wp\/v2\/media?parent=7349"}],"wp:term":[{"taxonomy":"product_cat","embeddable":true,"href":"https:\/\/intercommerce.si\/de\/wp-json\/wp\/v2\/product_cat?post=7349"},{"taxonomy":"product_tag","embeddable":true,"href":"https:\/\/intercommerce.si\/de\/wp-json\/wp\/v2\/product_tag?post=7349"}],"curies":[{"name":"wp","href":"https:\/\/api.w.org\/{rel}","templated":true}]}}