{"id":7348,"date":"2024-06-18T15:06:00","date_gmt":"2024-06-18T13:06:00","guid":{"rendered":"https:\/\/intercommerce.si\/izdelek\/pet-umreifungsbaender\/"},"modified":"2024-06-18T15:06:00","modified_gmt":"2024-06-18T13:06:00","slug":"pet-umreifungsbaender","status":"publish","type":"product","link":"https:\/\/intercommerce.si\/de\/produkt\/pet-umreifungsbaender\/","title":{"rendered":"PET-Umreifungsb\u00e4nder"},"content":{"rendered":"<p><strong>Eigenschaften von PET-Umreifungsb\u00e4ndern<\/strong><\/p>\n<ul>\n<li><strong>Verwendung mit verschiedenen Werkzeugen<\/strong>: PET-B\u00e4nder k\u00f6nnen mit batteriebetriebenen Umreifungsger\u00e4ten, halbautomatischen und automatischen Maschinen verwendet werden.<\/li>\n<li><strong>Hohe Rei\u00dffestigkeit<\/strong>: Die B\u00e4nder haben eine extrem hohe Rei\u00dffestigkeit, was eine zuverl\u00e4ssige und feste Umreifung schwerer Lasten erm\u00f6glicht.<\/li>\n<li><strong>Temperaturbest\u00e4ndig<\/strong>: Aufgrund ihrer geringen Dehnung halten sie Temperaturschwankungen gut stand, was ihren Einsatz in verschiedenen Umgebungen erm\u00f6glicht.<\/li>\n<li><strong>Konstante Spannung<\/strong>: PET-B\u00e4nder gew\u00e4hrleisten eine konstante Spannung an der umreiften Last, was die Stabilit\u00e4t w\u00e4hrend des Transports sichert.<\/li>\n<li><strong>Standardfarbe<\/strong>: Die Standardfarbe von PET-B\u00e4ndern ist Gr\u00fcn, aber andere Optionen sind auf Anfrage erh\u00e4ltlich.<\/li>\n<li><strong>100 % Recyclingf\u00e4higkeit<\/strong>: PET-Umreifungsb\u00e4nder sind vollst\u00e4ndig recycelbar, was zur Umweltverantwortung und Abfallreduzierung beitr\u00e4gt.<\/li>\n<\/ul>\n","protected":false},"excerpt":{"rendered":"PET-Umreifungsb\u00e4nder werden aus PET-Granulaten oder recycelten PET-Flaschen hergestellt, was zu ihrer Umweltfreundlichkeit beitr\u00e4gt. Sie zeichnen sich durch eine au\u00dfergew\u00f6hnliche Zugfestigkeit aus, da sie wesentlich st\u00e4rker sind als PP-B\u00e4nder. Sie haben eine h\u00f6here Rei\u00dffestigkeit, wodurch sie in bestimmten F\u00e4llen Stahlb\u00e4nder ersetzen k\u00f6nnen. Aufgrund dieser Eigenschaften sind PET-B\u00e4nder die ideale Wahl f\u00fcr anspruchsvolle Anwendungen, bei denen hohe Festigkeit und Zuverl\u00e4ssigkeit bei der Umreifung schwerer Lasten erforderlich sind.   ","protected":false},"featured_media":4866,"template":"","meta":{"_acf_changed":false,"inline_featured_image":false},"product_cat":[1813,1934,1836,1895,1831,1823],"product_tag":[],"class_list":{"0":"post-7348","1":"product","2":"type-product","3":"status-publish","4":"has-post-thumbnail","6":"product_cat-artikel","7":"product_cat-nachhaltige-umreifungsbander","8":"product_cat-nachhaltige-verpackung","9":"product_cat-pet-umreifungsbander","10":"product_cat-umreifungsbander","11":"product_cat-verpackungsmaterialien","12":"pa_aplikacija-handbuch","13":"pa_aplikacija-hardware","14":"pa_debelina-mm-06-de","15":"pa_debelina-mm-07-de","16":"pa_debelina-mm-09-de","17":"pa_debelina-mm-1-de","18":"pa_debelina-mm-127-de","19":"pa_debelina-mm-auf-bestellung","20":"pa_navitje-na-roli-m-1000-de","21":"pa_navitje-na-roli-m-1500-de","22":"pa_navitje-na-roli-m-1750-de","23":"pa_navitje-na-roli-m-2000-de","24":"pa_navitje-na-roli-m-2300-de","25":"pa_navitje-na-roli-m-2500-de","26":"pa_navitje-na-roli-m-3500-de","27":"pa_premer-tulca-mm-406-de","28":"pa_sirina-mm-12-de","29":"pa_sirina-mm-125-de","30":"pa_sirina-mm-15-de","31":"pa_sirina-mm-155-de","32":"pa_sirina-mm-19-de","33":"pa_sirina-mm-25-de","34":"pa_sirina-mm-9-de","35":"pa_sirina-mm-auf-bestellung","37":"first","38":"instock","39":"product-type-simple"},"acf":[],"gallery_images":[4868],"_links":{"self":[{"href":"https:\/\/intercommerce.si\/de\/wp-json\/wp\/v2\/product\/7348","targetHints":{"allow":["GET"]}}],"collection":[{"href":"https:\/\/intercommerce.si\/de\/wp-json\/wp\/v2\/product"}],"about":[{"href":"https:\/\/intercommerce.si\/de\/wp-json\/wp\/v2\/types\/product"}],"wp:featuredmedia":[{"embeddable":true,"href":"https:\/\/intercommerce.si\/de\/wp-json\/wp\/v2\/media\/4866"}],"wp:attachment":[{"href":"https:\/\/intercommerce.si\/de\/wp-json\/wp\/v2\/media?parent=7348"}],"wp:term":[{"taxonomy":"product_cat","embeddable":true,"href":"https:\/\/intercommerce.si\/de\/wp-json\/wp\/v2\/product_cat?post=7348"},{"taxonomy":"product_tag","embeddable":true,"href":"https:\/\/intercommerce.si\/de\/wp-json\/wp\/v2\/product_tag?post=7348"}],"curies":[{"name":"wp","href":"https:\/\/api.w.org\/{rel}","templated":true}]}}