{"id":7345,"date":"2024-06-18T15:06:15","date_gmt":"2024-06-18T13:06:15","guid":{"rendered":"https:\/\/intercommerce.si\/izdelek\/seidenpapier\/"},"modified":"2024-06-18T15:06:15","modified_gmt":"2024-06-18T13:06:15","slug":"seidenpapier","status":"publish","type":"product","link":"https:\/\/intercommerce.si\/de\/produkt\/seidenpapier\/","title":{"rendered":"Seidenpapier"},"content":{"rendered":"<p><strong>Eigenschaften von Seidenpapier<\/strong><\/p>\n<ul>\n<li>Es wird in der M\u00f6bel-, Glas- und Lebensmittelindustrie, im Blumenhandel, in der Schneiderei, in Drogerien und Apotheken zum Einwickeln von Cremes und Medikamenten verwendet.<\/li>\n<li>Es ist in Wei\u00df, Grau oder Braun erh\u00e4ltlich.<\/li>\n<li>Es ist als Rolle oder als Bogenware erh\u00e4ltlich.<\/li>\n<li>Papier mit einem Gewicht von 18 bis 40 g.<\/li>\n<li>Es ist recycelbar.<\/li>\n<li>Es kann mit verschiedenen Motiven und Farben bedruckt werden.<\/li>\n<\/ul>\n","protected":false},"excerpt":{"rendered":"Seidenpapier ist ein einlagiges, d\u00fcnnes Papier, hergestellt aus 100 % Zellulose oder recyceltem Material. Es eignet sich zum Einwickeln verschiedener Produkte, als Unterlage, zum F\u00fcllen, Abdecken oder zum Schutz von Produkten vor Staub oder anderen \u00e4u\u00dferen Einfl\u00fcssen. ","protected":false},"featured_media":5012,"template":"","meta":{"_acf_changed":false,"inline_featured_image":false},"product_cat":[1813,1823,1841,1933,1836,1842],"product_tag":[],"class_list":{"0":"post-7345","1":"product","2":"type-product","3":"status-publish","4":"has-post-thumbnail","6":"product_cat-artikel","7":"product_cat-verpackungsmaterialien","8":"product_cat-papier-und-kartonprodukte","9":"product_cat-seidenpapier","10":"product_cat-nachhaltige-verpackung","11":"product_cat-papier-und-kartonprodukte-de","13":"first","14":"instock","15":"product-type-simple"},"acf":[],"gallery_images":[],"_links":{"self":[{"href":"https:\/\/intercommerce.si\/de\/wp-json\/wp\/v2\/product\/7345","targetHints":{"allow":["GET"]}}],"collection":[{"href":"https:\/\/intercommerce.si\/de\/wp-json\/wp\/v2\/product"}],"about":[{"href":"https:\/\/intercommerce.si\/de\/wp-json\/wp\/v2\/types\/product"}],"wp:featuredmedia":[{"embeddable":true,"href":"https:\/\/intercommerce.si\/de\/wp-json\/wp\/v2\/media\/5012"}],"wp:attachment":[{"href":"https:\/\/intercommerce.si\/de\/wp-json\/wp\/v2\/media?parent=7345"}],"wp:term":[{"taxonomy":"product_cat","embeddable":true,"href":"https:\/\/intercommerce.si\/de\/wp-json\/wp\/v2\/product_cat?post=7345"},{"taxonomy":"product_tag","embeddable":true,"href":"https:\/\/intercommerce.si\/de\/wp-json\/wp\/v2\/product_tag?post=7345"}],"curies":[{"name":"wp","href":"https:\/\/api.w.org\/{rel}","templated":true}]}}