{"id":7344,"date":"2024-06-18T15:06:09","date_gmt":"2024-06-18T13:06:09","guid":{"rendered":"https:\/\/intercommerce.si\/izdelek\/muellsaecke\/"},"modified":"2024-06-18T15:06:09","modified_gmt":"2024-06-18T13:06:09","slug":"muellsaecke","status":"publish","type":"product","link":"https:\/\/intercommerce.si\/de\/produkt\/muellsaecke\/","title":{"rendered":"M\u00fclls\u00e4cke"},"content":{"rendered":"<p><strong>Eigenschaften von M\u00fclls\u00e4cken<\/strong><\/p>\n<ul>\n<li><strong>Verschiedene Gr\u00f6\u00dfen und St\u00e4rken<\/strong>: In verschiedenen Gr\u00f6\u00dfen erh\u00e4ltlich, um unterschiedlichen Bed\u00fcrfnissen gerecht zu werden (Haushalt, Industrie, Baustellen).<\/li>\n<li><strong>Einfache Verwendung<\/strong>: Einfach zu verschlie\u00dfen und leicht zu transportieren.<\/li>\n<li><strong>Verschiedene Farben<\/strong>: In verschiedenen Farben erh\u00e4ltlich, was die Erkennbarkeit und Trennung von Abf\u00e4llen erm\u00f6glicht (z. B. Trennung von Recyclingabf\u00e4llen).<\/li>\n<li><strong>Feuchtigkeitsbest\u00e4ndigkeit<\/strong>: Sch\u00fctzen vor dem Auslaufen von Fl\u00fcssigkeiten und erm\u00f6glichen so die sichere Sammlung von nassen oder fettigen Abf\u00e4llen.<\/li>\n<li><strong>Geeignet f\u00fcr verschiedene Arten von Abf\u00e4llen<\/strong>: Geeignet f\u00fcr Haushalts-, Industrie-, Bau- oder Siedlungsabf\u00e4lle.<\/li>\n<li><strong>\u00d6kologische Materialien<\/strong>: Einige sind aus recycelten Materialien hergestellt und zu 100 % recycelbar.<\/li>\n<\/ul>\n","protected":false},"excerpt":{"rendered":"M\u00fclls\u00e4cke sind entscheidend f\u00fcr die effiziente und hygienische Sammlung von Abf\u00e4llen sowohl in Haushalten als auch in der Industrie. Sie sind aus strapazierf\u00e4higem Material gefertigt und f\u00fcr verschiedene Arten von Abf\u00e4llen konzipiert, von Haushalts- bis hin zu Industrieabf\u00e4llen. Sie sind in verschiedenen Gr\u00f6\u00dfen, Farben und St\u00e4rken erh\u00e4ltlich, was eine breite Verwendung in verschiedenen Umgebungen erm\u00f6glicht, von Wohnungen bis hin zu Gewerber\u00e4umen. Die S\u00e4cke sind einfach zu verwenden, leicht zu verschlie\u00dfen und gew\u00e4hrleisten eine sichere Aufbewahrung von Abf\u00e4llen.   ","protected":false},"featured_media":2072,"template":"","meta":{"_acf_changed":false,"inline_featured_image":false},"product_cat":[1813,1823,1885,1932],"product_tag":[],"class_list":{"0":"post-7344","1":"product","2":"type-product","3":"status-publish","4":"has-post-thumbnail","6":"product_cat-artikel","7":"product_cat-verpackungsmaterialien","8":"product_cat-sacke","9":"product_cat-mullsacke","11":"first","12":"instock","13":"product-type-simple"},"acf":[],"gallery_images":[2073],"_links":{"self":[{"href":"https:\/\/intercommerce.si\/de\/wp-json\/wp\/v2\/product\/7344","targetHints":{"allow":["GET"]}}],"collection":[{"href":"https:\/\/intercommerce.si\/de\/wp-json\/wp\/v2\/product"}],"about":[{"href":"https:\/\/intercommerce.si\/de\/wp-json\/wp\/v2\/types\/product"}],"wp:featuredmedia":[{"embeddable":true,"href":"https:\/\/intercommerce.si\/de\/wp-json\/wp\/v2\/media\/2072"}],"wp:attachment":[{"href":"https:\/\/intercommerce.si\/de\/wp-json\/wp\/v2\/media?parent=7344"}],"wp:term":[{"taxonomy":"product_cat","embeddable":true,"href":"https:\/\/intercommerce.si\/de\/wp-json\/wp\/v2\/product_cat?post=7344"},{"taxonomy":"product_tag","embeddable":true,"href":"https:\/\/intercommerce.si\/de\/wp-json\/wp\/v2\/product_tag?post=7344"}],"curies":[{"name":"wp","href":"https:\/\/api.w.org\/{rel}","templated":true}]}}