{"id":7342,"date":"2024-06-18T15:05:47","date_gmt":"2024-06-18T13:05:47","guid":{"rendered":"https:\/\/intercommerce.si\/izdelek\/super-power-maschinenfolie\/"},"modified":"2024-06-18T15:05:47","modified_gmt":"2024-06-18T13:05:47","slug":"super-power-maschinenfolie","status":"publish","type":"product","link":"https:\/\/intercommerce.si\/de\/produkt\/super-power-maschinenfolie\/","title":{"rendered":"Super Power Maschinenfolie"},"content":{"rendered":"<p><strong>Eigenschaften der Super Power Folie<\/strong><\/p>\n<p>Super Power Folien gew\u00e4hrleisten eine ausgezeichnete Palettenstabilit\u00e4t und erm\u00f6glichen eine hohe Wirtschaftlichkeit im Gebrauch. Durch Vorreckung (Pre-Stretch) kann der Anwender aus einem Meter Folie zus\u00e4tzlich ein, zwei oder sogar drei Meter gewinnen, abh\u00e4ngig vom Dehnungsgrad. Die Folie erm\u00f6glicht eine Dehnung von 200 % bis 400 %, was den Materialverbrauch erheblich reduziert.  <\/p>\n<p>Dar\u00fcber hinaus sind Super Power Stretchfolien UV-best\u00e4ndig, was einen effektiven Schutz vor UV-Strahlen f\u00fcr einen Zeitraum von 6 bis 12 Monaten gew\u00e4hrleistet.<\/p>\n<p>&nbsp;<\/p>\n","protected":false},"excerpt":{"rendered":"Super Power Folien werden auf Wickelmaschinen mit Vorrecksystem (sog. Prestretch-System) eingesetzt. Die Standardbreite der Folie betr\u00e4gt 500 mm, auch in Breiten von 750 oder 1000 mm erh\u00e4ltlich. ","protected":false},"featured_media":1763,"template":"","meta":{"_acf_changed":false,"inline_featured_image":false},"product_cat":[1813,1823,1814,1825,1857],"product_tag":[],"class_list":{"0":"post-7342","1":"product","2":"type-product","3":"status-publish","4":"has-post-thumbnail","6":"product_cat-artikel","7":"product_cat-verpackungsmaterialien","8":"product_cat-folien","9":"product_cat-dehnfahige-stretch-folien","10":"product_cat-maschinenfolien","11":"pa_aplikacija-hardware","12":"pa_barva-weis","13":"pa_barva-trasparent-de","14":"pa_debelina-mm-9-de","15":"pa_debelina-mm-12-de","16":"pa_debelina-mm-15-de","17":"pa_debelina-mm-17-de","18":"pa_debelina-mm-20-de","19":"pa_debelina-mm-23-de","20":"pa_premer-tulca-mm-76-de","21":"pa_raztezek-200-de","22":"pa_raztezek-250-de","23":"pa_raztezek-300-de","24":"pa_sirina-mm-500-de","25":"pa_sirina-mm-1000-de","26":"pa_specificne-lastnosti-30-pcr-de","27":"pa_specificne-lastnosti-auf-der-epal-palette","28":"pa_specificne-lastnosti-auserlich-extra-rutschig","29":"pa_specificne-lastnosti-geblasen","30":"pa_specificne-lastnosti-nano-de","31":"pa_specificne-lastnosti-uv12-de","32":"pa_st-rol-na-paleti-30-de","33":"pa_st-rol-na-paleti-45-de","34":"pa_st-rol-na-paleti-46-de","35":"pa_teza-kg-16-de","36":"pa_teza-kg-173-de","37":"pa_teza-tulca-kg-11-de","38":"pa_teza-tulca-kg-16-de","40":"first","41":"instock","42":"product-type-simple"},"acf":[],"gallery_images":[],"_links":{"self":[{"href":"https:\/\/intercommerce.si\/de\/wp-json\/wp\/v2\/product\/7342","targetHints":{"allow":["GET"]}}],"collection":[{"href":"https:\/\/intercommerce.si\/de\/wp-json\/wp\/v2\/product"}],"about":[{"href":"https:\/\/intercommerce.si\/de\/wp-json\/wp\/v2\/types\/product"}],"wp:featuredmedia":[{"embeddable":true,"href":"https:\/\/intercommerce.si\/de\/wp-json\/wp\/v2\/media\/1763"}],"wp:attachment":[{"href":"https:\/\/intercommerce.si\/de\/wp-json\/wp\/v2\/media?parent=7342"}],"wp:term":[{"taxonomy":"product_cat","embeddable":true,"href":"https:\/\/intercommerce.si\/de\/wp-json\/wp\/v2\/product_cat?post=7342"},{"taxonomy":"product_tag","embeddable":true,"href":"https:\/\/intercommerce.si\/de\/wp-json\/wp\/v2\/product_tag?post=7342"}],"curies":[{"name":"wp","href":"https:\/\/api.w.org\/{rel}","templated":true}]}}