{"id":7341,"date":"2024-06-18T15:06:19","date_gmt":"2024-06-18T13:06:19","guid":{"rendered":"https:\/\/intercommerce.si\/izdelek\/klebemaschinen-der-serie-b\/"},"modified":"2024-06-18T15:06:19","modified_gmt":"2024-06-18T13:06:19","slug":"klebemaschinen-der-serie-b","status":"publish","type":"product","link":"https:\/\/intercommerce.si\/de\/produkt\/klebemaschinen-der-serie-b\/","title":{"rendered":"Klebemaschinen der Serie B"},"content":{"rendered":"<p>Der Kartontransport erfolgt mittels zweier seitlicher Antriebsriemen, die von einem Motor angetrieben werden. Anpassungen f\u00fcr verschiedene Formate werden \u00fcber Handr\u00e4der vorgenommen. Die Maschine ist mit 4 Rollen mit Bremsen ausgestattet. <\/p>\n<p>Die Klebebasen k\u00f6nnen sowohl in halbautomatischen Linien mit Bediener als auch in automatischen Linien oder mit Kartonierern eingesetzt werden.<br \/>\nDas Modell GEM B52 ist in einer Version ohne Schutzvorrichtungen f\u00fcr den halbautomatischen Einsatz oder mit seitlichen Schutzvorrichtungen f\u00fcr die Integration in eine Linie erh\u00e4ltlich.<br \/>\nDie Versionen B670F und B820F sind hingegen nur mit seitlichen Schutzvorrichtungen f\u00fcr den Einsatz in automatischen Linien oder in Kombination mit automatischen Kartonierern F1000 \/ F2000 \/ F2008 \/ F2010 erh\u00e4ltlich.<\/p>\n<p>Die Modelle GEM B52 k\u00f6nnen auch aus Edelstahl gefertigt werden. <\/p>\n<p>Alle Verpackungsmaschinen der GEM-Serie sind standardm\u00e4\u00dfig mit Klebek\u00f6pfen mit einer Sicherheitsvorrichtung f\u00fcr den Bandanfangsschnitt, einem Mechanismus f\u00fcr konstanten Banddruck auf unebenen Oberfl\u00e4chen, einem Knopf zur Einstellung des Drucks der Bandauftragswalzen, einer Einstellung der Bandschneidekraft und einer automatischen Zentrierung der Bandrolle ausgestattet. Der Ger\u00e4uschpegel bei der Verwendung von normalem Polypropylenband ist auf 73,5 dB begrenzt. <\/p>\n","protected":false},"excerpt":{"rendered":"Die grundlegende Klebemaschine dient zum Verschlie\u00dfen des Kartonbodens mit Klebeband. Sie wird \u00fcblicherweise in Kombination mit automatischen Kartonierern F1000 \/ F2000 \/ F2008 \/ F2010 montiert. \n\nMaschinentyp:\n\u2022 GEM B52\n\u2022 GEM B520 \n\u2022 GEM B670 \/ GEM B820","protected":false},"featured_media":2208,"template":"","meta":{"_acf_changed":false,"inline_featured_image":false},"product_cat":[1813,1818,1829,1898],"product_tag":[],"class_list":{"0":"post-7341","1":"product","2":"type-product","3":"status-publish","4":"has-post-thumbnail","6":"product_cat-artikel","7":"product_cat-verpackungsmaschinen-und-gerate","8":"product_cat-maschinen","9":"product_cat-klebebandmaschinen-und-klebekopfe","11":"first","12":"instock","13":"product-type-simple"},"acf":[],"gallery_images":[],"_links":{"self":[{"href":"https:\/\/intercommerce.si\/de\/wp-json\/wp\/v2\/product\/7341","targetHints":{"allow":["GET"]}}],"collection":[{"href":"https:\/\/intercommerce.si\/de\/wp-json\/wp\/v2\/product"}],"about":[{"href":"https:\/\/intercommerce.si\/de\/wp-json\/wp\/v2\/types\/product"}],"wp:featuredmedia":[{"embeddable":true,"href":"https:\/\/intercommerce.si\/de\/wp-json\/wp\/v2\/media\/2208"}],"wp:attachment":[{"href":"https:\/\/intercommerce.si\/de\/wp-json\/wp\/v2\/media?parent=7341"}],"wp:term":[{"taxonomy":"product_cat","embeddable":true,"href":"https:\/\/intercommerce.si\/de\/wp-json\/wp\/v2\/product_cat?post=7341"},{"taxonomy":"product_tag","embeddable":true,"href":"https:\/\/intercommerce.si\/de\/wp-json\/wp\/v2\/product_tag?post=7341"}],"curies":[{"name":"wp","href":"https:\/\/api.w.org\/{rel}","templated":true}]}}