{"id":7340,"date":"2024-06-18T15:06:15","date_gmt":"2024-06-18T13:06:15","guid":{"rendered":"https:\/\/intercommerce.si\/izdelek\/kartonecken\/"},"modified":"2024-06-18T15:06:15","modified_gmt":"2024-06-18T13:06:15","slug":"kartonecken","status":"publish","type":"product","link":"https:\/\/intercommerce.si\/de\/produkt\/kartonecken\/","title":{"rendered":"Kartonecken"},"content":{"rendered":"<p><strong>Eigenschaften von Kartonecken<\/strong><\/p>\n<ul>\n<li><strong>Schutz der Sendung:<\/strong> Sie bieten einen besseren Schutz bei Lagerung, Handhabung und Transport und verhindern Kantensch\u00e4den.<\/li>\n<li><strong>Kompaktheit und Stabilit\u00e4t:<\/strong> Sie gew\u00e4hrleisten eine kompakte und stabile Form der Sendung.<\/li>\n<li><strong>Material:<\/strong> Hergestellt aus mehreren Papierschichten, proportional zur Dicke.<\/li>\n<li><strong>Farbanpassung:<\/strong> Standardm\u00e4\u00dfig braun, mit der M\u00f6glichkeit einer wei\u00dfen Au\u00dfenschicht, die bedruckt oder wasserabweisend sein kann (mit PE-Folie beschichtet).<\/li>\n<\/ul>\n","protected":false},"excerpt":{"rendered":"Ecken erm\u00f6glichen einen besseren Schutz der Sendung bei Lagerung, Handhabung und Transport. Sie verhindern Kantensch\u00e4den und verleihen der Sendung eine kompakte und stabile Form. Sie bestehen aus mehreren Papierschichten im Verh\u00e4ltnis zur Dicke. Die Ecken sind standardm\u00e4\u00dfig braun, auf Wunsch kann die Au\u00dfenschicht auch wei\u00df, mit einem Logo bedruckt oder wasserabweisend, mit PE-Folie beschichtet sein. Kartonecken k\u00f6nnen von innen auch selbstklebend sein.    \nDie Breiten der Seite bzw. des Schenkels der Ecke sind standardm\u00e4\u00dfig symmetrisch (z. B. 45 x 45 mm), es sind aber auch asymmetrische Breiten der Ecke erh\u00e4ltlich (z. B. 50 x 70 mm). In Kombination mit verschiedenen Dicken (2-8 mm) und einem gro\u00dfen Bereich m\u00f6glicher L\u00e4ngen (50-7000 mm) ist die Auswahl an verschiedenen m\u00f6glichen Ecken gro\u00df. Die Abmessungen der Ecken werden normalerweise in der Form z. B. 45x45x3x2000 (AxBxCxD) geschrieben. Die genauen Abmessungen h\u00e4ngen von der Vereinbarung mit dem K\u00e4ufer ab.    ","protected":false},"featured_media":2132,"template":"","meta":{"_acf_changed":false,"inline_featured_image":false},"product_cat":[1813,1823,1841,1916,1931,1836,1842],"product_tag":[],"class_list":{"0":"post-7340","1":"product","2":"type-product","3":"status-publish","4":"has-post-thumbnail","6":"product_cat-artikel","7":"product_cat-verpackungsmaterialien","8":"product_cat-papier-und-kartonprodukte","9":"product_cat-kartonwinkel-und-hulsen","10":"product_cat-kartonecken","11":"product_cat-nachhaltige-verpackung","12":"product_cat-papier-und-kartonprodukte-de","14":"first","15":"instock","16":"product-type-simple"},"acf":[],"gallery_images":[],"_links":{"self":[{"href":"https:\/\/intercommerce.si\/de\/wp-json\/wp\/v2\/product\/7340","targetHints":{"allow":["GET"]}}],"collection":[{"href":"https:\/\/intercommerce.si\/de\/wp-json\/wp\/v2\/product"}],"about":[{"href":"https:\/\/intercommerce.si\/de\/wp-json\/wp\/v2\/types\/product"}],"wp:featuredmedia":[{"embeddable":true,"href":"https:\/\/intercommerce.si\/de\/wp-json\/wp\/v2\/media\/2132"}],"wp:attachment":[{"href":"https:\/\/intercommerce.si\/de\/wp-json\/wp\/v2\/media?parent=7340"}],"wp:term":[{"taxonomy":"product_cat","embeddable":true,"href":"https:\/\/intercommerce.si\/de\/wp-json\/wp\/v2\/product_cat?post=7340"},{"taxonomy":"product_tag","embeddable":true,"href":"https:\/\/intercommerce.si\/de\/wp-json\/wp\/v2\/product_tag?post=7340"}],"curies":[{"name":"wp","href":"https:\/\/api.w.org\/{rel}","templated":true}]}}