{"id":7339,"date":"2024-06-18T15:06:24","date_gmt":"2024-06-18T13:06:24","guid":{"rendered":"https:\/\/intercommerce.si\/izdelek\/klebstoffmaschine-gem-x350-und-gem-x360\/"},"modified":"2024-06-18T15:06:24","modified_gmt":"2024-06-18T13:06:24","slug":"klebstoffmaschine-gem-x350-und-gem-x360","status":"publish","type":"product","link":"https:\/\/intercommerce.si\/de\/produkt\/klebstoffmaschine-gem-x350-und-gem-x360\/","title":{"rendered":"Klebstoffmaschine GEM X350 und GEM X360"},"content":{"rendered":"<p>Wenn Sie ein effizientes System zum Verschlie\u00dfen von Kartons suchen, ist GEM X350\/X360 die richtige L\u00f6sung. Das System X verf\u00fcgt \u00fcber eine automatische Gr\u00f6\u00dfenanpassungsfunktion, mit der Sie mit verschiedenen Kartonserien unterschiedlicher Formate arbeiten k\u00f6nnen. <\/p>\n<p>Das f\u00fcr diese Art von Verschlie\u00dfmaschine entwickelte System verf\u00fcgt \u00fcber einen perfekten Antrieb f\u00fcr alle Arten von Kartons: hohe, niedrige oder unregelm\u00e4\u00dfige Formen. Horizontal angebrachte B\u00e4nder helfen dem Karton, vollkommen gerade in die Verschlie\u00dfmaschine einzutreten. Dies erm\u00f6glicht ein perfektes Verschlie\u00dfen. Wichtig bei dieser Maschine ist, dass Sie beide Seiten verschlie\u00dfen k\u00f6nnen.<br \/>\nDie Maschine ist mit einer Vorrichtung zum Blockieren des Kartons \u00fcber seitliche mechanische Arme ausgestattet, die den Karton mit bereits vorgefalteten unteren Klappen auf der Arbeitsfl\u00e4che fixieren, was die Funktion einer F\u00fcllstation erm\u00f6glicht. In Kombination mit den Auslauf-F\u00f6rderb\u00e4ndern stellt sie eine effiziente und kosteng\u00fcnstige Verpackungsstation dar. <\/p>\n<p>Die Maschine ist auch in einer speziellen Ausf\u00fchrung f\u00fcr Kartons mit einer Mindesth\u00f6he von 55 mm erh\u00e4ltlich.<\/p>\n<p>GEM X passt sich den Transportb\u00e4ndern am Ausgang an und bildet einen Teil einer Hochleistungsverpackungsstation. Falls Sie Kartons unterschiedlicher Gr\u00f6\u00dfe verkleben m\u00fcssen, ist die GEM X-Serie die richtige L\u00f6sung. Wenn Sie eine gr\u00f6\u00dfere Kapazit\u00e4t ben\u00f6tigen, schauen Sie sich die F-Serie an.  <\/p>\n","protected":false},"excerpt":{"rendered":"Halbautomatische Verschlie\u00dfmaschine mit horizontalen oberen und unteren B\u00e4ndern, die die oberen und unteren Teile von Kartons mit festem Format mithilfe einer manuellen Einstellung gleichm\u00e4\u00dfig verschlie\u00dft. GEM X350 eignet sich besonders zum Verschlie\u00dfen von hohen und schmalen Kartons, da sie vier B\u00e4nder verwendet, zwei obere und zwei untere, die horizontal und parallel zur Arbeitsfl\u00e4che verlaufen. GEM X350 kann auch f\u00fcr Kartons mit unregelm\u00e4\u00dfigen Formen verwendet werden.  ","protected":false},"featured_media":2483,"template":"","meta":{"_acf_changed":false,"inline_featured_image":false},"product_cat":[1813,1818,1829,1898],"product_tag":[],"class_list":{"0":"post-7339","1":"product","2":"type-product","3":"status-publish","4":"has-post-thumbnail","6":"product_cat-artikel","7":"product_cat-verpackungsmaschinen-und-gerate","8":"product_cat-maschinen","9":"product_cat-klebebandmaschinen-und-klebekopfe","11":"first","12":"instock","13":"product-type-simple"},"acf":[],"gallery_images":[2484],"_links":{"self":[{"href":"https:\/\/intercommerce.si\/de\/wp-json\/wp\/v2\/product\/7339","targetHints":{"allow":["GET"]}}],"collection":[{"href":"https:\/\/intercommerce.si\/de\/wp-json\/wp\/v2\/product"}],"about":[{"href":"https:\/\/intercommerce.si\/de\/wp-json\/wp\/v2\/types\/product"}],"wp:featuredmedia":[{"embeddable":true,"href":"https:\/\/intercommerce.si\/de\/wp-json\/wp\/v2\/media\/2483"}],"wp:attachment":[{"href":"https:\/\/intercommerce.si\/de\/wp-json\/wp\/v2\/media?parent=7339"}],"wp:term":[{"taxonomy":"product_cat","embeddable":true,"href":"https:\/\/intercommerce.si\/de\/wp-json\/wp\/v2\/product_cat?post=7339"},{"taxonomy":"product_tag","embeddable":true,"href":"https:\/\/intercommerce.si\/de\/wp-json\/wp\/v2\/product_tag?post=7339"}],"curies":[{"name":"wp","href":"https:\/\/api.w.org\/{rel}","templated":true}]}}