{"id":7338,"date":"2024-06-18T15:06:15","date_gmt":"2024-06-18T13:06:15","guid":{"rendered":"https:\/\/intercommerce.si\/izdelek\/speedman-smart-box\/"},"modified":"2024-06-18T15:06:15","modified_gmt":"2024-06-18T13:06:15","slug":"speedman-smart-box","status":"publish","type":"product","link":"https:\/\/intercommerce.si\/de\/produkt\/speedman-smart-box\/","title":{"rendered":"SPEEDMAN\u00ae SMART BOX"},"content":{"rendered":"<p><strong>Eigenschaften der SPEEDMAN\u00ae SMART BOX Papierausgabebox<\/strong><\/p>\n<ul>\n<li><strong>F\u00fcllen und Sch\u00fctzen<\/strong> \u2013 zwei M\u00f6glichkeiten der Papierentnahme f\u00fcr den individuellen Produktschutz.<\/li>\n<li><strong>Schnell und einfach<\/strong> \u2013 ohne Werkzeug oder Schneideger\u00e4t.<\/li>\n<li><strong>Umweltfreundlich<\/strong> \u2013 zertifiziertes F\u00fcllmaterial aus 100 % Recyclingpapier.<\/li>\n<li><strong>Nachhaltige Alternative<\/strong> \u2013 ersetzt F\u00fcllmaterialien auf Kunststoffbasis.<\/li>\n<\/ul>\n","protected":false},"excerpt":{"rendered":"Die SpeedMan\u00ae SMART BOX ist eine praktische Box mit Papierspender. Sie eignet sich f\u00fcr kleinere Versender, die einen professionellen Verpackungsprozess gew\u00e4hrleisten und damit das Kundenerlebnis verbessern. Die SpeedMan\u00ae SMART BOX ist der ideale Einstieg in eine manuelle, \u00f6kologische L\u00f6sung zum F\u00fcllen und Polstern von Verpackungen.  ","protected":false},"featured_media":5218,"template":"","meta":{"_acf_changed":false,"inline_featured_image":false},"product_cat":[1813,1823,1824,1834,1835,1838,1836,1837],"product_tag":[],"class_list":{"0":"post-7338","1":"product","2":"type-product","3":"status-publish","4":"has-post-thumbnail","6":"product_cat-artikel","7":"product_cat-verpackungsmaterialien","8":"product_cat-schutz-von-produkten-und-fullmaterial","9":"product_cat-verpackungsfullung","10":"product_cat-papier-als-fullmaterial","11":"product_cat-gerate-zur-hohlraumfullung-und-zum-schutz-von-produkten","12":"product_cat-nachhaltige-verpackung","13":"product_cat-nachhaltige-fullmaterialien-und-produktschutz","15":"first","16":"instock","17":"product-type-simple"},"acf":[],"gallery_images":[2414,2415],"_links":{"self":[{"href":"https:\/\/intercommerce.si\/de\/wp-json\/wp\/v2\/product\/7338","targetHints":{"allow":["GET"]}}],"collection":[{"href":"https:\/\/intercommerce.si\/de\/wp-json\/wp\/v2\/product"}],"about":[{"href":"https:\/\/intercommerce.si\/de\/wp-json\/wp\/v2\/types\/product"}],"wp:featuredmedia":[{"embeddable":true,"href":"https:\/\/intercommerce.si\/de\/wp-json\/wp\/v2\/media\/5218"}],"wp:attachment":[{"href":"https:\/\/intercommerce.si\/de\/wp-json\/wp\/v2\/media?parent=7338"}],"wp:term":[{"taxonomy":"product_cat","embeddable":true,"href":"https:\/\/intercommerce.si\/de\/wp-json\/wp\/v2\/product_cat?post=7338"},{"taxonomy":"product_tag","embeddable":true,"href":"https:\/\/intercommerce.si\/de\/wp-json\/wp\/v2\/product_tag?post=7338"}],"curies":[{"name":"wp","href":"https:\/\/api.w.org\/{rel}","templated":true}]}}