{"id":7335,"date":"2025-03-24T11:45:23","date_gmt":"2025-03-24T10:45:23","guid":{"rendered":"https:\/\/intercommerce.si\/izdelek\/tesa-4541\/"},"modified":"2025-03-24T11:45:23","modified_gmt":"2025-03-24T10:45:23","slug":"tesa-4541","status":"publish","type":"product","link":"https:\/\/intercommerce.si\/de\/produkt\/tesa-4541\/","title":{"rendered":"tesa\u00ae 4541"},"content":{"rendered":"<h3><strong>Eigenschaften:<\/strong><\/h3>\n<ul>\n<li><strong>Gute Haftung<\/strong> auch auf rauen und fettigen Oberfl\u00e4chen.<\/li>\n<li><strong>Anpassungsf\u00e4higkeit ohne Faltenbildung<\/strong> \u2013 ideal f\u00fcr geformte Oberfl\u00e4chen.<\/li>\n<li><strong>Einfache Beschriftung<\/strong> \u2013 geeignet als Markierungsband.<\/li>\n<li><strong>Hohe Rei\u00dffestigkeit.<\/strong><\/li>\n<\/ul>\n","protected":false},"excerpt":{"rendered":"<strong>tesa\u00ae 4541<\/strong> ist ein hochfestes Gewebeband mit Naturkautschukkleber. Aufgrund seiner au\u00dfergew\u00f6hnlichen Flexibilit\u00e4t und Anpassungsf\u00e4higkeit passt es sich hervorragend an Oberfl\u00e4chen an, auch an rauen und fettigen. Geeignet f\u00fcr verschiedene industrielle Anwendungen.  ","protected":false},"featured_media":4150,"template":"","meta":{"_acf_changed":false,"inline_featured_image":false},"product_cat":[1821,1849],"product_tag":[],"class_list":{"0":"post-7335","1":"product","2":"type-product","3":"status-publish","4":"has-post-thumbnail","6":"product_cat-nachhaltige-klebebander-von-tesa","7":"product_cat-klebebander-fur-reparaturen","9":"first","10":"instock","11":"taxable","12":"shipping-taxable","13":"product-type-simple"},"acf":[],"gallery_images":[],"_links":{"self":[{"href":"https:\/\/intercommerce.si\/de\/wp-json\/wp\/v2\/product\/7335","targetHints":{"allow":["GET"]}}],"collection":[{"href":"https:\/\/intercommerce.si\/de\/wp-json\/wp\/v2\/product"}],"about":[{"href":"https:\/\/intercommerce.si\/de\/wp-json\/wp\/v2\/types\/product"}],"wp:featuredmedia":[{"embeddable":true,"href":"https:\/\/intercommerce.si\/de\/wp-json\/wp\/v2\/media\/4150"}],"wp:attachment":[{"href":"https:\/\/intercommerce.si\/de\/wp-json\/wp\/v2\/media?parent=7335"}],"wp:term":[{"taxonomy":"product_cat","embeddable":true,"href":"https:\/\/intercommerce.si\/de\/wp-json\/wp\/v2\/product_cat?post=7335"},{"taxonomy":"product_tag","embeddable":true,"href":"https:\/\/intercommerce.si\/de\/wp-json\/wp\/v2\/product_tag?post=7335"}],"curies":[{"name":"wp","href":"https:\/\/api.w.org\/{rel}","templated":true}]}}