{"id":7331,"date":"2024-06-18T15:06:00","date_gmt":"2024-06-18T13:06:00","guid":{"rendered":"https:\/\/intercommerce.si\/izdelek\/tesapack-6076-handabroller-fuer-klebeband\/"},"modified":"2024-06-18T15:06:00","modified_gmt":"2024-06-18T13:06:00","slug":"tesapack-6076-handabroller-fuer-klebeband","status":"publish","type":"product","link":"https:\/\/intercommerce.si\/de\/produkt\/tesapack-6076-handabroller-fuer-klebeband\/","title":{"rendered":"tesapack\u00ae 6076 \u2013 Handabroller f\u00fcr Klebeband"},"content":{"rendered":"<p>Eigenschaften des Handabrollers f\u00fcr Klebeband tesapack\u00ae 6076:<\/p>\n<ul>\n<li>Metallgeh\u00e4use,<\/li>\n<li>praktisch im Gebrauch.<\/li>\n<\/ul>\n","protected":false},"excerpt":{"rendered":"tesapack\u00ae 6076 ist ein praktischer Abroller f\u00fcr Verpackungsband, der mit B\u00e4ndern einer Breite von 38 mm oder 50 mm bis zu einer L\u00e4nge von 66 m verwendet werden kann.","protected":false},"featured_media":2305,"template":"","meta":{"_acf_changed":false,"inline_featured_image":false},"product_cat":[1813,1823,1846,1847,1883],"product_tag":[],"class_list":{"0":"post-7331","1":"product","2":"type-product","3":"status-publish","4":"has-post-thumbnail","6":"product_cat-artikel","7":"product_cat-verpackungsmaterialien","8":"product_cat-klebebander","9":"product_cat-tesa-de","10":"product_cat-klebebandabroller","11":"pa_aplikacija-handbuch","13":"first","14":"instock","15":"product-type-simple"},"acf":[],"gallery_images":[2306],"_links":{"self":[{"href":"https:\/\/intercommerce.si\/de\/wp-json\/wp\/v2\/product\/7331","targetHints":{"allow":["GET"]}}],"collection":[{"href":"https:\/\/intercommerce.si\/de\/wp-json\/wp\/v2\/product"}],"about":[{"href":"https:\/\/intercommerce.si\/de\/wp-json\/wp\/v2\/types\/product"}],"wp:featuredmedia":[{"embeddable":true,"href":"https:\/\/intercommerce.si\/de\/wp-json\/wp\/v2\/media\/2305"}],"wp:attachment":[{"href":"https:\/\/intercommerce.si\/de\/wp-json\/wp\/v2\/media?parent=7331"}],"wp:term":[{"taxonomy":"product_cat","embeddable":true,"href":"https:\/\/intercommerce.si\/de\/wp-json\/wp\/v2\/product_cat?post=7331"},{"taxonomy":"product_tag","embeddable":true,"href":"https:\/\/intercommerce.si\/de\/wp-json\/wp\/v2\/product_tag?post=7331"}],"curies":[{"name":"wp","href":"https:\/\/api.w.org\/{rel}","templated":true}]}}