{"id":7330,"date":"2024-06-18T15:06:09","date_gmt":"2024-06-18T13:06:09","guid":{"rendered":"https:\/\/intercommerce.si\/izdelek\/vci-folien-und-beutel\/"},"modified":"2024-06-18T15:06:09","modified_gmt":"2024-06-18T13:06:09","slug":"vci-folien-und-beutel","status":"publish","type":"product","link":"https:\/\/intercommerce.si\/de\/produkt\/vci-folien-und-beutel\/","title":{"rendered":"VCI-Folien und -Beutel"},"content":{"rendered":"<p><strong>Eigenschaften von VCI-Folien und -Beuteln<\/strong><\/p>\n<ul>\n<li><strong>Korrosionsschutz:<\/strong> Sie sch\u00fctzen Metallgegenst\u00e4nde bis zu f\u00fcnf Jahre lang vor Korrosion.<\/li>\n<li><strong>Ma\u00dfanfertigung m\u00f6glich:<\/strong> Auswahl verschiedener Gr\u00f6\u00dfen oder kundenspezifische Fertigung.<\/li>\n<li><strong>Recyclingf\u00e4higkeit:<\/strong> 100-prozentige Recyclingm\u00f6glichkeit.<\/li>\n<\/ul>\n","protected":false},"excerpt":{"rendered":"VCI-Folien sind beidseitig mit einer fl\u00fcchtigen Schicht VCI-Substanzen zum Korrosionsschutz beschichtet. Beim Umwickeln des Produkts f\u00fcllen die dispergierten D\u00e4mpfe der VCI-Molek\u00fcle den geschlossenen Luftraum und bedecken dann aufgrund der Anziehungskraft des Metalls dessen Oberfl\u00e4che, wodurch es bis zu f\u00fcnf Jahre lang vor den sch\u00e4dlichen Auswirkungen von Feuchtigkeit gesch\u00fctzt wird. Beim \u00d6ffnen der Verpackung verdampfen die Molek\u00fcle auf der Oberfl\u00e4che innerhalb von zwei bis drei Stunden. Das Metallteil ist trocken, sauber und sofort einsatzbereit.   \n\nWir unterscheiden verschiedene Arten von VCI-Folien:\n\u2022 VCI-Folien als Flachfolie,\n\u2022 als Beutel,\n\u2022 als Rei\u00dfverschlussbeutel,\n\u2022 Luftpolsterfolie,\n\u2022 Hand- und Maschinenstretchfolien sowie Minifolien.","protected":false},"featured_media":4954,"template":"","meta":{"_acf_changed":false,"inline_featured_image":false},"product_cat":[1813,1823,1824,1914],"product_tag":[],"class_list":{"0":"post-7330","1":"product","2":"type-product","3":"status-publish","4":"has-post-thumbnail","6":"product_cat-artikel","7":"product_cat-verpackungsmaterialien","8":"product_cat-schutz-von-produkten-und-fullmaterial","9":"product_cat-korrosionsschutz-fur-metallprodukte","11":"first","12":"instock","13":"product-type-simple"},"acf":[],"gallery_images":[4956,4958],"_links":{"self":[{"href":"https:\/\/intercommerce.si\/de\/wp-json\/wp\/v2\/product\/7330","targetHints":{"allow":["GET"]}}],"collection":[{"href":"https:\/\/intercommerce.si\/de\/wp-json\/wp\/v2\/product"}],"about":[{"href":"https:\/\/intercommerce.si\/de\/wp-json\/wp\/v2\/types\/product"}],"wp:featuredmedia":[{"embeddable":true,"href":"https:\/\/intercommerce.si\/de\/wp-json\/wp\/v2\/media\/4954"}],"wp:attachment":[{"href":"https:\/\/intercommerce.si\/de\/wp-json\/wp\/v2\/media?parent=7330"}],"wp:term":[{"taxonomy":"product_cat","embeddable":true,"href":"https:\/\/intercommerce.si\/de\/wp-json\/wp\/v2\/product_cat?post=7330"},{"taxonomy":"product_tag","embeddable":true,"href":"https:\/\/intercommerce.si\/de\/wp-json\/wp\/v2\/product_tag?post=7330"}],"curies":[{"name":"wp","href":"https:\/\/api.w.org\/{rel}","templated":true}]}}