{"id":7329,"date":"2024-06-18T15:06:05","date_gmt":"2024-06-18T13:06:05","guid":{"rendered":"https:\/\/intercommerce.si\/izdelek\/werkzeug-zum-schrumpfen-von-ldpe-folie\/"},"modified":"2024-06-18T15:06:05","modified_gmt":"2024-06-18T13:06:05","slug":"werkzeug-zum-schrumpfen-von-ldpe-folie","status":"publish","type":"product","link":"https:\/\/intercommerce.si\/de\/produkt\/werkzeug-zum-schrumpfen-von-ldpe-folie\/","title":{"rendered":"Werkzeug zum Schrumpfen von LDPE-Folie"},"content":{"rendered":"<p>Eigenschaften von Brennern zum Thermoschrumpfen:<\/p>\n<ul>\n<li>Vielseitig einsetzbar in zahlreichen Bereichen: in der Logistik, f\u00fcr Verpackungen, im Bauwesen, beim Segeln, in der Luftfahrt.<\/li>\n<li>Die ergonomische Form der Pistole erm\u00f6glicht eine einfache Handhabung.<\/li>\n<li>Besch\u00e4digt das Produkt nicht (bei richtiger Anwendung).<\/li>\n<li>Bestimmte Modelle erm\u00f6glichen den Austausch des Aufsatzes f\u00fcr Form und St\u00e4rke der Flamme. Ein solches Set erm\u00f6glicht einen breiteren und vielf\u00e4ltigeren Verwendungszweck. <\/li>\n<\/ul>\n","protected":false},"excerpt":{"rendered":"Wir bieten einen Gasbrenner zum Schrumpfen von LDPE-Folie an, der das Schrumpfen von Folien aller St\u00e4rken erm\u00f6glicht. Er kann in Werkst\u00e4tten oder auf Baustellen zum Verpacken von Paketen, verschiedenen Teilen oder Maschinen aller Formen und Formate verwendet werden. Diese Hei\u00dfschrumpfpistole wird an eine 13- oder 35-Kilogramm-Gasflasche angeschlossen, die normalerweise mit einem speziellen Wagen bewegt wird.\nDer Gasbrenner wird in einer Tasche geliefert und kann f\u00fcr Zwecke wie Schrumpfen, Palettieren, Verpacken, Winterlagerung usw. verwendet werden.\nWir haben mehrere Modelle im Angebot. Sie unterscheiden sich in:\n\u2022 Flammenst\u00e4rke \u2013 von 65 kW bis 100 kW\n\u2022 Flammenform \u2013 l\u00e4nglich oder rund.   ","protected":false},"featured_media":2062,"template":"","meta":{"_acf_changed":false,"inline_featured_image":false},"product_cat":[1813,1823,1885,1925],"product_tag":[],"class_list":{"0":"post-7329","1":"product","2":"type-product","3":"status-publish","4":"has-post-thumbnail","6":"product_cat-artikel","7":"product_cat-verpackungsmaterialien","8":"product_cat-sacke","9":"product_cat-thermoschrumpf-ldpe-sacke-und-schrumpfwerkzeuge","11":"first","12":"instock","13":"product-type-simple"},"acf":[],"gallery_images":[2063],"_links":{"self":[{"href":"https:\/\/intercommerce.si\/de\/wp-json\/wp\/v2\/product\/7329","targetHints":{"allow":["GET"]}}],"collection":[{"href":"https:\/\/intercommerce.si\/de\/wp-json\/wp\/v2\/product"}],"about":[{"href":"https:\/\/intercommerce.si\/de\/wp-json\/wp\/v2\/types\/product"}],"wp:featuredmedia":[{"embeddable":true,"href":"https:\/\/intercommerce.si\/de\/wp-json\/wp\/v2\/media\/2062"}],"wp:attachment":[{"href":"https:\/\/intercommerce.si\/de\/wp-json\/wp\/v2\/media?parent=7329"}],"wp:term":[{"taxonomy":"product_cat","embeddable":true,"href":"https:\/\/intercommerce.si\/de\/wp-json\/wp\/v2\/product_cat?post=7329"},{"taxonomy":"product_tag","embeddable":true,"href":"https:\/\/intercommerce.si\/de\/wp-json\/wp\/v2\/product_tag?post=7329"}],"curies":[{"name":"wp","href":"https:\/\/api.w.org\/{rel}","templated":true}]}}