{"id":7328,"date":"2024-06-18T15:05:51","date_gmt":"2024-06-18T13:05:51","guid":{"rendered":"https:\/\/intercommerce.si\/izdelek\/freezer-klebebaender\/"},"modified":"2024-06-18T15:05:51","modified_gmt":"2024-06-18T13:05:51","slug":"freezer-klebebaender","status":"publish","type":"product","link":"https:\/\/intercommerce.si\/de\/produkt\/freezer-klebebaender\/","title":{"rendered":"Freezer-Klebeb\u00e4nder"},"content":{"rendered":"<p><strong>Eigenschaften von Freezer-Klebeb\u00e4ndern<\/strong><\/p>\n<ul>\n<li>Geeignet f\u00fcr die Verpackung von Kartonagen bei niedrigen Temperaturen<\/li>\n<li>Anwendung bei Raumtemperatur<\/li>\n<li>Best\u00e4ndig gegen niedrige Temperaturen bis -20\u00b0C<\/li>\n<\/ul>\n","protected":false},"excerpt":{"rendered":"Freezer-Klebeb\u00e4nder eignen sich f\u00fcr das Verpacken von Kartonagen in R\u00e4umen mit einem Temperaturbereich von 5\u00b0C oder weniger.","protected":false},"featured_media":1824,"template":"","meta":{"_acf_changed":false,"inline_featured_image":false},"product_cat":[1813,1930,1846,1823],"product_tag":[],"class_list":{"0":"post-7328","1":"product","2":"type-product","3":"status-publish","4":"has-post-thumbnail","6":"product_cat-artikel","7":"product_cat-freezer-klebebander","8":"product_cat-klebebander","9":"product_cat-verpackungsmaterialien","10":"pa_aplikacija-handbuch","11":"pa_aplikacija-hardware","12":"pa_barva-transparent-de","13":"pa_navitje-na-roli-m-66-de","14":"pa_navitje-na-roli-m-990-de","15":"pa_nosilec-bopp-de","16":"pa_sirina-mm-48-de","17":"pa_sirina-mm-50-de","18":"pa_st-izdelkov-v-skatli-36-de","19":"pa_st-izdelkov-v-skatli-6-de","20":"pa_vrsta-lepila-wasser-acrylat-bio-losungsmittel","22":"first","23":"instock","24":"product-type-simple"},"acf":[],"gallery_images":[],"_links":{"self":[{"href":"https:\/\/intercommerce.si\/de\/wp-json\/wp\/v2\/product\/7328","targetHints":{"allow":["GET"]}}],"collection":[{"href":"https:\/\/intercommerce.si\/de\/wp-json\/wp\/v2\/product"}],"about":[{"href":"https:\/\/intercommerce.si\/de\/wp-json\/wp\/v2\/types\/product"}],"wp:featuredmedia":[{"embeddable":true,"href":"https:\/\/intercommerce.si\/de\/wp-json\/wp\/v2\/media\/1824"}],"wp:attachment":[{"href":"https:\/\/intercommerce.si\/de\/wp-json\/wp\/v2\/media?parent=7328"}],"wp:term":[{"taxonomy":"product_cat","embeddable":true,"href":"https:\/\/intercommerce.si\/de\/wp-json\/wp\/v2\/product_cat?post=7328"},{"taxonomy":"product_tag","embeddable":true,"href":"https:\/\/intercommerce.si\/de\/wp-json\/wp\/v2\/product_tag?post=7328"}],"curies":[{"name":"wp","href":"https:\/\/api.w.org\/{rel}","templated":true}]}}