{"id":7326,"date":"2024-06-18T15:06:05","date_gmt":"2024-06-18T13:06:05","guid":{"rendered":"https:\/\/intercommerce.si\/izdelek\/skalpell-slice-keramik-skalpell\/"},"modified":"2024-06-18T15:06:05","modified_gmt":"2024-06-18T13:06:05","slug":"skalpell-slice-keramik-skalpell","status":"publish","type":"product","link":"https:\/\/intercommerce.si\/de\/produkt\/skalpell-slice-keramik-skalpell\/","title":{"rendered":"Skalpell \u2013 Slice\u2122 Keramik-Skalpell"},"content":{"rendered":"<p><strong>Eigenschaften des Slice\u2122 Keramik-Skalpells<\/strong><\/p>\n<ul>\n<li>Sicheres Messer mit Keramikklinge.<\/li>\n<li>Schlanker, geradlinig gestalteter Griff, mit dem Sie enge Stellen erreichen.<\/li>\n<li>Leicht, ausgewogen f\u00fcr Stabilit\u00e4t.<\/li>\n<li>Klingenwechsel ohne Werkzeug.<\/li>\n<li>Reduziert Verletzungen und unn\u00f6tige medizinische Kosten.<\/li>\n<li>Fingerfreundliche Keramikschneide.<\/li>\n<\/ul>\n","protected":false},"excerpt":{"rendered":"Das Slice\u2122 Keramik-Skalpell ist ein praktisches Skalpell mit Keramikklinge, das sich f\u00fcr B\u00fcros, Labore und grafische Arbeiten eignet. Es ist f\u00fcr Klebeband und Papier gedacht. ","protected":false},"featured_media":5156,"template":"","meta":{"_acf_changed":false,"inline_featured_image":false},"product_cat":[1813,1823,1851,1876,1853],"product_tag":[],"class_list":{"0":"post-7326","1":"product","2":"type-product","3":"status-publish","4":"has-post-thumbnail","6":"product_cat-artikel","7":"product_cat-verpackungsmaterialien","8":"product_cat-sicherheitsmesser","9":"product_cat-keramikklinge","10":"product_cat-sicherheitsmesser-de","12":"first","13":"instock","14":"product-type-simple"},"acf":[],"gallery_images":[],"_links":{"self":[{"href":"https:\/\/intercommerce.si\/de\/wp-json\/wp\/v2\/product\/7326","targetHints":{"allow":["GET"]}}],"collection":[{"href":"https:\/\/intercommerce.si\/de\/wp-json\/wp\/v2\/product"}],"about":[{"href":"https:\/\/intercommerce.si\/de\/wp-json\/wp\/v2\/types\/product"}],"wp:featuredmedia":[{"embeddable":true,"href":"https:\/\/intercommerce.si\/de\/wp-json\/wp\/v2\/media\/5156"}],"wp:attachment":[{"href":"https:\/\/intercommerce.si\/de\/wp-json\/wp\/v2\/media?parent=7326"}],"wp:term":[{"taxonomy":"product_cat","embeddable":true,"href":"https:\/\/intercommerce.si\/de\/wp-json\/wp\/v2\/product_cat?post=7326"},{"taxonomy":"product_tag","embeddable":true,"href":"https:\/\/intercommerce.si\/de\/wp-json\/wp\/v2\/product_tag?post=7326"}],"curies":[{"name":"wp","href":"https:\/\/api.w.org\/{rel}","templated":true}]}}