{"id":7325,"date":"2024-06-18T15:06:05","date_gmt":"2024-06-18T13:06:05","guid":{"rendered":"https:\/\/intercommerce.si\/izdelek\/sicherheitsmesser-slice-auto-retractable-squeeze-trigger-utility-knife\/"},"modified":"2024-06-18T15:06:05","modified_gmt":"2024-06-18T13:06:05","slug":"sicherheitsmesser-slice-auto-retractable-squeeze-trigger-utility-knife","status":"publish","type":"product","link":"https:\/\/intercommerce.si\/de\/produkt\/sicherheitsmesser-slice-auto-retractable-squeeze-trigger-utility-knife\/","title":{"rendered":"Sicherheitsmesser \u2013 Slice\u2122 Auto-Retractable Squeeze-Trigger Utility Knife"},"content":{"rendered":"<p><strong>Eigenschaften des Slice\u2122 Auto-Retractable Squeeze-Trigger Utility Knife Sicherheitsmessers<\/strong><\/p>\n<ul>\n<li>Automatisches Einzieh-Messer mit Druckausl\u00f6ser.<\/li>\n<li>Mit Keramikklinge.<\/li>\n<li>Robuster Nylongriff.<\/li>\n<li>Ideal f\u00fcr Arbeiten mit Handschuhen.<\/li>\n<li>Dr\u00fccken Sie, um die Klinge freizulegen.<\/li>\n<li>Automatischer R\u00fcckzug: Die Keramikklinge zieht sich zur\u00fcck, wenn Sie den Druckausl\u00f6ser loslassen.<\/li>\n<li>Werkzeugloser Klingenwechsel.<\/li>\n<li>Verriegelungsfunktion.<\/li>\n<li>Reduziert Verletzungen und senkt unn\u00f6tige medizinische Kosten.<\/li>\n<li>Fingersichere Keramikklingenkante.<\/li>\n<\/ul>\n<p><strong>Geeignet f\u00fcr Materialien:<\/strong><\/p>\n<ul>\n<li>f\u00fcnflagiger Karton,<\/li>\n<li>Klebeband,<\/li>\n<li>Verpackungsband,<\/li>\n<li>Plastik- und Papiert\u00fcten,<\/li>\n<li>LDPE-Folie.<\/li>\n<\/ul>\n","protected":false},"excerpt":{"rendered":"Slice\u2122 Auto-Retractable Squeeze-Trigger Utility Knife","protected":false},"featured_media":5158,"template":"","meta":{"_acf_changed":false,"inline_featured_image":false},"product_cat":[1813,1823,1851,1876,1853],"product_tag":[],"class_list":{"0":"post-7325","1":"product","2":"type-product","3":"status-publish","4":"has-post-thumbnail","6":"product_cat-artikel","7":"product_cat-verpackungsmaterialien","8":"product_cat-sicherheitsmesser","9":"product_cat-keramikklinge","10":"product_cat-sicherheitsmesser-de","12":"first","13":"instock","14":"product-type-simple"},"acf":[],"gallery_images":[],"_links":{"self":[{"href":"https:\/\/intercommerce.si\/de\/wp-json\/wp\/v2\/product\/7325","targetHints":{"allow":["GET"]}}],"collection":[{"href":"https:\/\/intercommerce.si\/de\/wp-json\/wp\/v2\/product"}],"about":[{"href":"https:\/\/intercommerce.si\/de\/wp-json\/wp\/v2\/types\/product"}],"wp:featuredmedia":[{"embeddable":true,"href":"https:\/\/intercommerce.si\/de\/wp-json\/wp\/v2\/media\/5158"}],"wp:attachment":[{"href":"https:\/\/intercommerce.si\/de\/wp-json\/wp\/v2\/media?parent=7325"}],"wp:term":[{"taxonomy":"product_cat","embeddable":true,"href":"https:\/\/intercommerce.si\/de\/wp-json\/wp\/v2\/product_cat?post=7325"},{"taxonomy":"product_tag","embeddable":true,"href":"https:\/\/intercommerce.si\/de\/wp-json\/wp\/v2\/product_tag?post=7325"}],"curies":[{"name":"wp","href":"https:\/\/api.w.org\/{rel}","templated":true}]}}