{"id":7322,"date":"2025-07-16T12:25:02","date_gmt":"2025-07-16T10:25:02","guid":{"rendered":"https:\/\/intercommerce.si\/izdelek\/tesa-6500-handabroller-fuer-paketband\/"},"modified":"2025-07-16T12:25:02","modified_gmt":"2025-07-16T10:25:02","slug":"tesa-6500-handabroller-fuer-paketband","status":"publish","type":"product","link":"https:\/\/intercommerce.si\/de\/produkt\/tesa-6500-handabroller-fuer-paketband\/","title":{"rendered":"tesa\u00ae 6500 Handabroller f\u00fcr Paketband"},"content":{"rendered":"","protected":false},"excerpt":{"rendered":"Der <strong data-start=\"1826\" data-end=\"1849\">tesa\u00ae 6500 LowNoise<\/strong> ist ein hochwertiger Handabroller f\u00fcr Paketband, der speziell f\u00fcr einen leiseren Betrieb entwickelt wurde. Er verf\u00fcgt \u00fcber einen ergonomischen Softgriff, eine einstellbare Spannkraft und ein Sicherheitsmesser. Er eignet sich f\u00fcr ger\u00e4uscharme Industrieumgebungen, insbesondere in der Logistik und Verpackung. Er ist mit recycelten tesa\u00ae-B\u00e4ndern kompatibel. Der Abroller erm\u00f6glicht ein ger\u00e4uscharmes Abrollen des Bandes mit Hilfe eines speziellen Hebels, ist jedoch nicht f\u00fcr B\u00e4nder mit sehr hoher Abrollkraft geeignet.    ","protected":false},"featured_media":5718,"template":"","meta":{"_acf_changed":false,"inline_featured_image":false},"product_cat":[1883,1884],"product_tag":[],"class_list":{"0":"post-7322","1":"product","2":"type-product","3":"status-publish","4":"has-post-thumbnail","6":"product_cat-klebebandabroller","7":"product_cat-klebebandabroller-de","9":"first","10":"instock","11":"taxable","12":"shipping-taxable","13":"product-type-simple"},"acf":[],"gallery_images":[],"_links":{"self":[{"href":"https:\/\/intercommerce.si\/de\/wp-json\/wp\/v2\/product\/7322","targetHints":{"allow":["GET"]}}],"collection":[{"href":"https:\/\/intercommerce.si\/de\/wp-json\/wp\/v2\/product"}],"about":[{"href":"https:\/\/intercommerce.si\/de\/wp-json\/wp\/v2\/types\/product"}],"wp:featuredmedia":[{"embeddable":true,"href":"https:\/\/intercommerce.si\/de\/wp-json\/wp\/v2\/media\/5718"}],"wp:attachment":[{"href":"https:\/\/intercommerce.si\/de\/wp-json\/wp\/v2\/media?parent=7322"}],"wp:term":[{"taxonomy":"product_cat","embeddable":true,"href":"https:\/\/intercommerce.si\/de\/wp-json\/wp\/v2\/product_cat?post=7322"},{"taxonomy":"product_tag","embeddable":true,"href":"https:\/\/intercommerce.si\/de\/wp-json\/wp\/v2\/product_tag?post=7322"}],"curies":[{"name":"wp","href":"https:\/\/api.w.org\/{rel}","templated":true}]}}