{"id":7321,"date":"2025-03-28T08:03:42","date_gmt":"2025-03-28T07:03:42","guid":{"rendered":"https:\/\/intercommerce.si\/izdelek\/tesa-4316-pv3\/"},"modified":"2025-03-28T08:03:42","modified_gmt":"2025-03-28T07:03:42","slug":"tesa-4316-pv3","status":"publish","type":"product","link":"https:\/\/intercommerce.si\/de\/produkt\/tesa-4316-pv3\/","title":{"rendered":"tesa\u00ae 4316 PV3"},"content":{"rendered":"<p>Eigenschaften:<\/p>\n<ul>\n<li>D\u00fcnnes und anpassungsf\u00e4higes Tr\u00e4germaterial.<\/li>\n<li>Best\u00e4ndig gegen Nassschliff.<\/li>\n<li>Geeignet f\u00fcr verschiedene Farben und F\u00fcllstoffe.<\/li>\n<li>Ausgezeichnete Haftung zur Fixierung von Masken gegen \u00fcberm\u00e4\u00dfiges Spritzen.<\/li>\n<li>Geeignet zum Abdecken mit anschlie\u00dfender Trocknung im Trockner bei Temperaturen bis zu 100 \u00b0C.<\/li>\n<li>54 Prozent Bioanteil am Gesamtprodukt ohne Tr\u00e4ger.<\/li>\n<\/ul>\n","protected":false},"excerpt":{"rendered":"tesa\u00ae 4316 eignet sich f\u00fcr verschiedene Abdeckanwendungen mit einer Temperaturbest\u00e4ndigkeit von bis zu 100 \u00b0C f\u00fcr die anschlie\u00dfende Ofentrocknung. Das Band besteht aus einem Tr\u00e4ger aus feinem Krepppapier, der \u00e4u\u00dferst flexibel und anpassungsf\u00e4hig ist, sowie einem Klebstoffsystem aus Naturkautschuk. Der Klebstoff hat eine gute Klebkraft auf verschiedenen Oberfl\u00e4chen, auch auf schwierigen Oberfl\u00e4chen wie lackiertem Metall oder Gummi. Das Band ist von Hand abrei\u00dfbar, leicht zu entfernen und erm\u00f6glicht eine sehr gute Farbhaftung. Au\u00dferdem ist das Band best\u00e4ndig gegen Nassschliff. Farben und F\u00fcllstoffe haften gut auf dem Untergrund.     \n\n&nbsp;","protected":false},"featured_media":4176,"template":"","meta":{"_acf_changed":false,"inline_featured_image":false},"product_cat":[1821,1893],"product_tag":[],"class_list":{"0":"post-7321","1":"product","2":"type-product","3":"status-publish","4":"has-post-thumbnail","6":"product_cat-nachhaltige-klebebander-von-tesa","7":"product_cat-abdeckbander","9":"first","10":"instock","11":"taxable","12":"shipping-taxable","13":"product-type-simple"},"acf":[],"gallery_images":[],"_links":{"self":[{"href":"https:\/\/intercommerce.si\/de\/wp-json\/wp\/v2\/product\/7321","targetHints":{"allow":["GET"]}}],"collection":[{"href":"https:\/\/intercommerce.si\/de\/wp-json\/wp\/v2\/product"}],"about":[{"href":"https:\/\/intercommerce.si\/de\/wp-json\/wp\/v2\/types\/product"}],"wp:featuredmedia":[{"embeddable":true,"href":"https:\/\/intercommerce.si\/de\/wp-json\/wp\/v2\/media\/4176"}],"wp:attachment":[{"href":"https:\/\/intercommerce.si\/de\/wp-json\/wp\/v2\/media?parent=7321"}],"wp:term":[{"taxonomy":"product_cat","embeddable":true,"href":"https:\/\/intercommerce.si\/de\/wp-json\/wp\/v2\/product_cat?post=7321"},{"taxonomy":"product_tag","embeddable":true,"href":"https:\/\/intercommerce.si\/de\/wp-json\/wp\/v2\/product_tag?post=7321"}],"curies":[{"name":"wp","href":"https:\/\/api.w.org\/{rel}","templated":true}]}}