{"id":7318,"date":"2024-06-18T15:06:15","date_gmt":"2024-06-18T13:06:15","guid":{"rendered":"https:\/\/intercommerce.si\/izdelek\/industrielle-reinigungstuecher\/"},"modified":"2024-06-18T15:06:15","modified_gmt":"2024-06-18T13:06:15","slug":"industrielle-reinigungstuecher","status":"publish","type":"product","link":"https:\/\/intercommerce.si\/de\/produkt\/industrielle-reinigungstuecher\/","title":{"rendered":"Industrielle Reinigungst\u00fccher"},"content":{"rendered":"<p><strong>Eigenschaften von Reinigungst\u00fcchern<\/strong><\/p>\n<ul>\n<li>Hohe Saugf\u00e4higkeit.<\/li>\n<li>Sie hinterlassen keine sogenannten Fusseln (feine, mit blo\u00dfem Auge schwer erkennbare Partikel).  <\/li>\n<li>Sie gew\u00e4hrleisten eine effektive Reinigung.<\/li>\n<li>Frei von Bindemitteln und Chemikalien.<\/li>\n<li>Frei von L\u00f6sungsmitteln und Silikon.<\/li>\n<li>F\u00fcr den trockenen und nassen Gebrauch.<\/li>\n<li>Sie bestehen aus Zellulose- und Polyesterfasern.<\/li>\n<li>Erh\u00e4ltlich in verschiedenen Gr\u00f6\u00dfen, Ausf\u00fchrungen und Verpackungen.<\/li>\n<\/ul>\n","protected":false},"excerpt":{"rendered":"In verschiedenen Industriezweigen treten bei der Arbeit unerw\u00fcnschte Verunreinigungen, \u00d6l, Staub, Fl\u00fcssigkeiten usw. auf. F\u00fcr einen reibungslosen Betrieb sind st\u00e4ndige Wartung und Entfernung von Verunreinigungen erforderlich. Um die hohen Erwartungen des Marktes f\u00fcr industrielle Reinigung zu erf\u00fcllen, umfasst unser Angebot industrielle Reinigungst\u00fccher und industrielle Papierhandt\u00fccher. ","protected":false},"featured_media":2160,"template":"","meta":{"_acf_changed":false,"inline_featured_image":false},"product_cat":[1813,1823,1841,1929],"product_tag":[],"class_list":{"0":"post-7318","1":"product","2":"type-product","3":"status-publish","4":"has-post-thumbnail","6":"product_cat-artikel","7":"product_cat-verpackungsmaterialien","8":"product_cat-papier-und-kartonprodukte","9":"product_cat-industrielle-reinigungstucher","11":"first","12":"instock","13":"product-type-simple"},"acf":[],"gallery_images":[],"_links":{"self":[{"href":"https:\/\/intercommerce.si\/de\/wp-json\/wp\/v2\/product\/7318","targetHints":{"allow":["GET"]}}],"collection":[{"href":"https:\/\/intercommerce.si\/de\/wp-json\/wp\/v2\/product"}],"about":[{"href":"https:\/\/intercommerce.si\/de\/wp-json\/wp\/v2\/types\/product"}],"wp:featuredmedia":[{"embeddable":true,"href":"https:\/\/intercommerce.si\/de\/wp-json\/wp\/v2\/media\/2160"}],"wp:attachment":[{"href":"https:\/\/intercommerce.si\/de\/wp-json\/wp\/v2\/media?parent=7318"}],"wp:term":[{"taxonomy":"product_cat","embeddable":true,"href":"https:\/\/intercommerce.si\/de\/wp-json\/wp\/v2\/product_cat?post=7318"},{"taxonomy":"product_tag","embeddable":true,"href":"https:\/\/intercommerce.si\/de\/wp-json\/wp\/v2\/product_tag?post=7318"}],"curies":[{"name":"wp","href":"https:\/\/api.w.org\/{rel}","templated":true}]}}