{"id":7316,"date":"2024-10-16T11:31:37","date_gmt":"2024-10-16T09:31:37","guid":{"rendered":"https:\/\/intercommerce.si\/izdelek\/schrumpfwerkzeug-fuer-ldpe-folie\/"},"modified":"2024-10-16T11:31:37","modified_gmt":"2024-10-16T09:31:37","slug":"schrumpfwerkzeug-fuer-ldpe-folie","status":"publish","type":"product","link":"https:\/\/intercommerce.si\/de\/produkt\/schrumpfwerkzeug-fuer-ldpe-folie\/","title":{"rendered":"Schrumpfwerkzeug f\u00fcr LDPE-Folie"},"content":{"rendered":"<p>Eigenschaften der Schrumpfbrenner:<\/p>\n<ul>\n<li>Sie ist vielseitig einsetzbar in zahlreichen Bereichen: in der Logistik, f\u00fcr Verpackungen, im Bauwesen, beim Segeln, in der Luftfahrt.<\/li>\n<li>Die ergonomische Form der Pistole erm\u00f6glicht eine einfache Handhabung.<\/li>\n<li>Besch\u00e4digt das Produkt nicht (bei korrekter Anwendung).<\/li>\n<li>Bestimmte Modelle erm\u00f6glichen den Wechsel des Aufsatzes f\u00fcr Flammenform und -st\u00e4rke. Ein solches Set erm\u00f6glicht einen breiteren und vielf\u00e4ltigeren Anwendungsbereich. <\/li>\n<\/ul>\n","protected":false},"excerpt":{"rendered":"Wir bieten einen Gasbrenner zum Schrumpfen von LDPE-Folie an, der das Schrumpfen von Folien aller Dicken erm\u00f6glicht. Er kann in Werkst\u00e4tten oder auf Baustellen zum Verpacken von Paketen, verschiedenen Teilen oder Maschinen aller Formen und Gr\u00f6\u00dfen verwendet werden. Diese Hei\u00dfschrumpfpistole wird an eine 13 oder 35 Kilogramm schwere Gasflasche angeschlossen, die normalerweise mit einem speziellen Wagen bewegt wird.\nDer Gasbrenner wird in einer Tasche geliefert und kann f\u00fcr Zwecke wie Schrumpfen, Palettieren, Verpacken, Winterlagerung usw. verwendet werden.\nWir bieten mehrere Modelle an. Sie unterscheiden sich in:\n\u2022 Flammenleistung \u2013 von 65 kW bis 100 kW\n\u2022 Flammenform \u2013 l\u00e4nglich oder rund.   ","protected":false},"featured_media":4918,"template":"","meta":{"_acf_changed":false,"inline_featured_image":false},"product_cat":[1813,1928],"product_tag":[],"class_list":{"0":"post-7316","1":"product","2":"type-product","3":"status-publish","4":"has-post-thumbnail","6":"product_cat-artikel","7":"product_cat-schrumpfwerkzeug-fur-ldpe-folie","9":"first","10":"instock","11":"taxable","12":"shipping-taxable","13":"product-type-simple"},"acf":[],"gallery_images":[2063],"_links":{"self":[{"href":"https:\/\/intercommerce.si\/de\/wp-json\/wp\/v2\/product\/7316","targetHints":{"allow":["GET"]}}],"collection":[{"href":"https:\/\/intercommerce.si\/de\/wp-json\/wp\/v2\/product"}],"about":[{"href":"https:\/\/intercommerce.si\/de\/wp-json\/wp\/v2\/types\/product"}],"wp:featuredmedia":[{"embeddable":true,"href":"https:\/\/intercommerce.si\/de\/wp-json\/wp\/v2\/media\/4918"}],"wp:attachment":[{"href":"https:\/\/intercommerce.si\/de\/wp-json\/wp\/v2\/media?parent=7316"}],"wp:term":[{"taxonomy":"product_cat","embeddable":true,"href":"https:\/\/intercommerce.si\/de\/wp-json\/wp\/v2\/product_cat?post=7316"},{"taxonomy":"product_tag","embeddable":true,"href":"https:\/\/intercommerce.si\/de\/wp-json\/wp\/v2\/product_tag?post=7316"}],"curies":[{"name":"wp","href":"https:\/\/api.w.org\/{rel}","templated":true}]}}