{"id":7314,"date":"2024-06-18T15:06:24","date_gmt":"2024-06-18T13:06:24","guid":{"rendered":"https:\/\/intercommerce.si\/izdelek\/m-pac-v-halbautomatischer-umreifungsautomat\/"},"modified":"2024-06-18T15:06:24","modified_gmt":"2024-06-18T13:06:24","slug":"m-pac-v-halbautomatischer-umreifungsautomat","status":"publish","type":"product","link":"https:\/\/intercommerce.si\/de\/produkt\/m-pac-v-halbautomatischer-umreifungsautomat\/","title":{"rendered":"M-Pac V \u2013 halbautomatischer Umreifungsautomat"},"content":{"rendered":"<h4 data-start=\"1089\" data-end=\"1116\">Technische Daten der Maschine:<\/h4>\n<ul>\n<li data-start=\"1089\" data-end=\"1116\"><b>Geeignet f\u00fcr<\/b> <strong>PP-Band:<\/strong> 5, 6, 9, 12, 15,5 mm<\/li>\n<li data-start=\"1176\" data-end=\"1232\"><strong data-start=\"1176\" data-end=\"1205\">Abmessungen der Maschine (BxHxT):<\/strong> 780 x (775\u2013925) x 543 mm<\/li>\n<li data-start=\"1235\" data-end=\"1276\"><strong data-start=\"1235\" data-end=\"1262\">Paketgr\u00f6\u00dfe (min.):<\/strong> 100 x 30 mm<\/li>\n<li data-start=\"1279\" data-end=\"1310\"><strong data-start=\"1279\" data-end=\"1302\">Paketgewicht (max.):<\/strong> 40 kg<\/li>\n<li data-start=\"1313\" data-end=\"1394\"><strong data-start=\"1313\" data-end=\"1331\">Bandspule:<\/strong> Innendurchmesser 200 mm, Au\u00dfendurchmesser 420 mm, Breite 200 mm<\/li>\n<li data-start=\"1397\" data-end=\"1427\"><strong data-start=\"1397\" data-end=\"1416\">Bandspannung:<\/strong> bis zu 450 N<\/li>\n<li data-start=\"1430\" data-end=\"1472\"><strong data-start=\"1430\" data-end=\"1451\">Spannmethode:<\/strong> drehmomentgesteuert oder sto\u00dfartig<\/li>\n<li data-start=\"1475\" data-end=\"1500\"><strong data-start=\"1475\" data-end=\"1489\">Versiegelung:<\/strong> thermisch<\/li>\n<li data-start=\"1503\" data-end=\"1528\"><strong data-start=\"1503\" data-end=\"1521\">Aufw\u00e4rmzeit:<\/strong> 45 s<\/li>\n<li data-start=\"1531\" data-end=\"1555\"><strong data-start=\"1531\" data-end=\"1547\">Maschinengewicht:<\/strong> 56 kg<\/li>\n<li data-start=\"1558\" data-end=\"1586\"><strong data-start=\"1558\" data-end=\"1571\">Lautst\u00e4rke:<\/strong> max. 57,2 dB <\/li>\n<li data-start=\"1589\" data-end=\"1635\"><strong data-start=\"1589\" data-end=\"1603\">Stromversorgung:<\/strong> 230 V, 1 Phase, 50 Hz, 0,35 kW<\/li>\n<\/ul>\n","protected":false},"excerpt":{"rendered":"<p data-start=\"87\" data-end=\"615\"><strong data-start=\"87\" data-end=\"98\">M-Pac V<\/strong> ist die neueste halbautomatische Umreifungsmaschine von Cyklop. Sie wird zum Umreifen verschiedener Packst\u00fccke mit <strong data-start=\"213\" data-end=\"226\">PP-Band<\/strong> verwendet. Die Bedienung ist einfach und ergonomisch. Bei dieser Maschine werden einige Vorg\u00e4nge, wie z. B. das Auflegen des Packst\u00fccks, das Zuf\u00fchren des Bandes um das Packst\u00fcck, vom Bediener ausgef\u00fchrt, w\u00e4hrend das Spannen und Verschwei\u00dfen des Bandes automatisch erfolgt.    <\/p>\n<p data-start=\"87\" data-end=\"615\">Es erm\u00f6glicht die Wahl zwischen <strong data-start=\"247\" data-end=\"268\">Sto\u00dfspannung<\/strong> (geeignet f\u00fcr leichte Packst\u00fccke oder empfindliche Produkte) und <strong data-start=\"326\" data-end=\"348\">Drehmomentspannung<\/strong> (f\u00fcr st\u00e4rkere Spannung). Zeit und Temperatur des Schwei\u00dfens sind einfach einstellbar, daher ist die Maschine f\u00fcr einen breiten Einsatz geeignet.<br data-start=\"469\" data-end=\"472\">Der Rahmen aus Aluminium ist h\u00f6henverstellbar und hat robuste Lenkrollen. Die Maschine ist leise (57 dB) und daher auch f\u00fcr B\u00fcroumgebungen geeignet.  <\/p>\n<p data-start=\"617\" data-end=\"920\">Die Wartung wird durch einen besseren Zugang zum Aggregat erleichtert. Die elektrischen Teile sind in einem separaten Raum untergebracht, was die t\u00e4gliche Wartung vereinfacht. Die Maschine hat einen <strong data-start=\"768\" data-end=\"786\">Direktantrieb<\/strong> mit weniger beweglichen Teilen, was die Betriebskosten senkt. Die Tischplatte ist klappbar und kann bei Bedarf einfach entfernt werden.   <\/p>\n<p data-start=\"922\" data-end=\"1087\">Es handelt sich um eine <strong data-start=\"929\" data-end=\"991\">kompakte, kosteng\u00fcnstige und robuste Umreifungsmaschine<\/strong>, die Zuverl\u00e4ssigkeit, einfache Bedienung, einfache Wartung und niedrige Betriebskosten bietet.<\/p>","protected":false},"featured_media":6924,"template":"","meta":{"_acf_changed":false,"inline_featured_image":false},"product_cat":[1813,1818,1829,1827,1828],"product_tag":[],"class_list":{"0":"post-7314","1":"product","2":"type-product","3":"status-publish","4":"has-post-thumbnail","6":"product_cat-artikel","7":"product_cat-verpackungsmaschinen-und-gerate","8":"product_cat-maschinen","9":"product_cat-umreifungsmaschinen","10":"product_cat-umreifungsgerate-fur-pp-pet-band","12":"first","13":"instock","14":"product-type-simple"},"acf":[],"gallery_images":[6921],"_links":{"self":[{"href":"https:\/\/intercommerce.si\/de\/wp-json\/wp\/v2\/product\/7314","targetHints":{"allow":["GET"]}}],"collection":[{"href":"https:\/\/intercommerce.si\/de\/wp-json\/wp\/v2\/product"}],"about":[{"href":"https:\/\/intercommerce.si\/de\/wp-json\/wp\/v2\/types\/product"}],"wp:featuredmedia":[{"embeddable":true,"href":"https:\/\/intercommerce.si\/de\/wp-json\/wp\/v2\/media\/6924"}],"wp:attachment":[{"href":"https:\/\/intercommerce.si\/de\/wp-json\/wp\/v2\/media?parent=7314"}],"wp:term":[{"taxonomy":"product_cat","embeddable":true,"href":"https:\/\/intercommerce.si\/de\/wp-json\/wp\/v2\/product_cat?post=7314"},{"taxonomy":"product_tag","embeddable":true,"href":"https:\/\/intercommerce.si\/de\/wp-json\/wp\/v2\/product_tag?post=7314"}],"curies":[{"name":"wp","href":"https:\/\/api.w.org\/{rel}","templated":true}]}}