{"id":7313,"date":"2024-06-18T15:06:24","date_gmt":"2024-06-18T13:06:24","guid":{"rendered":"https:\/\/intercommerce.si\/izdelek\/ci-70-automatischer-umreifungsautomat\/"},"modified":"2024-06-18T15:06:24","modified_gmt":"2024-06-18T13:06:24","slug":"ci-70-automatischer-umreifungsautomat","status":"publish","type":"product","link":"https:\/\/intercommerce.si\/de\/produkt\/ci-70-automatischer-umreifungsautomat\/","title":{"rendered":"CI 70 \u2013 Automatischer Umreifungsautomat"},"content":{"rendered":"<p data-start=\"549\" data-end=\"578\"><strong data-start=\"549\" data-end=\"576\">Technische Daten der Maschine:<\/strong><\/p>\n<ul>\n<li data-start=\"581\" data-end=\"624\">Min. Paketgr\u00f6\u00dfe: 130 \u00d7 20 mm (T \u00d7 B)<\/li>\n<li data-start=\"627\" data-end=\"670\">Abmessungen des Bogens:\n<ul>\n<li data-start=\"627\" data-end=\"670\">Breite: 650 mm bis 1850 mm<\/li>\n<li data-start=\"627\" data-end=\"670\">H\u00f6he: 400 mm bis 1200 mm<\/li>\n<\/ul>\n<\/li>\n<li data-start=\"627\" data-end=\"670\">Umreifungsmaterial: PP-Band 9 oder 12 mm<\/li>\n<li data-start=\"673\" data-end=\"735\">Bandspule: Kern \u00d8 200 mm, Au\u00dfen \u00d8 420 mm, Breite 190 mm<\/li>\n<li data-start=\"738\" data-end=\"766\">Bandspannung: 70 \u2013 450 N<\/li>\n<li data-start=\"769\" data-end=\"801\">Schwei\u00dfverfahren: Hei\u00dfverschwei\u00dfen<\/li>\n<li data-start=\"804\" data-end=\"820\">Ger\u00e4uschpegel: 83 dB(A)<\/li>\n<li data-start=\"823\" data-end=\"855\">Aufw\u00e4rmzeit: ca. 1 min<\/li>\n<li data-start=\"858\" data-end=\"883\">Stromversorgung: 230 V, 50 Hz<\/li>\n<li data-start=\"886\" data-end=\"908\">Gewicht der Maschine: ~220 kg<\/li>\n<li data-start=\"911\" data-end=\"947\">Betriebstemperatur: 5 \u2013 40 \u00b0C<\/li>\n<\/ul>\n","protected":false},"excerpt":{"rendered":"Der automatische Umreifungsautomat CI 70 eignet sich zum Umreifen verschiedener Pakete und Kartons. Die Bedienung ist einfach und ergonomisch. Er kann PP-Band mit einer Breite von 9 oder 12 mm verwenden und verf\u00fcgt \u00fcber ein sehr einfaches Bedienfeld. Die Maschine ist mobil, da sie mit drehbaren R\u00e4dern ausgestattet ist. Diese erm\u00f6glichen ein schnelles, pr\u00e4zises und effizientes Umreifen von Paketen ohne gro\u00dfen Bedarf an manueller Arbeit.    \n\nBei der Auswahl eines automatischen Umreifungsautomaten ist es wichtig, Kapazit\u00e4t, Geschwindigkeit, Genauigkeit und Zuverl\u00e4ssigkeit zu ber\u00fccksichtigen, um die Produktions- und Verpackungsanforderungen angemessen zu erf\u00fcllen. Er kann bis zu <strong data-start=\"380\" data-end=\"407\">29 Umreifungen pro Minute<\/strong> durchf\u00fchren, abh\u00e4ngig von der eingestellten Spannung, der Paketgr\u00f6\u00dfe und der Bogengr\u00f6\u00dfe. Daher ist der CI 70 ideal als Einstiegsmodell f\u00fcr die automatische Umreifung.  ","protected":false},"featured_media":6890,"template":"","meta":{"_acf_changed":false,"inline_featured_image":false},"product_cat":[1813,1818,1829,1827,1828],"product_tag":[],"class_list":{"0":"post-7313","1":"product","2":"type-product","3":"status-publish","4":"has-post-thumbnail","6":"product_cat-artikel","7":"product_cat-verpackungsmaschinen-und-gerate","8":"product_cat-maschinen","9":"product_cat-umreifungsmaschinen","10":"product_cat-umreifungsgerate-fur-pp-pet-band","12":"first","13":"instock","14":"product-type-simple"},"acf":[],"gallery_images":[6893,6896,6899],"_links":{"self":[{"href":"https:\/\/intercommerce.si\/de\/wp-json\/wp\/v2\/product\/7313","targetHints":{"allow":["GET"]}}],"collection":[{"href":"https:\/\/intercommerce.si\/de\/wp-json\/wp\/v2\/product"}],"about":[{"href":"https:\/\/intercommerce.si\/de\/wp-json\/wp\/v2\/types\/product"}],"wp:featuredmedia":[{"embeddable":true,"href":"https:\/\/intercommerce.si\/de\/wp-json\/wp\/v2\/media\/6890"}],"wp:attachment":[{"href":"https:\/\/intercommerce.si\/de\/wp-json\/wp\/v2\/media?parent=7313"}],"wp:term":[{"taxonomy":"product_cat","embeddable":true,"href":"https:\/\/intercommerce.si\/de\/wp-json\/wp\/v2\/product_cat?post=7313"},{"taxonomy":"product_tag","embeddable":true,"href":"https:\/\/intercommerce.si\/de\/wp-json\/wp\/v2\/product_tag?post=7313"}],"curies":[{"name":"wp","href":"https:\/\/api.w.org\/{rel}","templated":true}]}}