{"id":7312,"date":"2024-06-18T15:06:15","date_gmt":"2024-06-18T13:06:15","guid":{"rendered":"https:\/\/intercommerce.si\/izdelek\/antirutschpapier-und-folie\/"},"modified":"2024-06-18T15:06:15","modified_gmt":"2024-06-18T13:06:15","slug":"antirutschpapier-und-folie","status":"publish","type":"product","link":"https:\/\/intercommerce.si\/de\/produkt\/antirutschpapier-und-folie\/","title":{"rendered":"Antirutschpapier und -folie"},"content":{"rendered":"<p><strong>Eigenschaften von Antirutschpapier und -folie<\/strong><\/p>\n<ul>\n<li>Erleichtern die interne Handhabung von Paletten.<\/li>\n<li>Verhindern Besch\u00e4digungen bzw. das Auslaufen der Ladung. <\/li>\n<li>Stabilisieren die Ware auf der Palette bis zu min. 42\u00b0.<\/li>\n<li>Die Antirutschbeschichtung ist auf einer oder beiden Seiten des Papiers aufgebracht.<\/li>\n<li>Funktionsbereich von \u201320 bis +70 \u00b0C.<\/li>\n<li>Recyclingf\u00e4hig.<\/li>\n<li>Papier ist in Rollen oder verschiedenen Formaten erh\u00e4ltlich.<\/li>\n<\/ul>\n","protected":false},"excerpt":{"rendered":"Antirutschpapier und -folie sind die ideale Zwischenlage f\u00fcr palettierte Waren. Sie stabilisieren die Ladung und wirken rutschhemmend. Trotzdem verkleben oder blockieren Antirutschpapier und -folie die Ware nicht. Sie sind ideal als Zwischenlage f\u00fcr Spiegel, Keramikfliesen, Kartonverpackungen und alle anderen glatten Oberfl\u00e4chen. Sie sind in verschiedenen Grammaturen von 60 bis 600 g erh\u00e4ltlich. Die Gr\u00f6\u00dfe ist nach Kundenwunsch lieferbar.     ","protected":false},"featured_media":2148,"template":"","meta":{"_acf_changed":false,"inline_featured_image":false},"product_cat":[1813,1823,1841,1927,1836,1842],"product_tag":[],"class_list":{"0":"post-7312","1":"product","2":"type-product","3":"status-publish","4":"has-post-thumbnail","6":"product_cat-artikel","7":"product_cat-verpackungsmaterialien","8":"product_cat-papier-und-kartonprodukte","9":"product_cat-antirutschpapier-und-folie","10":"product_cat-nachhaltige-verpackung","11":"product_cat-papier-und-kartonprodukte-de","13":"first","14":"instock","15":"product-type-simple"},"acf":[],"gallery_images":[2149],"_links":{"self":[{"href":"https:\/\/intercommerce.si\/de\/wp-json\/wp\/v2\/product\/7312","targetHints":{"allow":["GET"]}}],"collection":[{"href":"https:\/\/intercommerce.si\/de\/wp-json\/wp\/v2\/product"}],"about":[{"href":"https:\/\/intercommerce.si\/de\/wp-json\/wp\/v2\/types\/product"}],"wp:featuredmedia":[{"embeddable":true,"href":"https:\/\/intercommerce.si\/de\/wp-json\/wp\/v2\/media\/2148"}],"wp:attachment":[{"href":"https:\/\/intercommerce.si\/de\/wp-json\/wp\/v2\/media?parent=7312"}],"wp:term":[{"taxonomy":"product_cat","embeddable":true,"href":"https:\/\/intercommerce.si\/de\/wp-json\/wp\/v2\/product_cat?post=7312"},{"taxonomy":"product_tag","embeddable":true,"href":"https:\/\/intercommerce.si\/de\/wp-json\/wp\/v2\/product_tag?post=7312"}],"curies":[{"name":"wp","href":"https:\/\/api.w.org\/{rel}","templated":true}]}}