{"id":7309,"date":"2024-06-18T15:06:05","date_gmt":"2024-06-18T13:06:05","guid":{"rendered":"https:\/\/intercommerce.si\/izdelek\/pe-beutel\/"},"modified":"2024-06-18T15:06:05","modified_gmt":"2024-06-18T13:06:05","slug":"pe-beutel","status":"publish","type":"product","link":"https:\/\/intercommerce.si\/de\/produkt\/pe-beutel\/","title":{"rendered":"PE-Beutel"},"content":{"rendered":"<p><strong>Eigenschaften von PE-Beuteln<\/strong><\/p>\n<ul>\n<li><strong>Feuchtigkeitsbest\u00e4ndigkeit<\/strong>: Sie sch\u00fctzen Produkte vor Feuchtigkeit, Staub und Schmutz.<\/li>\n<li><strong>Recyclingf\u00e4higkeit<\/strong>: Sie bestehen aus einem Material, das zu 100 % recycelbar ist.<\/li>\n<li><strong>Wasserdichtigkeit: <\/strong>Das Material ist wasserundurchl\u00e4ssig.<\/li>\n<li><strong>Breite Anwendbarkeit<\/strong>: Geeignet f\u00fcr Industrie, Bauwesen, Handel, Landwirtschaft und Haushalte.<\/li>\n<li><strong>Verschiedene Abmessungen und St\u00e4rken<\/strong>: Erh\u00e4ltlich in einem breiten Spektrum an Gr\u00f6\u00dfen und St\u00e4rken je nach Anwendungsbedarf.<\/li>\n<li><strong>Robust und widerstandsf\u00e4hig<\/strong>: Best\u00e4ndigkeit gegen Rei\u00dfen, Durchstechen und mechanische Belastungen.<\/li>\n<\/ul>\n","protected":false},"excerpt":{"rendered":"PE-Beutel sind vielseitig und in verschiedenen Branchen f\u00fcr die Verpackung, Lagerung und den Schutz von Produkten unverzichtbar. Aufgrund ihrer Robustheit, Feuchtigkeitsbest\u00e4ndigkeit und Anpassungsf\u00e4higkeit eignen sie sich f\u00fcr den Einsatz in Industrie, Bauwesen, Handel und Haushalten. PE-Beutel sind in verschiedenen St\u00e4rken, Abmessungen und Ausf\u00fchrungen (transparent, farbig oder bedruckbar) erh\u00e4ltlich, was eine Anpassung an die spezifischen Bed\u00fcrfnisse des Benutzers erm\u00f6glicht. Die Beutel sind zu 100 % recycelbar.   ","protected":false},"featured_media":2058,"template":"","meta":{"_acf_changed":false,"inline_featured_image":false},"product_cat":[1813,1823,1885,1926],"product_tag":[],"class_list":{"0":"post-7309","1":"product","2":"type-product","3":"status-publish","4":"has-post-thumbnail","6":"product_cat-artikel","7":"product_cat-verpackungsmaterialien","8":"product_cat-sacke","9":"product_cat-pe-beutel","11":"first","12":"instock","13":"product-type-simple"},"acf":[],"gallery_images":[],"_links":{"self":[{"href":"https:\/\/intercommerce.si\/de\/wp-json\/wp\/v2\/product\/7309","targetHints":{"allow":["GET"]}}],"collection":[{"href":"https:\/\/intercommerce.si\/de\/wp-json\/wp\/v2\/product"}],"about":[{"href":"https:\/\/intercommerce.si\/de\/wp-json\/wp\/v2\/types\/product"}],"wp:featuredmedia":[{"embeddable":true,"href":"https:\/\/intercommerce.si\/de\/wp-json\/wp\/v2\/media\/2058"}],"wp:attachment":[{"href":"https:\/\/intercommerce.si\/de\/wp-json\/wp\/v2\/media?parent=7309"}],"wp:term":[{"taxonomy":"product_cat","embeddable":true,"href":"https:\/\/intercommerce.si\/de\/wp-json\/wp\/v2\/product_cat?post=7309"},{"taxonomy":"product_tag","embeddable":true,"href":"https:\/\/intercommerce.si\/de\/wp-json\/wp\/v2\/product_tag?post=7309"}],"curies":[{"name":"wp","href":"https:\/\/api.w.org\/{rel}","templated":true}]}}