{"id":7308,"date":"2024-06-18T15:06:05","date_gmt":"2024-06-18T13:06:05","guid":{"rendered":"https:\/\/intercommerce.si\/izdelek\/thermoschrumpf-ldpe-saecke-fuer-die-palettenverpackung\/"},"modified":"2024-06-18T15:06:05","modified_gmt":"2024-06-18T13:06:05","slug":"thermoschrumpf-ldpe-saecke-fuer-die-palettenverpackung","status":"publish","type":"product","link":"https:\/\/intercommerce.si\/de\/produkt\/thermoschrumpf-ldpe-saecke-fuer-die-palettenverpackung\/","title":{"rendered":"Thermoschrumpf-LDPE-S\u00e4cke f\u00fcr die Palettenverpackung"},"content":{"rendered":"<p><strong>Eigenschaften von Thermoschrumpf-PE-S\u00e4cken<\/strong><\/p>\n<ul>\n<li><strong>Hergestellt aus hochwertigem LDPE-Material<\/strong>: Sie gew\u00e4hrleisten Langlebigkeit, Rei\u00dffestigkeit und Best\u00e4ndigkeit gegen mechanische Belastungen.<\/li>\n<li><strong>W\u00e4rmeschrumpfung<\/strong>: Die S\u00e4cke passen sich durch W\u00e4rme der Produktform an und sorgen f\u00fcr Stabilit\u00e4t und Schutz.<\/li>\n<li><strong>Schutz vor Feuchtigkeit und Staub<\/strong>: Ideal f\u00fcr Produkte, die zus\u00e4tzlichen Schutz vor \u00e4u\u00dferen Einfl\u00fcssen ben\u00f6tigen.<\/li>\n<li><strong>Ladungsstabilisierung<\/strong>: Sie erm\u00f6glichen eine effektive Stabilisierung der Produkte auf Paletten.<\/li>\n<li><strong>Hohe Anpassungsf\u00e4higkeit<\/strong>: Die S\u00e4cke passen sich verschiedenen Produktformen und -gr\u00f6\u00dfen an.<\/li>\n<li><strong>Ausgezeichnete mechanische Best\u00e4ndigkeit<\/strong>: Geeignet zum Schutz von Produkten vor mechanischen Besch\u00e4digungen w\u00e4hrend des Transports oder der Lagerung.<\/li>\n<\/ul>\n","protected":false},"excerpt":{"rendered":"Thermoschrumpf-LDPE-S\u00e4cke sind eine ausgezeichnete L\u00f6sung f\u00fcr die sichere Verpackung, den Schutz und die Stabilisierung von Produkten w\u00e4hrend des Transports und der Lagerung. Durch W\u00e4rme schrumpfen die S\u00e4cke und umschlie\u00dfen Produkte oder Paletten fest, was zus\u00e4tzlichen Schutz vor Verrutschen, Staub, Feuchtigkeit und mechanischen Besch\u00e4digungen bietet. Aufgrund ihrer Haltbarkeit und Anpassungsf\u00e4higkeit eignen sie sich f\u00fcr den Einsatz in verschiedenen Branchen wie Industrie, Handel und Logistik.  ","protected":false},"featured_media":2060,"template":"","meta":{"_acf_changed":false,"inline_featured_image":false},"product_cat":[1813,1823,1885,1925],"product_tag":[],"class_list":{"0":"post-7308","1":"product","2":"type-product","3":"status-publish","4":"has-post-thumbnail","6":"product_cat-artikel","7":"product_cat-verpackungsmaterialien","8":"product_cat-sacke","9":"product_cat-thermoschrumpf-ldpe-sacke-und-schrumpfwerkzeuge","11":"first","12":"instock","13":"product-type-simple"},"acf":[],"gallery_images":[],"_links":{"self":[{"href":"https:\/\/intercommerce.si\/de\/wp-json\/wp\/v2\/product\/7308","targetHints":{"allow":["GET"]}}],"collection":[{"href":"https:\/\/intercommerce.si\/de\/wp-json\/wp\/v2\/product"}],"about":[{"href":"https:\/\/intercommerce.si\/de\/wp-json\/wp\/v2\/types\/product"}],"wp:featuredmedia":[{"embeddable":true,"href":"https:\/\/intercommerce.si\/de\/wp-json\/wp\/v2\/media\/2060"}],"wp:attachment":[{"href":"https:\/\/intercommerce.si\/de\/wp-json\/wp\/v2\/media?parent=7308"}],"wp:term":[{"taxonomy":"product_cat","embeddable":true,"href":"https:\/\/intercommerce.si\/de\/wp-json\/wp\/v2\/product_cat?post=7308"},{"taxonomy":"product_tag","embeddable":true,"href":"https:\/\/intercommerce.si\/de\/wp-json\/wp\/v2\/product_tag?post=7308"}],"curies":[{"name":"wp","href":"https:\/\/api.w.org\/{rel}","templated":true}]}}