{"id":7307,"date":"2024-06-18T15:06:00","date_gmt":"2024-06-18T13:06:00","guid":{"rendered":"https:\/\/intercommerce.si\/izdelek\/tesa-64284-zugfestes-polypropylenband\/"},"modified":"2024-06-18T15:06:00","modified_gmt":"2024-06-18T13:06:00","slug":"tesa-64284-zugfestes-polypropylenband","status":"publish","type":"product","link":"https:\/\/intercommerce.si\/de\/produkt\/tesa-64284-zugfestes-polypropylenband\/","title":{"rendered":"tesa\u00ae 64284 \u2013 zugfestes Polypropylenband"},"content":{"rendered":"<p><img fetchpriority=\"high\" decoding=\"async\" class=\"alignnone wp-image-2468 size-medium\" src=\"https:\/\/intercommerce.si\/wp-content\/uploads\/2024\/06\/MARATHON_pallet-740x493.webp\" alt=\"\" width=\"740\" height=\"493\" srcset=\"https:\/\/intercommerce.si\/wp-content\/uploads\/2024\/06\/MARATHON_pallet-740x493.webp 740w, https:\/\/intercommerce.si\/wp-content\/uploads\/2024\/06\/MARATHON_pallet-150x100.webp 150w, https:\/\/intercommerce.si\/wp-content\/uploads\/2024\/06\/MARATHON_pallet-768x512.webp 768w, https:\/\/intercommerce.si\/wp-content\/uploads\/2024\/06\/MARATHON_pallet-700x467.webp 700w, https:\/\/intercommerce.si\/wp-content\/uploads\/2024\/06\/MARATHON_pallet.webp 1200w\" sizes=\"(max-width: 740px) 100vw, 740px\" \/><\/p>\n<p>Eigenschaften des tesa\u00ae 64284 Klebebands:<\/p>\n<p>Die Eigenschaften des zugfesten Polypropylenbandes bew\u00e4hren sich hervorragend in der Wei\u00dfwaren- und M\u00f6belindustrie, zum Verschlie\u00dfen von Transportg\u00fctern und zur Sicherung w\u00e4hrend des Transports.<\/p>\n","protected":false},"excerpt":{"rendered":"tesa\u00ae 64284 ist ein mittelstarkes Umreifungsband aus\nzugfestem Polypropylen mit einem Klebstoffsystem aus\nNaturkautschuk. Es ist ein speziell entwickeltes Band, das schmutzabweisend\nund r\u00fcckstandsfrei entfernbar ist. Es wird\nf\u00fcr mittlere Belastungen eingesetzt.  ","protected":false},"featured_media":1919,"template":"","meta":{"_acf_changed":false,"inline_featured_image":false},"product_cat":[1813,1823,1846,1847,1848],"product_tag":[],"class_list":{"0":"post-7307","1":"product","2":"type-product","3":"status-publish","4":"has-post-thumbnail","6":"product_cat-artikel","7":"product_cat-verpackungsmaterialien","8":"product_cat-klebebander","9":"product_cat-tesa-de","10":"product_cat-tesa-klebebander","11":"pa_aplikacija-handbuch","12":"pa_barva-blau","13":"pa_navitje-na-roli-m-66-de","14":"pa_nosilec-mopp-monoorientiertes-polypropylen","15":"pa_sirina-mm-19-de","16":"pa_sirina-mm-25-de","17":"pa_sirina-mm-38-de","18":"pa_sirina-mm-50-de","19":"pa_st-izdelkov-v-skatli-36-de","20":"pa_st-izdelkov-v-skatli-72-de","21":"pa_st-izdelkov-v-skatli-96-de","22":"pa_vrsta-lepila-naturkautschuk-losungsmittel","24":"first","25":"instock","26":"product-type-simple"},"acf":[],"gallery_images":[],"_links":{"self":[{"href":"https:\/\/intercommerce.si\/de\/wp-json\/wp\/v2\/product\/7307","targetHints":{"allow":["GET"]}}],"collection":[{"href":"https:\/\/intercommerce.si\/de\/wp-json\/wp\/v2\/product"}],"about":[{"href":"https:\/\/intercommerce.si\/de\/wp-json\/wp\/v2\/types\/product"}],"wp:featuredmedia":[{"embeddable":true,"href":"https:\/\/intercommerce.si\/de\/wp-json\/wp\/v2\/media\/1919"}],"wp:attachment":[{"href":"https:\/\/intercommerce.si\/de\/wp-json\/wp\/v2\/media?parent=7307"}],"wp:term":[{"taxonomy":"product_cat","embeddable":true,"href":"https:\/\/intercommerce.si\/de\/wp-json\/wp\/v2\/product_cat?post=7307"},{"taxonomy":"product_tag","embeddable":true,"href":"https:\/\/intercommerce.si\/de\/wp-json\/wp\/v2\/product_tag?post=7307"}],"curies":[{"name":"wp","href":"https:\/\/api.w.org\/{rel}","templated":true}]}}