{"id":7306,"date":"2024-06-18T15:05:47","date_gmt":"2024-06-18T13:05:47","guid":{"rendered":"https:\/\/intercommerce.si\/izdelek\/handabroller-fuer-stretchfolie\/"},"modified":"2024-06-18T15:05:47","modified_gmt":"2024-06-18T13:05:47","slug":"handabroller-fuer-stretchfolie","status":"publish","type":"product","link":"https:\/\/intercommerce.si\/de\/produkt\/handabroller-fuer-stretchfolie\/","title":{"rendered":"Handabroller f\u00fcr Stretchfolie"},"content":{"rendered":"<p><strong>Handabroller mit Bremse zum Spannen von Handstretchfolie<\/strong><\/p>\n<ul>\n<li>Geeignet f\u00fcr Handstretchfolie mit einer Breite von 400 bis 500 mm.<\/li>\n<li>Verwendet H\u00fclsen mit einem Durchmesser von 38 bis 76 mm.<\/li>\n<li>Ausgestattet mit einer Bremse zum pr\u00e4zisen Spannen der Folie.<\/li>\n<li>Erm\u00f6glicht eine einfache und effiziente Anwendung beim Umwickeln von Paletten.<\/li>\n<\/ul>\n<p>&nbsp;<\/p>\n","protected":false},"excerpt":{"rendered":"Der Handabroller mit Bremse ist f\u00fcr das einfache Spannen von Stretchfolie konzipiert. Er ist geeignet f\u00fcr Folien mit einer Breite von 400 bis 500 mm und H\u00fclsen mit einem Durchmesser von 38 bis 76 mm. Das Bremsdesign erm\u00f6glicht eine pr\u00e4zise und effiziente Anwendung beim Umwickeln von Paletten.  ","protected":false},"featured_media":6425,"template":"","meta":{"_acf_changed":false,"inline_featured_image":false},"product_cat":[1813,1879],"product_tag":[],"class_list":{"0":"post-7306","1":"product","2":"type-product","3":"status-publish","4":"has-post-thumbnail","6":"product_cat-artikel","7":"product_cat-manuelle-stretchfolienabroller","9":"first","10":"instock","11":"product-type-simple"},"acf":[],"gallery_images":[],"_links":{"self":[{"href":"https:\/\/intercommerce.si\/de\/wp-json\/wp\/v2\/product\/7306","targetHints":{"allow":["GET"]}}],"collection":[{"href":"https:\/\/intercommerce.si\/de\/wp-json\/wp\/v2\/product"}],"about":[{"href":"https:\/\/intercommerce.si\/de\/wp-json\/wp\/v2\/types\/product"}],"wp:featuredmedia":[{"embeddable":true,"href":"https:\/\/intercommerce.si\/de\/wp-json\/wp\/v2\/media\/6425"}],"wp:attachment":[{"href":"https:\/\/intercommerce.si\/de\/wp-json\/wp\/v2\/media?parent=7306"}],"wp:term":[{"taxonomy":"product_cat","embeddable":true,"href":"https:\/\/intercommerce.si\/de\/wp-json\/wp\/v2\/product_cat?post=7306"},{"taxonomy":"product_tag","embeddable":true,"href":"https:\/\/intercommerce.si\/de\/wp-json\/wp\/v2\/product_tag?post=7306"}],"curies":[{"name":"wp","href":"https:\/\/api.w.org\/{rel}","templated":true}]}}