{"id":7305,"date":"2024-06-18T15:05:47","date_gmt":"2024-06-18T13:05:47","guid":{"rendered":"https:\/\/intercommerce.si\/izdelek\/handabroller-fuer-mini-stretchfolie\/"},"modified":"2024-06-18T15:05:47","modified_gmt":"2024-06-18T13:05:47","slug":"handabroller-fuer-mini-stretchfolie","status":"publish","type":"product","link":"https:\/\/intercommerce.si\/de\/produkt\/handabroller-fuer-mini-stretchfolie\/","title":{"rendered":"Handabroller f\u00fcr Mini-Stretchfolie"},"content":{"rendered":"<p><strong>Eigenschaften von Handabrollern f\u00fcr Stretchfolien<\/strong><\/p>\n<ul>\n<li>Sie erleichtern und beschleunigen den Prozess des Einwickelns von Gegenst\u00e4nden.<\/li>\n<li>Sie sind f\u00fcr Folien unterschiedlicher Breite geeignet (100 mm, 125 mm, 166 mm und 250 mm).<\/li>\n<li>Sie zeichnen sich durch eine einfache Bedienung und einen komfortablen Griff aus.<\/li>\n<li>Sie erm\u00f6glichen ein einfaches und effektives Dehnen der Folie w\u00e4hrend des Einwickelns.<\/li>\n<\/ul>\n","protected":false},"excerpt":{"rendered":"Handabroller f\u00fcr Stretchfolie erleichtern das Einwickeln von Gegenst\u00e4nden. Sie sind f\u00fcr Folien mit einer Breite von 100 mm, 125 mm, 166 mm und 250 mm sowie mit einer H\u00fclse mit einem Durchmesser von 50 mm geeignet. ","protected":false},"featured_media":4674,"template":"","meta":{"_acf_changed":false,"inline_featured_image":false},"product_cat":[1813,1879],"product_tag":[],"class_list":{"0":"post-7305","1":"product","2":"type-product","3":"status-publish","4":"has-post-thumbnail","6":"product_cat-artikel","7":"product_cat-manuelle-stretchfolienabroller","9":"first","10":"instock","11":"product-type-simple"},"acf":[],"gallery_images":[3347,3348],"_links":{"self":[{"href":"https:\/\/intercommerce.si\/de\/wp-json\/wp\/v2\/product\/7305","targetHints":{"allow":["GET"]}}],"collection":[{"href":"https:\/\/intercommerce.si\/de\/wp-json\/wp\/v2\/product"}],"about":[{"href":"https:\/\/intercommerce.si\/de\/wp-json\/wp\/v2\/types\/product"}],"wp:featuredmedia":[{"embeddable":true,"href":"https:\/\/intercommerce.si\/de\/wp-json\/wp\/v2\/media\/4674"}],"wp:attachment":[{"href":"https:\/\/intercommerce.si\/de\/wp-json\/wp\/v2\/media?parent=7305"}],"wp:term":[{"taxonomy":"product_cat","embeddable":true,"href":"https:\/\/intercommerce.si\/de\/wp-json\/wp\/v2\/product_cat?post=7305"},{"taxonomy":"product_tag","embeddable":true,"href":"https:\/\/intercommerce.si\/de\/wp-json\/wp\/v2\/product_tag?post=7305"}],"curies":[{"name":"wp","href":"https:\/\/api.w.org\/{rel}","templated":true}]}}