{"id":7304,"date":"2024-06-18T15:05:47","date_gmt":"2024-06-18T13:05:47","guid":{"rendered":"https:\/\/intercommerce.si\/izdelek\/elastische-pe-baender\/"},"modified":"2024-06-18T15:05:47","modified_gmt":"2024-06-18T13:05:47","slug":"elastische-pe-baender","status":"publish","type":"product","link":"https:\/\/intercommerce.si\/de\/produkt\/elastische-pe-baender\/","title":{"rendered":"Elastische PE-B\u00e4nder"},"content":{"rendered":"<p><strong>Eigenschaften von elastischen Stretch-PE-B\u00e4ndern<\/strong><\/p>\n<ul>\n<li><strong>Hohe Dehnbarkeit<\/strong> f\u00fcr Flexibilit\u00e4t und effektiven Einsatz.<\/li>\n<li><strong>Besch\u00e4digen keine Kartons,<\/strong> wodurch der Schutz der Verpackung gew\u00e4hrleistet wird.<\/li>\n<li><strong>Einfache Einstellung<\/strong> auf die gew\u00fcnschte Schicht auf der Palette (unten, in der Mitte, oben).<\/li>\n<li><strong>Schnelle und einfache<\/strong> <strong>L\u00f6sung<\/strong> f\u00fcr den internen Transport.<\/li>\n<\/ul>\n","protected":false},"excerpt":{"rendered":"Elastische PE-B\u00e4nder sind f\u00fcr die Verbindung der obersten Reihe auf der Palette bestimmt, was einen sichereren Transport zum n\u00e4chsten Produktionsschritt innerhalb des Unternehmens gew\u00e4hrleistet. Sie erm\u00f6glichen das einfachere Anbringen von Kartonecken an den Kanten der beladenen Paletten, was die Stabilit\u00e4t der Palette w\u00e4hrend des internen Transports erh\u00f6ht. Allerdings reichen die B\u00e4nder allein nicht aus, um die Stabilit\u00e4t bei l\u00e4ngeren Transportwegen zu gew\u00e4hrleisten.\nDie B\u00e4nder sind in einem kleineren Karton verpackt. Die Breite des elastischen Bandes betr\u00e4gt 100 mm, es ist auf eine Rolle gewickelt und alle 1200 mm perforiert.   ","protected":false},"featured_media":1788,"template":"","meta":{"_acf_changed":false,"inline_featured_image":false},"product_cat":[1813,1823,1814,1924],"product_tag":[],"class_list":{"0":"post-7304","1":"product","2":"type-product","3":"status-publish","4":"has-post-thumbnail","6":"product_cat-artikel","7":"product_cat-verpackungsmaterialien","8":"product_cat-folien","9":"product_cat-elastische-pe-bander","10":"pa_aplikacija-handbuch","11":"pa_dimenzija-mm-100x1200-de","12":"pa_st-izdelkov-v-skatli-200-de","14":"first","15":"instock","16":"product-type-simple"},"acf":[],"gallery_images":[1789],"_links":{"self":[{"href":"https:\/\/intercommerce.si\/de\/wp-json\/wp\/v2\/product\/7304","targetHints":{"allow":["GET"]}}],"collection":[{"href":"https:\/\/intercommerce.si\/de\/wp-json\/wp\/v2\/product"}],"about":[{"href":"https:\/\/intercommerce.si\/de\/wp-json\/wp\/v2\/types\/product"}],"wp:featuredmedia":[{"embeddable":true,"href":"https:\/\/intercommerce.si\/de\/wp-json\/wp\/v2\/media\/1788"}],"wp:attachment":[{"href":"https:\/\/intercommerce.si\/de\/wp-json\/wp\/v2\/media?parent=7304"}],"wp:term":[{"taxonomy":"product_cat","embeddable":true,"href":"https:\/\/intercommerce.si\/de\/wp-json\/wp\/v2\/product_cat?post=7304"},{"taxonomy":"product_tag","embeddable":true,"href":"https:\/\/intercommerce.si\/de\/wp-json\/wp\/v2\/product_tag?post=7304"}],"curies":[{"name":"wp","href":"https:\/\/api.w.org\/{rel}","templated":true}]}}