{"id":7301,"date":"2024-06-18T15:06:15","date_gmt":"2024-06-18T13:06:15","guid":{"rendered":"https:\/\/intercommerce.si\/izdelek\/natronpapier\/"},"modified":"2024-06-18T15:06:15","modified_gmt":"2024-06-18T13:06:15","slug":"natronpapier","status":"publish","type":"product","link":"https:\/\/intercommerce.si\/de\/produkt\/natronpapier\/","title":{"rendered":"Natronpapier"},"content":{"rendered":"<p><strong>Eigenschaften von Natronpapier<\/strong><\/p>\n<ul>\n<li><strong>Material:<\/strong> Hergestellt aus 100 % Zellulose oder Recyclingpapier.<\/li>\n<li><strong>Farbe:<\/strong> Erh\u00e4ltlich in Braun oder Wei\u00df.<\/li>\n<li><strong>Struktur:<\/strong> Hat eine gerippte oder glatte Oberfl\u00e4che.<\/li>\n<li><strong>Elastizit\u00e4t und Widerstandsf\u00e4higkeit:<\/strong> Hohe Elastizit\u00e4t und Rei\u00dffestigkeit.<\/li>\n<li><strong>Zus\u00e4tzliche M\u00f6glichkeiten:<\/strong> Aufgrund seines nat\u00fcrlichen Aussehens auch f\u00fcr grafische Anwendungen, die Herstellung kleiner Verpackungen, Beutel oder kreativer Produkte geeignet.<\/li>\n<\/ul>\n","protected":false},"excerpt":{"rendered":"Natronpapier ist ein braunes oder wei\u00dfes Verpackungspapier, das zu 100 % aus Zellulose oder Recyclingmaterial hergestellt wird. Es hat eine gerippte oder glatte Struktur. Es ist ein Papier mit hoher Elastizit\u00e4t und Rei\u00dffestigkeit und wird daher zum optimalen Schutz von Produkten, zum Verpacken von Paketsendungen, zum Abdecken von Paletten unten oder oben oder als Zwischenschutzpapier zwischen Produkten verwendet. Aufgrund seines nat\u00fcrlichen Aussehens ist es auch im grafischen Bereich, f\u00fcr die Herstellung kleiner Verpackungen, Beutel oder kreativer Produkte n\u00fctzlich.   ","protected":false},"featured_media":2142,"template":"","meta":{"_acf_changed":false,"inline_featured_image":false},"product_cat":[1813,1823,1841,1923,1836,1842],"product_tag":[],"class_list":{"0":"post-7301","1":"product","2":"type-product","3":"status-publish","4":"has-post-thumbnail","6":"product_cat-artikel","7":"product_cat-verpackungsmaterialien","8":"product_cat-papier-und-kartonprodukte","9":"product_cat-natronpapier","10":"product_cat-nachhaltige-verpackung","11":"product_cat-papier-und-kartonprodukte-de","13":"first","14":"instock","15":"product-type-simple"},"acf":[],"gallery_images":[],"_links":{"self":[{"href":"https:\/\/intercommerce.si\/de\/wp-json\/wp\/v2\/product\/7301","targetHints":{"allow":["GET"]}}],"collection":[{"href":"https:\/\/intercommerce.si\/de\/wp-json\/wp\/v2\/product"}],"about":[{"href":"https:\/\/intercommerce.si\/de\/wp-json\/wp\/v2\/types\/product"}],"wp:featuredmedia":[{"embeddable":true,"href":"https:\/\/intercommerce.si\/de\/wp-json\/wp\/v2\/media\/2142"}],"wp:attachment":[{"href":"https:\/\/intercommerce.si\/de\/wp-json\/wp\/v2\/media?parent=7301"}],"wp:term":[{"taxonomy":"product_cat","embeddable":true,"href":"https:\/\/intercommerce.si\/de\/wp-json\/wp\/v2\/product_cat?post=7301"},{"taxonomy":"product_tag","embeddable":true,"href":"https:\/\/intercommerce.si\/de\/wp-json\/wp\/v2\/product_tag?post=7301"}],"curies":[{"name":"wp","href":"https:\/\/api.w.org\/{rel}","templated":true}]}}