{"id":7299,"date":"2024-06-18T15:05:47","date_gmt":"2024-06-18T13:05:47","guid":{"rendered":"https:\/\/intercommerce.si\/izdelek\/mini-stretchfolie\/"},"modified":"2024-06-18T15:05:47","modified_gmt":"2024-06-18T13:05:47","slug":"mini-stretchfolie","status":"publish","type":"product","link":"https:\/\/intercommerce.si\/de\/produkt\/mini-stretchfolie\/","title":{"rendered":"Mini-Stretchfolie"},"content":{"rendered":"<p><strong>Eigenschaften von Mini-Stretchfolien<\/strong><\/p>\n<ul>\n<li>Sie eignen sich zum manuellen Wickeln.<\/li>\n<li>Die Handhabung der Folie ist einfach und unkompliziert.<\/li>\n<li>Ideal zum Verpacken kleinerer Pakete.<\/li>\n<li>Erh\u00e4ltlich in transparenter Farbe, aber auch in Wei\u00df und Schwarz.<\/li>\n<\/ul>\n","protected":false},"excerpt":{"rendered":"Mini-Stretchfolien sind eine ausgezeichnete L\u00f6sung zum Verpacken kleinerer Pakete und Profile. Sie werden h\u00e4ufig im Weinbau, in Tischlerwerkst\u00e4tten, Autowerkst\u00e4tten und verschiedenen Produktionsst\u00e4tten eingesetzt. Die Rolle Mini-Stretchfolie wird auf einen Handabroller montiert, was eine noch schnellere und effizientere Arbeit erm\u00f6glicht.  ","protected":false},"featured_media":5374,"template":"","meta":{"_acf_changed":false,"inline_featured_image":false},"product_cat":[1813,1823,1814,1825,1826],"product_tag":[],"class_list":{"0":"post-7299","1":"product","2":"type-product","3":"status-publish","4":"has-post-thumbnail","6":"product_cat-artikel","7":"product_cat-verpackungsmaterialien","8":"product_cat-folien","9":"product_cat-dehnfahige-stretch-folien","10":"product_cat-handfolien","11":"pa_aplikacija-handbuch","12":"pa_barva-trasparent-de","13":"pa_debelina-mm-17-de","14":"pa_debelina-mm-23-de","15":"pa_navitje-na-roli-m-100-de","16":"pa_navitje-na-roli-m-300-de","17":"pa_premer-tulca-mm-38-de","18":"pa_raztezek-erweiterbar","19":"pa_sirina-mm-100-de","20":"pa_sirina-mm-125-de","21":"pa_sirina-mm-250-de","22":"pa_sirina-mm-auf-bestellung","23":"pa_specificne-lastnosti-verlangerte-hulse","24":"pa_st-izdelkov-v-skatli-22-de","25":"pa_st-izdelkov-v-skatli-30-de","26":"pa_st-izdelkov-v-skatli-44-de","27":"pa_st-izdelkov-v-skatli-55-de","29":"first","30":"instock","31":"product-type-simple"},"acf":[],"gallery_images":[],"_links":{"self":[{"href":"https:\/\/intercommerce.si\/de\/wp-json\/wp\/v2\/product\/7299","targetHints":{"allow":["GET"]}}],"collection":[{"href":"https:\/\/intercommerce.si\/de\/wp-json\/wp\/v2\/product"}],"about":[{"href":"https:\/\/intercommerce.si\/de\/wp-json\/wp\/v2\/types\/product"}],"wp:featuredmedia":[{"embeddable":true,"href":"https:\/\/intercommerce.si\/de\/wp-json\/wp\/v2\/media\/5374"}],"wp:attachment":[{"href":"https:\/\/intercommerce.si\/de\/wp-json\/wp\/v2\/media?parent=7299"}],"wp:term":[{"taxonomy":"product_cat","embeddable":true,"href":"https:\/\/intercommerce.si\/de\/wp-json\/wp\/v2\/product_cat?post=7299"},{"taxonomy":"product_tag","embeddable":true,"href":"https:\/\/intercommerce.si\/de\/wp-json\/wp\/v2\/product_tag?post=7299"}],"curies":[{"name":"wp","href":"https:\/\/api.w.org\/{rel}","templated":true}]}}