{"id":7298,"date":"2024-06-18T15:06:19","date_gmt":"2024-06-18T13:06:19","guid":{"rendered":"https:\/\/intercommerce.si\/izdelek\/wickelmaschine-mytho-s\/"},"modified":"2024-06-18T15:06:19","modified_gmt":"2024-06-18T13:06:19","slug":"wickelmaschine-mytho-s","status":"publish","type":"product","link":"https:\/\/intercommerce.si\/de\/produkt\/wickelmaschine-mytho-s\/","title":{"rendered":"Wickelmaschine MYTHO S"},"content":{"rendered":"<p><strong>Technische Daten der Maschine:<\/strong><\/p>\n<ul>\n<li>Durchmesser der Drehb\u00fchne: 1500 mm (Option: 1650 mm, 1800 mm, 2200 mm, 2400 mm, 2600 mm)<\/li>\n<li>Wickelh\u00f6he: 2450 mm (Option: bis zu 3500 mm)<\/li>\n<li>M\u00f6glichkeit der Auswahl eines Abwickelsystems:\n<ul>\n<li>\u00bbFM\u00ab \u2013 manuelle Bremse,<\/li>\n<li>\u00bbFE\u00ab \u2013 elektromagnetische Bremse,<\/li>\n<li>\u00bbOPRS\u00ab \u2013 motorisierte Vorreckung mit einem Motor (200%)<\/li>\n<li>\u00bbPRS\u00ab \u2013 motorisierter Pre-Stretch mit einem Motor (Pre-Stretch 150, 200 oder 250 %)<\/li>\n<li>\u00bbPS\u00ab \u2013 motorisierter, einstellbarer Pre-Stretch mit zwei Motoren (Pre-Stretch von 120 bis 400 %)<\/li>\n<\/ul>\n<\/li>\n<li>Anzahl der Programme: 99<\/li>\n<li>Maximale Lastgewicht: 2000 kg (Option: 3000 kg, FP- und LP-Version 1200 kg)<\/li>\n<li>Verschiedene Wickelzyklen (hoch\/runter, hoch, manuell)<\/li>\n<li>Einstellbare Dehnung und Spannung in verschiedenen Wickelschritten<\/li>\n<li>Bedienfeld: digital<\/li>\n<li>Automatische H\u00f6henerkennung mit Fotozelle (Option: Fotozelle f\u00fcr schwarze Objekte)<\/li>\n<li>Zus\u00e4tzliche Optionen (nach Vereinbarung):\n<ul>\n<li>\u00bbFP\u00ab Drehb\u00fchne (Plattform mit Aussparung f\u00fcr Handgabelstapler)<\/li>\n<li>Andruckplatte<\/li>\n<li>\u00bbLP\u00ab Ausf\u00fchrung \u2013 niedrigere Ausf\u00fchrung f\u00fcr leichtere Zufahrt<\/li>\n<li>Waage<\/li>\n<li>WIFI-Verbindung<\/li>\n<\/ul>\n<\/li>\n<li>Maschine mit CE-Zertifikat<\/li>\n<\/ul>\n","protected":false},"excerpt":{"rendered":"MYTHO S entstand aus dem Wunsch der Firma Atlanta Stretch, ihren halbautomatischen Wickelmaschinen ein Spitzenprodukt hinzuzuf\u00fcgen.\n\nDas neue Geh\u00e4use am Hubwerk und Motor, das diesem neuen Modell das Aussehen einer Designmaschine verleiht, verbirgt im Hintergrund ein Hubwerk mit verst\u00e4rkten F\u00fchrungen. LED-Dioden zeigen den aktuellen Status der Maschine an. \n\nDas Hauptmerkmal von Mytho S ist, dass es die einzige Wickelmaschine ist, die mit dem ARYA-System ausgestattet werden kann; eine neue patentierte Technologie, die einen vollautomatischen Wickelprozess erm\u00f6glicht. Mytho S stellt eine bahnbrechende Innovation in der Branche der halbautomatischen Stretch-Wickelmaschinen dar, da sie keinen Eingriff des Bedieners zum Anbringen der Folie an der Palette erfordert, einen vollautomatischen Zyklus ohne Verwendung von Druckluft und ohne mechanische M\u00f6glichkeiten ausf\u00fchrt, die dem Verschlei\u00df unterliegen. \n\nM\u00f6glichkeit der Auswahl aus den Schlitten FM, FE, PRS und PS, die auch nach dem Kauf ausgetauscht werden k\u00f6nnen, wenn sich die Bed\u00fcrfnisse des Kunden mit dem Wachstum des Unternehmens \u00e4ndern.\nDer PS mit zwei Motoren des Vorreckschlittens Mytho S garantiert den niedrigsten Folienverbrauch und die h\u00f6chste funktionale Zuverl\u00e4ssigkeit auf dem Markt der Wickelmaschinen.\n\nMytho S, ausgestattet mit PS-Schlitten und ARYA-System, ist die fortschrittlichste halbautomatische Wickelmaschine auf dem Markt.","protected":false},"featured_media":6490,"template":"","meta":{"_acf_changed":false,"inline_featured_image":false},"product_cat":[1813,1818,1829,1844],"product_tag":[],"class_list":{"0":"post-7298","1":"product","2":"type-product","3":"status-publish","4":"has-post-thumbnail","6":"product_cat-artikel","7":"product_cat-verpackungsmaschinen-und-gerate","8":"product_cat-maschinen","9":"product_cat-wickelmaschinen","11":"first","12":"instock","13":"product-type-simple"},"acf":[],"gallery_images":[6493,6496,6499,6502],"_links":{"self":[{"href":"https:\/\/intercommerce.si\/de\/wp-json\/wp\/v2\/product\/7298","targetHints":{"allow":["GET"]}}],"collection":[{"href":"https:\/\/intercommerce.si\/de\/wp-json\/wp\/v2\/product"}],"about":[{"href":"https:\/\/intercommerce.si\/de\/wp-json\/wp\/v2\/types\/product"}],"wp:featuredmedia":[{"embeddable":true,"href":"https:\/\/intercommerce.si\/de\/wp-json\/wp\/v2\/media\/6490"}],"wp:attachment":[{"href":"https:\/\/intercommerce.si\/de\/wp-json\/wp\/v2\/media?parent=7298"}],"wp:term":[{"taxonomy":"product_cat","embeddable":true,"href":"https:\/\/intercommerce.si\/de\/wp-json\/wp\/v2\/product_cat?post=7298"},{"taxonomy":"product_tag","embeddable":true,"href":"https:\/\/intercommerce.si\/de\/wp-json\/wp\/v2\/product_tag?post=7298"}],"curies":[{"name":"wp","href":"https:\/\/api.w.org\/{rel}","templated":true}]}}