{"id":7297,"date":"2024-06-18T15:06:19","date_gmt":"2024-06-18T13:06:19","guid":{"rendered":"https:\/\/intercommerce.si\/izdelek\/ballennetz\/"},"modified":"2024-06-18T15:06:19","modified_gmt":"2024-06-18T13:06:19","slug":"ballennetz","status":"publish","type":"product","link":"https:\/\/intercommerce.si\/de\/produkt\/ballennetz\/","title":{"rendered":"Ballennetz"},"content":{"rendered":"<p><strong>Eigenschaften des Agrarnetzes<\/strong><\/p>\n<ul>\n<li>Gew\u00e4hrleistet eine vollst\u00e4ndige und gleichm\u00e4\u00dfige Ballenumwicklung \u00fcber die gesamte Breite.<\/li>\n<li>Es ist mit allen Arten von Ballenpressen kompatibel.<\/li>\n<li>Geeignet f\u00fcr verschiedene Materialarten wie Heu, Stroh und Silage.<\/li>\n<li>Flexibilit\u00e4t und Haltbarkeit erm\u00f6glichen eine dichte Verpackung des Rohmaterials zur Lagerung.<\/li>\n<li>Reduziert Abfall bei der Ernte.<\/li>\n<li>Erm\u00f6glicht einen sicheren Transport des vorbereiteten Materials.<\/li>\n<\/ul>\n","protected":false},"excerpt":{"rendered":"Das Netz gew\u00e4hrleistet eine vollst\u00e4ndige und gleichm\u00e4\u00dfige Ballenumwicklung \u00fcber die gesamte Breite, was eine ausgezeichnete Abdeckung erm\u00f6glicht. Es ist mit allen Arten von Ballenpressen kompatibel und f\u00fcr verschiedene Materialarten wie Heu, Stroh oder Silage geeignet. Die Flexibilit\u00e4t und Haltbarkeit des Netzes erm\u00f6glichen eine dichte Verpackung des Rohmaterials zur Lagerung, reduzieren gleichzeitig Abfall bei der Ernte und gew\u00e4hrleisten einen sicheren Transport.  ","protected":false},"featured_media":6410,"template":"","meta":{"_acf_changed":false,"inline_featured_image":false},"product_cat":[1813,1823,1892],"product_tag":[],"class_list":{"0":"post-7297","1":"product","2":"type-product","3":"status-publish","4":"has-post-thumbnail","6":"product_cat-artikel","7":"product_cat-verpackungsmaterialien","8":"product_cat-agrarprogramm","10":"first","11":"instock","12":"product-type-simple"},"acf":[],"gallery_images":[6413],"_links":{"self":[{"href":"https:\/\/intercommerce.si\/de\/wp-json\/wp\/v2\/product\/7297","targetHints":{"allow":["GET"]}}],"collection":[{"href":"https:\/\/intercommerce.si\/de\/wp-json\/wp\/v2\/product"}],"about":[{"href":"https:\/\/intercommerce.si\/de\/wp-json\/wp\/v2\/types\/product"}],"wp:featuredmedia":[{"embeddable":true,"href":"https:\/\/intercommerce.si\/de\/wp-json\/wp\/v2\/media\/6410"}],"wp:attachment":[{"href":"https:\/\/intercommerce.si\/de\/wp-json\/wp\/v2\/media?parent=7297"}],"wp:term":[{"taxonomy":"product_cat","embeddable":true,"href":"https:\/\/intercommerce.si\/de\/wp-json\/wp\/v2\/product_cat?post=7297"},{"taxonomy":"product_tag","embeddable":true,"href":"https:\/\/intercommerce.si\/de\/wp-json\/wp\/v2\/product_tag?post=7297"}],"curies":[{"name":"wp","href":"https:\/\/api.w.org\/{rel}","templated":true}]}}