{"id":7296,"date":"2024-06-18T15:06:00","date_gmt":"2024-06-18T13:06:00","guid":{"rendered":"https:\/\/intercommerce.si\/izdelek\/spanner-fuer-metallklammern-fuer-metallband\/"},"modified":"2024-06-18T15:06:00","modified_gmt":"2024-06-18T13:06:00","slug":"spanner-fuer-metallklammern-fuer-metallband","status":"publish","type":"product","link":"https:\/\/intercommerce.si\/de\/produkt\/spanner-fuer-metallklammern-fuer-metallband\/","title":{"rendered":"Spanner f\u00fcr Metallklammern f\u00fcr Metallband"},"content":{"rendered":"<p>Eigenschaften des Spanners:<\/p>\n<ul>\n<li>F\u00fcr die manuelle Verbindung mit Stahlband sind erforderlich: Spanner, Klammerger\u00e4t, Schere und Klammern f\u00fcr Stahlband.<\/li>\n<li>Im Vergleich zu anderen Methoden ist dies zeitaufwendiger und eignet sich f\u00fcr diejenigen, die nur wenige Pakete pro Tag bzw. Woche verbinden.<\/li>\n<\/ul>\n<p>&nbsp;<\/p>\n","protected":false},"excerpt":{"rendered":"Die Zange ist zum Klammern von Metallband mit Metallklammern bestimmt. Sie muss je nach Bandbreite ausgew\u00e4hlt werden. Lieferbar f\u00fcr Breiten von 16, 19 und 32 mm.  ","protected":false},"featured_media":1960,"template":"","meta":{"_acf_changed":false,"inline_featured_image":false},"product_cat":[1813,1823,1831,1832,1833],"product_tag":[],"class_list":{"0":"post-7296","1":"product","2":"type-product","3":"status-publish","4":"has-post-thumbnail","6":"product_cat-artikel","7":"product_cat-verpackungsmaterialien","8":"product_cat-umreifungsbander","9":"product_cat-werkzeuge-und-zubehor-fur-umreifungsbander","10":"product_cat-manuelles-umreifungsgerat","12":"first","13":"instock","14":"product-type-simple"},"acf":[],"gallery_images":[1961],"_links":{"self":[{"href":"https:\/\/intercommerce.si\/de\/wp-json\/wp\/v2\/product\/7296","targetHints":{"allow":["GET"]}}],"collection":[{"href":"https:\/\/intercommerce.si\/de\/wp-json\/wp\/v2\/product"}],"about":[{"href":"https:\/\/intercommerce.si\/de\/wp-json\/wp\/v2\/types\/product"}],"wp:featuredmedia":[{"embeddable":true,"href":"https:\/\/intercommerce.si\/de\/wp-json\/wp\/v2\/media\/1960"}],"wp:attachment":[{"href":"https:\/\/intercommerce.si\/de\/wp-json\/wp\/v2\/media?parent=7296"}],"wp:term":[{"taxonomy":"product_cat","embeddable":true,"href":"https:\/\/intercommerce.si\/de\/wp-json\/wp\/v2\/product_cat?post=7296"},{"taxonomy":"product_tag","embeddable":true,"href":"https:\/\/intercommerce.si\/de\/wp-json\/wp\/v2\/product_tag?post=7296"}],"curies":[{"name":"wp","href":"https:\/\/api.w.org\/{rel}","templated":true}]}}