{"id":7295,"date":"2024-06-18T15:06:00","date_gmt":"2024-06-18T13:06:00","guid":{"rendered":"https:\/\/intercommerce.si\/izdelek\/akku-umreifungsgeraet-fuer-pp-und-pet-baender-2\/"},"modified":"2024-06-18T15:06:00","modified_gmt":"2024-06-18T13:06:00","slug":"akku-umreifungsgeraet-fuer-pp-und-pet-baender-2","status":"publish","type":"product","link":"https:\/\/intercommerce.si\/de\/produkt\/akku-umreifungsgeraet-fuer-pp-und-pet-baender-2\/","title":{"rendered":"Akku-Umreifungsger\u00e4t f\u00fcr PP- und PET-B\u00e4nder"},"content":{"rendered":"<p>Eigenschaften des Akku-Umreifungsger\u00e4ts:<\/p>\n<ul>\n<li>geeignet f\u00fcr PP- und PET-Umreifungsb\u00e4nder von 16-19 mm,<\/li>\n<li>spannt, verschwei\u00dft und schneidet das Band automatisch ab,<\/li>\n<li>leicht und sicher in der Anwendung,<\/li>\n<li>klammerlos.<\/li>\n<\/ul>\n<p>&nbsp;<\/p>\n<p>&nbsp;<\/p>\n","protected":false},"excerpt":{"rendered":"Das Akku-Umreifungsger\u00e4t wird zum Umreifen von PP- und PET-B\u00e4ndern verwendet. Es erm\u00f6glicht das automatische Spannen, Verschwei\u00dfen und Abschneiden des Bandes. Am Umreifungsger\u00e4t kann die Spannung und Schwei\u00dfzeit des Bandes manuell oder automatisch eingestellt werden.\nEs sind zwei Typen von Akku-Umreifungsger\u00e4ten erh\u00e4ltlich:\n\u2022 zum Umreifen von B\u00e4ndern mit einer Breite von 12 und 16 mm und einer Dicke von bis zu 1 mm,\n\u2022 zum Umreifen von B\u00e4ndern mit einer Breite von 19 mm und einer Dicke von bis zu 1,25 mm.  ","protected":false},"featured_media":5332,"template":"","meta":{"_acf_changed":false,"inline_featured_image":false},"product_cat":[1813,1823,1831,1832,1833],"product_tag":[],"class_list":{"0":"post-7295","1":"product","2":"type-product","3":"status-publish","4":"has-post-thumbnail","6":"product_cat-artikel","7":"product_cat-verpackungsmaterialien","8":"product_cat-umreifungsbander","9":"product_cat-werkzeuge-und-zubehor-fur-umreifungsbander","10":"product_cat-manuelles-umreifungsgerat","12":"first","13":"instock","14":"product-type-simple"},"acf":[],"gallery_images":[],"_links":{"self":[{"href":"https:\/\/intercommerce.si\/de\/wp-json\/wp\/v2\/product\/7295","targetHints":{"allow":["GET"]}}],"collection":[{"href":"https:\/\/intercommerce.si\/de\/wp-json\/wp\/v2\/product"}],"about":[{"href":"https:\/\/intercommerce.si\/de\/wp-json\/wp\/v2\/types\/product"}],"wp:featuredmedia":[{"embeddable":true,"href":"https:\/\/intercommerce.si\/de\/wp-json\/wp\/v2\/media\/5332"}],"wp:attachment":[{"href":"https:\/\/intercommerce.si\/de\/wp-json\/wp\/v2\/media?parent=7295"}],"wp:term":[{"taxonomy":"product_cat","embeddable":true,"href":"https:\/\/intercommerce.si\/de\/wp-json\/wp\/v2\/product_cat?post=7295"},{"taxonomy":"product_tag","embeddable":true,"href":"https:\/\/intercommerce.si\/de\/wp-json\/wp\/v2\/product_tag?post=7295"}],"curies":[{"name":"wp","href":"https:\/\/api.w.org\/{rel}","templated":true}]}}