{"id":7294,"date":"2024-06-18T15:06:24","date_gmt":"2024-06-18T13:06:24","guid":{"rendered":"https:\/\/intercommerce.si\/izdelek\/kartonierer-comarme-pp520-pp670\/"},"modified":"2024-06-18T15:06:24","modified_gmt":"2024-06-18T13:06:24","slug":"kartonierer-comarme-pp520-pp670","status":"publish","type":"product","link":"https:\/\/intercommerce.si\/de\/produkt\/kartonierer-comarme-pp520-pp670\/","title":{"rendered":"Kartonierer Comarme PP520 \/ PP670"},"content":{"rendered":"<p>AUTOMATISCHE KARTONAUFRICHTER<\/p>\n<p>Die Kartonierer PP520\/PP670 falten mit Unterst\u00fctzung des Bedieners automatisch die vier unteren Laschen eines RSC-Kartons. Innerhalb weniger Sekunden ist der Karton bereit, sodass der Bediener beide H\u00e4nde f\u00fcr die Produktplatzierung nutzen kann. Sobald der Karton gef\u00fcllt ist, dr\u00fcckt der Bediener einen Knopf, und die PP-Maschine transportiert den Karton automatisch zur Verschlie\u00dfmaschine, um Ober- und Unterseite zu verkleben. Die PP-Maschine kann mit der Gem 520\/670 verbunden werden, sodass die Kartons mithilfe motorisierter F\u00f6rderb\u00e4nder einfach zu den Abf\u00fclllinien transportiert werden k\u00f6nnen. Die Maschine ist mit 4 Rollen mit Bremsen ausgestattet.    <\/p>\n","protected":false},"excerpt":{"rendered":"Der halbautomatische Kartonaufrichter\nPP 520\/670 ist ein Kartonaufrichter, der mit Unterst\u00fctzung des Bedieners automatisch die vier unteren Laschen eines RSC-Kartons faltet. Innerhalb weniger Sekunden ist der Karton bereit, damit der Bediener ihn bef\u00fcllen kann, w\u00e4hrend die Maschine den Karton h\u00e4lt. Dadurch erm\u00f6glicht dieser halbautomatische Kartonaufrichter dem Bediener, beide H\u00e4nde f\u00fcr die Produktplatzierung im Karton zu nutzen.   \nDie maximale Kartongr\u00f6\u00dfe betr\u00e4gt 500x500x700 mm (Modell 520) oder 650x650x800 mm (Modell 670).","protected":false},"featured_media":2513,"template":"","meta":{"_acf_changed":false,"inline_featured_image":false},"product_cat":[1813,1818,1829,1845],"product_tag":[],"class_list":{"0":"post-7294","1":"product","2":"type-product","3":"status-publish","4":"has-post-thumbnail","6":"product_cat-artikel","7":"product_cat-verpackungsmaschinen-und-gerate","8":"product_cat-maschinen","9":"product_cat-kartonierer","11":"first","12":"instock","13":"product-type-simple"},"acf":[],"gallery_images":[2514],"_links":{"self":[{"href":"https:\/\/intercommerce.si\/de\/wp-json\/wp\/v2\/product\/7294","targetHints":{"allow":["GET"]}}],"collection":[{"href":"https:\/\/intercommerce.si\/de\/wp-json\/wp\/v2\/product"}],"about":[{"href":"https:\/\/intercommerce.si\/de\/wp-json\/wp\/v2\/types\/product"}],"wp:featuredmedia":[{"embeddable":true,"href":"https:\/\/intercommerce.si\/de\/wp-json\/wp\/v2\/media\/2513"}],"wp:attachment":[{"href":"https:\/\/intercommerce.si\/de\/wp-json\/wp\/v2\/media?parent=7294"}],"wp:term":[{"taxonomy":"product_cat","embeddable":true,"href":"https:\/\/intercommerce.si\/de\/wp-json\/wp\/v2\/product_cat?post=7294"},{"taxonomy":"product_tag","embeddable":true,"href":"https:\/\/intercommerce.si\/de\/wp-json\/wp\/v2\/product_tag?post=7294"}],"curies":[{"name":"wp","href":"https:\/\/api.w.org\/{rel}","templated":true}]}}