{"id":7293,"date":"2024-06-18T15:06:24","date_gmt":"2024-06-18T13:06:24","guid":{"rendered":"https:\/\/intercommerce.si\/izdelek\/vakuummaschinen-der-sl-serie\/"},"modified":"2024-06-18T15:06:24","modified_gmt":"2024-06-18T13:06:24","slug":"vakuummaschinen-der-sl-serie","status":"publish","type":"product","link":"https:\/\/intercommerce.si\/de\/produkt\/vakuummaschinen-der-sl-serie\/","title":{"rendered":"Vakuummaschinen der SL-Serie"},"content":{"rendered":"<p>Merkmale des Ger\u00e4ts:<br \/>\n\u2022 Verschwei\u00dfen und Schrumpfen in einem Arbeitsgang<br \/>\n\u2022 PTFE-beschichtetes Schwei\u00dfmesser<br \/>\n\u2022 H\u00f6henverstellung der inneren Verpackungsplatte<br \/>\n\u2022 Mobile Produktauflageplatte, getrennt von der Folienrollenhalterung, was eine bessere Anpassung der Folie an die Paketgr\u00f6\u00dfe erm\u00f6glicht<br \/>\n\u2022 Elektromagnet zum Halten des Deckels<br \/>\n\u2022 Automatische Deckelentriegelung<br \/>\n\u2022 Luftk\u00fchlung des Maschinengeh\u00e4uses<br \/>\n\u2022 Alphanumerisches LCD-Bedienfeld, ausgestattet mit 6 gespeicherten Arbeitsprogrammen und einer 16-Bit-Mikroprozessorkarte, das eine einfache und pr\u00e4zise Steuerung aller Maschinenfunktionen erm\u00f6glicht, wie zum Beispiel:<br \/>\n1. Maschinenstatus<br \/>\n2. Anzahl der produzierten Pakete mithilfe eines elektronischen Paket-Z\u00e4hlers<br \/>\n3. Einstellung der Schwei\u00dftemperatur<br \/>\n4. Einstellung der Schrumpfzeit<br \/>\n5. Einstellung der Schrumpfkammertemperatur<br \/>\n6. Einstellung der Schrumpfverz\u00f6gerung<br \/>\n7. Einstellung der Deckel\u00f6ffnungsverz\u00f6gerung<br \/>\n8. Fehlerbehebung<br \/>\n\u2022 Halbleiterrelais gew\u00e4hrleisten eine einfachere Wartung<br \/>\n\u2022 Reduzierter Energieverbrauch<br \/>\n\u2022 Konformit\u00e4t mit der CE-Verordnung<\/p>\n","protected":false},"excerpt":{"rendered":"Die SL-Verpackungsmaschinen mit L-Schwei\u00dfsystem eignen sich f\u00fcr Unternehmen, die Verpackungsl\u00f6sungen f\u00fcr geringe Produktionsmengen ben\u00f6tigen. Sie stellen die \u201eEinstiegsstufe\u201c der Verpackungsmaschinen dar. Die SL-Serie umfasst die Modelle 45 und 55 mit einer Kapazit\u00e4t von bis zu 300 Verpackungen\/Stunde.\nSie werden in folgenden Branchen eingesetzt:\nBackwaren, S\u00fc\u00dfwaren, Milchprodukte, Obst und Gem\u00fcse, Fisch, Fleisch, Eier, Druckindustrie, B\u00fcromaterial, Computerindustrie, W\u00e4schereien, Haushaltsprodukte, Spielzeug, Kosmetik, Pharmazeutika, Elektro- und Elektronikindustrie, Kunststoffe, Holz, Papier, Reinigungsmittel, Maschinenbau, Schmierstoffe, Koffer und Kartons, Regale, Logistik, Verpackungsdienstleister.  ","protected":false},"featured_media":5354,"template":"","meta":{"_acf_changed":false,"inline_featured_image":false},"product_cat":[1813,1818,1829,1871],"product_tag":[],"class_list":{"0":"post-7293","1":"product","2":"type-product","3":"status-publish","4":"has-post-thumbnail","6":"product_cat-artikel","7":"product_cat-verpackungsmaschinen-und-gerate","8":"product_cat-maschinen","9":"product_cat-maschinen-fur-die-vakuumverpackung","11":"first","12":"instock","13":"product-type-simple"},"acf":[],"gallery_images":[],"_links":{"self":[{"href":"https:\/\/intercommerce.si\/de\/wp-json\/wp\/v2\/product\/7293","targetHints":{"allow":["GET"]}}],"collection":[{"href":"https:\/\/intercommerce.si\/de\/wp-json\/wp\/v2\/product"}],"about":[{"href":"https:\/\/intercommerce.si\/de\/wp-json\/wp\/v2\/types\/product"}],"wp:featuredmedia":[{"embeddable":true,"href":"https:\/\/intercommerce.si\/de\/wp-json\/wp\/v2\/media\/5354"}],"wp:attachment":[{"href":"https:\/\/intercommerce.si\/de\/wp-json\/wp\/v2\/media?parent=7293"}],"wp:term":[{"taxonomy":"product_cat","embeddable":true,"href":"https:\/\/intercommerce.si\/de\/wp-json\/wp\/v2\/product_cat?post=7293"},{"taxonomy":"product_tag","embeddable":true,"href":"https:\/\/intercommerce.si\/de\/wp-json\/wp\/v2\/product_tag?post=7293"}],"curies":[{"name":"wp","href":"https:\/\/api.w.org\/{rel}","templated":true}]}}